{"id":9455,"date":"2021-03-05T11:59:29","date_gmt":"2021-03-05T10:59:29","guid":{"rendered":"https:\/\/www.lemuria.it\/?post_type=product&#038;p=9455"},"modified":"2022-01-07T18:36:18","modified_gmt":"2022-01-07T17:36:18","slug":"ficus-carica-gemmototale-100ml","status":"publish","type":"product","link":"https:\/\/lemuria.it\/fr\/produit\/ficus-carica-gemmototale-100ml\/","title":{"rendered":"FICUS CARICA GEMMOTOTAL 100ml"},"content":{"rendered":"<p><strong>GEMMO TOTALE<\/strong><\/p>\n<p><strong>INGR\u00c9DIENTS<\/strong><\/p>\n<p>Fruttosio, Acqua, Fico (Ficus carica L.) gemme 33%. Gemmototale: un\u2019esclusiva concezione del gemmoderivato.<\/p>\n<p>&nbsp;<\/p>\n<p><strong>CONSEILS D&#039;UTILISATION<\/strong><\/p>\n<p>Adulti: 20 gocce 3 volte al d\u00ec. Le gocce possono essere assunte tale quali direttamente in bocca o diluite in poco liquido.<\/p>\n<p>&nbsp;<\/p>\n<p><strong>EMBALLAGE:<br \/>\n<\/strong><\/p>\n<p>Flacone da\u00a0100 ml<\/p>","protected":false},"excerpt":{"rendered":"<p><strong>Ficus carica<br \/>\n<\/strong><\/p>\n<p>Gemmo Totale<\/p>\n<p><strong>EMBALLAGE:<br \/>\n<\/strong><\/p>\n<p>Flacone da\u00a0100 ml<\/p>\n<p><strong>PRIX:<\/strong><\/p>\n<p>\u20ac 24,00<\/p>\n<p>COMPL\u00c9MENT ALIMENTAIRE \u00c0 BASE DE PLANTES ET D\u00c9RIV\u00c9S<\/p>\n<p>Voir la fiche technique ci-dessous<\/p>","protected":false},"featured_media":9456,"comment_status":"open","ping_status":"closed","template":"","meta":{"_acf_changed":false},"product_cat":[79,62],"product_tag":[65,64,277],"acf":[],"_links":{"self":[{"href":"https:\/\/lemuria.it\/fr\/wp-json\/wp\/v2\/product\/9455"}],"collection":[{"href":"https:\/\/lemuria.it\/fr\/wp-json\/wp\/v2\/product"}],"about":[{"href":"https:\/\/lemuria.it\/fr\/wp-json\/wp\/v2\/types\/product"}],"replies":[{"embeddable":true,"href":"https:\/\/lemuria.it\/fr\/wp-json\/wp\/v2\/comments?post=9455"}],"wp:featuredmedia":[{"embeddable":true,"href":"https:\/\/lemuria.it\/fr\/wp-json\/wp\/v2\/media\/9456"}],"wp:attachment":[{"href":"https:\/\/lemuria.it\/fr\/wp-json\/wp\/v2\/media?parent=9455"}],"wp:term":[{"taxonomy":"product_cat","embeddable":true,"href":"https:\/\/lemuria.it\/fr\/wp-json\/wp\/v2\/product_cat?post=9455"},{"taxonomy":"product_tag","embeddable":true,"href":"https:\/\/lemuria.it\/fr\/wp-json\/wp\/v2\/product_tag?post=9455"}],"curies":[{"name":"wp","href":"https:\/\/api.w.org\/{rel}","templated":true}]}}