{"id":9453,"date":"2021-03-05T11:36:11","date_gmt":"2021-03-05T10:36:11","guid":{"rendered":"https:\/\/www.lemuria.it\/?post_type=product&#038;p=9453"},"modified":"2022-01-07T18:38:03","modified_gmt":"2022-01-07T17:38:03","slug":"e-t-rosa-canina-100ml","status":"publish","type":"product","link":"https:\/\/lemuria.it\/fr\/produit\/e-t-rosa-canina-100ml\/","title":{"rendered":"ET ROSE CANINA 100ml"},"content":{"rendered":"<p><strong>VALENCE PHYSIOLOGIQUE<\/strong><\/p>\n<p>I frutti di rosa canina favoriscono un\u2019azione di sostegno e ricostituente dell\u2019organismo.<\/p>\n<p>&nbsp;<\/p>\n<p><strong>INGR\u00c9DIENTS<\/strong><\/p>\n<p>Fruttosio, Acqua, Rosa Canina (Rosa canina L.). frutti, estratto (D:E=1=1). Trattasi di estratto totale 1:1 in fruttosio soluzione 70%.<\/p>\n<p>&nbsp;<\/p>\n<p><strong>CONSEILS D&#039;UTILISATION<\/strong><\/p>\n<p>Enfants \u00e0 partir de 12 ans : 10 gouttes 3 fois par jour. Enfants \u00e0 partir de 6 ans : 6 gouttes 3 fois par jour. Adultes : 20 gouttes 2\/3 fois par jour. Les gouttes peuvent \u00eatre prises telles quelles directement dans la bouche ou dilu\u00e9es dans un peu de liquide.<\/p>\n<p>&nbsp;<\/p>\n<p><strong>EMBALLAGE:<br \/>\n<\/strong><\/p>\n<p>Flacon de 100 ml<\/p>","protected":false},"excerpt":{"rendered":"<p><em><strong>Rosa canina (Rosa canina L.)<\/strong><\/em><\/p>\n<p>I frutti di rosa canina favoriscono un\u2019azione di sostegno e ricostituente dell\u2019organismo.<\/p>\n<p><strong>EMBALLAGE:<br \/>\n<\/strong><\/p>\n<p>Flacon de 100 ml<\/p>\n<p><strong>PRIX:<\/strong><\/p>\n<p>\u20ac 28,00<\/p>\n<p>COMPL\u00c9MENT ALIMENTAIRE \u00c0 BASE DE PLANTES ET D\u00c9RIV\u00c9S<\/p>\n<p>Voir la fiche technique ci-dessous<\/p>","protected":false},"featured_media":9454,"comment_status":"open","ping_status":"closed","template":"","meta":{"_acf_changed":false},"product_cat":[62,82,84,67],"product_tag":[65,64,125],"acf":[],"_links":{"self":[{"href":"https:\/\/lemuria.it\/fr\/wp-json\/wp\/v2\/product\/9453"}],"collection":[{"href":"https:\/\/lemuria.it\/fr\/wp-json\/wp\/v2\/product"}],"about":[{"href":"https:\/\/lemuria.it\/fr\/wp-json\/wp\/v2\/types\/product"}],"replies":[{"embeddable":true,"href":"https:\/\/lemuria.it\/fr\/wp-json\/wp\/v2\/comments?post=9453"}],"wp:featuredmedia":[{"embeddable":true,"href":"https:\/\/lemuria.it\/fr\/wp-json\/wp\/v2\/media\/9454"}],"wp:attachment":[{"href":"https:\/\/lemuria.it\/fr\/wp-json\/wp\/v2\/media?parent=9453"}],"wp:term":[{"taxonomy":"product_cat","embeddable":true,"href":"https:\/\/lemuria.it\/fr\/wp-json\/wp\/v2\/product_cat?post=9453"},{"taxonomy":"product_tag","embeddable":true,"href":"https:\/\/lemuria.it\/fr\/wp-json\/wp\/v2\/product_tag?post=9453"}],"curies":[{"name":"wp","href":"https:\/\/api.w.org\/{rel}","templated":true}]}}