{"id":9424,"date":"2020-10-07T16:39:46","date_gmt":"2020-10-07T14:39:46","guid":{"rendered":"https:\/\/www.lemuria.it\/?post_type=product&#038;p=9424"},"modified":"2022-01-07T18:44:46","modified_gmt":"2022-01-07T17:44:46","slug":"equilibre-e-evolution","status":"publish","type":"product","link":"https:\/\/lemuria.it\/fr\/produit\/equilibre-e-evolution\/","title":{"rendered":"\u00c9QUILIBRE\u00ae ET \u00c9VOLUTION"},"content":{"rendered":"<p><strong>INSICUREZZA, CAMBIAMENTI<\/strong><\/p>\n<p>Contains some flower essences as: Centaury, White Chesnut, Wild Rose<\/p>\n<p><strong>\u00a0<\/strong><\/p>\n<p><strong>INGR\u00c9DIENTS<\/strong><\/p>\n<p>Acqua, Fruttosio, estratto secco di Melissa (Melissa officinalis L.) radice 5%, Rhodiola (Sedum roseum L.) radice 5%, Macerati di Centaurea (Centaurium erythraea Rafn) fiori 0,21%, Castagno bianco (Aesculus Hippocastanum L.) fiori 0,21%, Rosa canina ( Rosa canina L.) fiori 0,21%.<\/p>\n<p><strong>CONSEILS D&#039;UTILISATION<\/strong><\/p>\n<p>6 gocce 4 volte al d\u00ec. Le gocce possono essere assunte tal quali direttamente in bocca o diluite in poca acqua.<\/p>\n<p><strong>EMBALLAGE<\/strong><\/p>\n<p>Quantit\u00e9 nette 30 ml<\/p>","protected":false},"excerpt":{"rendered":"<p><strong>INSICUREZZA, CAMBIAMENTI<\/strong><\/p>\n<p>Contains some flower essences as: Centaury, White Chesnut, Wild Rose<\/p>\n<p>Solution buvable en gouttes<\/p>\n<p><strong>EMBALLAGE:<\/strong><\/p>\n<p>Quantit\u00e9 nette 30 ml<\/p>\n<p><strong>PRIX:<\/strong><\/p>\n<p>\u20ac 16,00<\/p>\n<p>COMPL\u00c9MENT ALIMENTAIRE \u00c0 BASE DE PLANTES ET D\u00c9RIV\u00c9S<\/p>\n<p>Voir la fiche technique ci-dessous<\/p>","protected":false},"featured_media":9419,"comment_status":"closed","ping_status":"closed","template":"","meta":{"_acf_changed":false},"product_cat":[93,72,67],"product_tag":[330,145,146,329],"acf":[],"_links":{"self":[{"href":"https:\/\/lemuria.it\/fr\/wp-json\/wp\/v2\/product\/9424"}],"collection":[{"href":"https:\/\/lemuria.it\/fr\/wp-json\/wp\/v2\/product"}],"about":[{"href":"https:\/\/lemuria.it\/fr\/wp-json\/wp\/v2\/types\/product"}],"replies":[{"embeddable":true,"href":"https:\/\/lemuria.it\/fr\/wp-json\/wp\/v2\/comments?post=9424"}],"wp:featuredmedia":[{"embeddable":true,"href":"https:\/\/lemuria.it\/fr\/wp-json\/wp\/v2\/media\/9419"}],"wp:attachment":[{"href":"https:\/\/lemuria.it\/fr\/wp-json\/wp\/v2\/media?parent=9424"}],"wp:term":[{"taxonomy":"product_cat","embeddable":true,"href":"https:\/\/lemuria.it\/fr\/wp-json\/wp\/v2\/product_cat?post=9424"},{"taxonomy":"product_tag","embeddable":true,"href":"https:\/\/lemuria.it\/fr\/wp-json\/wp\/v2\/product_tag?post=9424"}],"curies":[{"name":"wp","href":"https:\/\/api.w.org\/{rel}","templated":true}]}}