{"id":9422,"date":"2020-10-07T16:20:46","date_gmt":"2020-10-07T14:20:46","guid":{"rendered":"https:\/\/www.lemuria.it\/?post_type=product&#038;p=9422"},"modified":"2022-01-07T18:46:11","modified_gmt":"2022-01-07T17:46:11","slug":"equilibre-d-shelter","status":"publish","type":"product","link":"https:\/\/lemuria.it\/fr\/produit\/equilibre-d-shelter\/","title":{"rendered":"ABRI EQUILIBRE\u00ae D"},"content":{"rendered":"<p><strong>PROTEZIONE, IRRITABILITA\u2019<\/strong><\/p>\n<p>Contains some flower essences as: Crab Apple, White Chesnut, Wild Rose<\/p>\n<p><strong>\u00a0<\/strong><strong>INGR\u00c9DIENTS<\/strong><\/p>\n<p>Acqua, Fruttosio, estratto secco di Lapacho (Handroanthus impetiginosus Mart. Ex DC Mattos.) corteccia 5%, Dioscorea (Dioscorea polystachya Turcz syn Dioscorea batatas Decne) radice 5%, Macerati di Melo selvatico (Malus pumila Mill.) fiori 0,21%, Castagno bianco (Aesculus Hippocastanum L.) fiori 0,21%, Rosa canina ( Rosa canina L.) fiori 0,21%.<\/p>\n<p><strong>CONSEILS D&#039;UTILISATION<\/strong><\/p>\n<p>6 gocce 4 volte al d\u00ec. Le gocce possono essere assunte tal quali direttamente in bocca o diluite in poca acqua.<\/p>\n<p><strong>EMBALLAGE<\/strong><\/p>\n<p>Quantit\u00e9 nette 30 ml<\/p>","protected":false},"excerpt":{"rendered":"<p><strong>PROTEZIONE, IRRITABILITA\u2019 <\/strong><\/p>\n<p>Contains some flower essences as: Crab Apple, White Chesnut, Wild Rose<\/p>\n<p>Solution buvable en gouttes<\/p>\n<p><strong>EMBALLAGE:<\/strong><\/p>\n<p>Quantit\u00e9 nette 30 ml<\/p>\n<p><strong>PRIX:<\/strong><\/p>\n<p>\u20ac 16,00<\/p>\n<p>COMPL\u00c9MENT ALIMENTAIRE \u00c0 BASE DE PLANTES ET D\u00c9RIV\u00c9S<\/p>\n<p>Voir la fiche technique ci-dessous<\/p>","protected":false},"featured_media":9418,"comment_status":"closed","ping_status":"closed","template":"","meta":{"_acf_changed":false},"product_cat":[93,72,67],"product_tag":[145,146,328,327],"acf":[],"_links":{"self":[{"href":"https:\/\/lemuria.it\/fr\/wp-json\/wp\/v2\/product\/9422"}],"collection":[{"href":"https:\/\/lemuria.it\/fr\/wp-json\/wp\/v2\/product"}],"about":[{"href":"https:\/\/lemuria.it\/fr\/wp-json\/wp\/v2\/types\/product"}],"replies":[{"embeddable":true,"href":"https:\/\/lemuria.it\/fr\/wp-json\/wp\/v2\/comments?post=9422"}],"wp:featuredmedia":[{"embeddable":true,"href":"https:\/\/lemuria.it\/fr\/wp-json\/wp\/v2\/media\/9418"}],"wp:attachment":[{"href":"https:\/\/lemuria.it\/fr\/wp-json\/wp\/v2\/media?parent=9422"}],"wp:term":[{"taxonomy":"product_cat","embeddable":true,"href":"https:\/\/lemuria.it\/fr\/wp-json\/wp\/v2\/product_cat?post=9422"},{"taxonomy":"product_tag","embeddable":true,"href":"https:\/\/lemuria.it\/fr\/wp-json\/wp\/v2\/product_tag?post=9422"}],"curies":[{"name":"wp","href":"https:\/\/api.w.org\/{rel}","templated":true}]}}