{"id":9416,"date":"2020-10-07T12:59:37","date_gmt":"2020-10-07T10:59:37","guid":{"rendered":"https:\/\/www.lemuria.it\/?post_type=product&#038;p=9416"},"modified":"2022-01-07T18:49:44","modified_gmt":"2022-01-07T17:49:44","slug":"equilibre-c","status":"publish","type":"product","link":"https:\/\/lemuria.it\/fr\/produit\/equilibre-c\/","title":{"rendered":"EQUILIBRE\u00ae C JEUNE"},"content":{"rendered":"<p><strong>ADOLESCENZA, CONFLITTUALITA\u2019<\/strong><\/p>\n<p>Contains some flower essences as: Chesnut Bud, Heather, Wild Rose<\/p>\n<p><strong>\u00a0<\/strong><strong>INGR\u00c9DIENTS<\/strong><\/p>\n<p>Acqua, Fruttosio, estratto secco di Boswellia (Boswellia serrata Roxb.) resina 5%, Maca (Lepidium meyenii Walp) radice 5%, Macerati di Ipposcastano (Aesculus hippocastanum L.) fiori 0,21%, Erica (Caluna vulgaris (L.) Hull fiori 0,21%, Rosa canina ( Rosa canina L.) fiori 0,21%.<\/p>\n<p><strong>CONSEILS D&#039;UTILISATION<\/strong><\/p>\n<p>6 gocce 4 volte al d\u00ec. Le gocce possono essere assunte tal quali direttamente in bocca o diluite in poca acqua.<\/p>\n<p><strong>EMBALLAGE<\/strong><\/p>\n<p>Quantit\u00e9 nette 30 ml<\/p>","protected":false},"excerpt":{"rendered":"<p><strong>ADOLESCENZA, CONFLITTUALITA\u2019<\/strong><\/p>\n<p>Contains some flower essences as: Chesnut Bud, Heather, Wild Rose<\/p>\n<p>Solution buvable en gouttes<\/p>\n<p><strong>EMBALLAGE:<\/strong><\/p>\n<p>Quantit\u00e9 nette 30 ml<\/p>\n<p><strong>PRIX:<\/strong><\/p>\n<p>\u20ac 16,00<\/p>\n<p>COMPL\u00c9MENT ALIMENTAIRE \u00c0 BASE DE PLANTES ET D\u00c9RIV\u00c9S<\/p>\n<p>Voir la fiche technique ci-dessous<\/p>","protected":false},"featured_media":9417,"comment_status":"closed","ping_status":"closed","template":"","meta":{"_acf_changed":false},"product_cat":[93,72,67],"product_tag":[325,326,145,146],"acf":[],"_links":{"self":[{"href":"https:\/\/lemuria.it\/fr\/wp-json\/wp\/v2\/product\/9416"}],"collection":[{"href":"https:\/\/lemuria.it\/fr\/wp-json\/wp\/v2\/product"}],"about":[{"href":"https:\/\/lemuria.it\/fr\/wp-json\/wp\/v2\/types\/product"}],"replies":[{"embeddable":true,"href":"https:\/\/lemuria.it\/fr\/wp-json\/wp\/v2\/comments?post=9416"}],"wp:featuredmedia":[{"embeddable":true,"href":"https:\/\/lemuria.it\/fr\/wp-json\/wp\/v2\/media\/9417"}],"wp:attachment":[{"href":"https:\/\/lemuria.it\/fr\/wp-json\/wp\/v2\/media?parent=9416"}],"wp:term":[{"taxonomy":"product_cat","embeddable":true,"href":"https:\/\/lemuria.it\/fr\/wp-json\/wp\/v2\/product_cat?post=9416"},{"taxonomy":"product_tag","embeddable":true,"href":"https:\/\/lemuria.it\/fr\/wp-json\/wp\/v2\/product_tag?post=9416"}],"curies":[{"name":"wp","href":"https:\/\/api.w.org\/{rel}","templated":true}]}}