{"id":9085,"date":"2018-02-26T18:39:11","date_gmt":"2018-02-26T17:39:11","guid":{"rendered":"https:\/\/www.lemuria.it\/?post_type=product&#038;p=9085"},"modified":"2022-01-07T18:51:09","modified_gmt":"2022-01-07T17:51:09","slug":"e-t-curcuma","status":"publish","type":"product","link":"https:\/\/lemuria.it\/fr\/produit\/e-t-curcuma\/","title":{"rendered":"ET CURCUMA"},"content":{"rendered":"<p><strong>VALENCE PHYSIOLOGIQUE<\/strong><\/p>\n<p>Il rizoma di curcuma favorisce la funzione articolare, ha inoltre attivit\u00e0 antiossidante. In caso di alterazione della funzione epatica, biliare o di calcolosi delle vie biliari, l\u2019uso del prodotto \u00e8 sconsigliato. Se si stanno assumendo farmaci \u00e8 opportuno sentire il medico.<\/p>\n<p>&nbsp;<\/p>\n<p><strong>INGR\u00c9DIENTS<\/strong><\/p>\n<p>Fruttosio, Acqua, Curcuma (Curcuma longa L.), rizoma, estratto (D:E=1=1). Trattasi di estratto totale 1:1 in fruttosio soluzione 70%.<\/p>\n<p>&nbsp;<\/p>\n<p><strong>CONSEILS D&#039;UTILISATION<\/strong><\/p>\n<p>Per un corretto uso si consiglia di assumere 60 gocce al giorno, dopo i pasti. Il prodotto pu\u00f2 essere assunto tal quale oppure diluito in acqua.<\/p>\n<p>&nbsp;<\/p>\n<p><strong>EMBALLAGE:<\/strong><\/p>\n<p>Flacon de 30 ml<\/p>","protected":false},"excerpt":{"rendered":"<p><strong>Curcuma (Curcuma longa L.)<\/strong><\/p>\n<p>Il rizoma di curcuma favorisce la funzione articolare, ha inoltre attivit\u00e0 antiossidante. In caso di alterazione della funzione epatica, biliare o di calcolosi delle vie biliari, l\u2019uso del prodotto \u00e8 sconsigliato. Se si stanno assumendo farmaci \u00e8 opportuno sentire il medico<\/p>\n<p><strong>EMBALLAGE:<\/strong><\/p>\n<p>Flacon de 30 ml<\/p>\n<p><strong>PRIX:<\/strong><\/p>\n<p>\u20ac 17,00<\/p>\n<p>COMPL\u00c9MENT ALIMENTAIRE \u00c0 BASE DE PLANTES ET D\u00c9RIV\u00c9S<\/p>\n<p>Voir la fiche technique ci-dessous<\/p>","protected":false},"featured_media":9087,"comment_status":"open","ping_status":"closed","template":"","meta":{"_acf_changed":false},"product_cat":[91,79,62,290],"product_tag":[303,65,64],"acf":[],"_links":{"self":[{"href":"https:\/\/lemuria.it\/fr\/wp-json\/wp\/v2\/product\/9085"}],"collection":[{"href":"https:\/\/lemuria.it\/fr\/wp-json\/wp\/v2\/product"}],"about":[{"href":"https:\/\/lemuria.it\/fr\/wp-json\/wp\/v2\/types\/product"}],"replies":[{"embeddable":true,"href":"https:\/\/lemuria.it\/fr\/wp-json\/wp\/v2\/comments?post=9085"}],"wp:featuredmedia":[{"embeddable":true,"href":"https:\/\/lemuria.it\/fr\/wp-json\/wp\/v2\/media\/9087"}],"wp:attachment":[{"href":"https:\/\/lemuria.it\/fr\/wp-json\/wp\/v2\/media?parent=9085"}],"wp:term":[{"taxonomy":"product_cat","embeddable":true,"href":"https:\/\/lemuria.it\/fr\/wp-json\/wp\/v2\/product_cat?post=9085"},{"taxonomy":"product_tag","embeddable":true,"href":"https:\/\/lemuria.it\/fr\/wp-json\/wp\/v2\/product_tag?post=9085"}],"curies":[{"name":"wp","href":"https:\/\/api.w.org\/{rel}","templated":true}]}}