{"id":8940,"date":"2016-04-11T18:44:52","date_gmt":"2016-04-11T16:44:52","guid":{"rendered":"https:\/\/www.lemuria.it\/?post_type=product&#038;p=8940"},"modified":"2022-01-07T19:00:15","modified_gmt":"2022-01-07T18:00:15","slug":"lady-in-venlem","status":"publish","type":"product","link":"https:\/\/lemuria.it\/fr\/produit\/lady-in-venlem\/","title":{"rendered":"DAME DU VENDREDI"},"content":{"rendered":"<p><strong>VALENCE PHYSIOLOGIQUE<\/strong><\/p>\n<p>Le rhizome du petit balai, les fruits du bleuet et les feuilles de vigne rouge favorisent la fonctionnalit\u00e9 de la microcirculation (lourdeur dans les jambes).<\/p>\n<p><strong>\u00a0INGR\u00c9DIENTS<\/strong><\/p>\n<p>Fruttosio, Acqua depurata, Rusco (Ruscus aculeatus L.) rizoma estratto acquoso 15%, Rusco (Ruscus aculeatus L.) rizoma est. sec. 15%, Cardo mariano (Silybum marianum L. Gaertn.) frutti est. sec. 2%, Mirtillo (Vaccinium myrtillus L.) frutti est. sec. 2%, Ananas (Ananas comosus L. Merr.) gambo est. sec. 2%, Vite rossa (Vitis vinifera L.) foglie estratto 2%, Maltodestrina, Conservante: potassio sorbato.<\/p>\n<p><strong>\u00a0CONSEILS D&#039;UTILISATION<\/strong><\/p>\n<p>assumere 1 o 2 cucchiaini da t\u00e9 diluiti in acqua, 2 volte al giorno.<\/p>\n<p><strong>EMBALLAGE:<br \/>\n<\/strong><\/p>\n<p>Flacon de 200 ml<\/p>","protected":false},"excerpt":{"rendered":"<p><strong>UTILE PER LA CIRCOLAZIONE VENOSA<\/strong><\/p>\n<p>Le rhizome du petit balai, les fruits du bleuet et les feuilles de vigne rouge favorisent la fonctionnalit\u00e9 de la microcirculation (lourdeur dans les jambes).<\/p>\n<p><strong>EMBALLAGE:<br \/>\n<\/strong><\/p>\n<p>Flacon de 200 ml<\/p>\n<p><strong>PRIX:<br \/>\n<\/strong><\/p>\n<p>\u20ac 16,50<\/p>\n<p>COMPL\u00c9MENT ALIMENTAIRE \u00c0 BASE DE PLANTES ET D\u00c9RIV\u00c9S<\/p>\n<p>&nbsp;<\/p>\n<p>Voir la fiche technique ci-dessous<\/p>","protected":false},"featured_media":8941,"comment_status":"open","ping_status":"closed","template":"","meta":{"_acf_changed":false},"product_cat":[78,99,305],"product_tag":[213,301],"acf":[],"_links":{"self":[{"href":"https:\/\/lemuria.it\/fr\/wp-json\/wp\/v2\/product\/8940"}],"collection":[{"href":"https:\/\/lemuria.it\/fr\/wp-json\/wp\/v2\/product"}],"about":[{"href":"https:\/\/lemuria.it\/fr\/wp-json\/wp\/v2\/types\/product"}],"replies":[{"embeddable":true,"href":"https:\/\/lemuria.it\/fr\/wp-json\/wp\/v2\/comments?post=8940"}],"wp:featuredmedia":[{"embeddable":true,"href":"https:\/\/lemuria.it\/fr\/wp-json\/wp\/v2\/media\/8941"}],"wp:attachment":[{"href":"https:\/\/lemuria.it\/fr\/wp-json\/wp\/v2\/media?parent=8940"}],"wp:term":[{"taxonomy":"product_cat","embeddable":true,"href":"https:\/\/lemuria.it\/fr\/wp-json\/wp\/v2\/product_cat?post=8940"},{"taxonomy":"product_tag","embeddable":true,"href":"https:\/\/lemuria.it\/fr\/wp-json\/wp\/v2\/product_tag?post=8940"}],"curies":[{"name":"wp","href":"https:\/\/api.w.org\/{rel}","templated":true}]}}