{"id":8937,"date":"2016-04-11T18:34:22","date_gmt":"2016-04-11T16:34:22","guid":{"rendered":"https:\/\/www.lemuria.it\/?post_type=product&#038;p=8937"},"modified":"2022-01-07T19:02:08","modified_gmt":"2022-01-07T18:02:08","slug":"lady-in-cystilem","status":"publish","type":"product","link":"https:\/\/lemuria.it\/fr\/produit\/dame-en-cystilem\/","title":{"rendered":"DAME EN CYSTIL\u00c8ME"},"content":{"rendered":"<p><strong>VALENCE PHYSIOLOGIQUE<\/strong><\/p>\n<p>Le foglie di uva ursina e di ortica, i frutti di cranberry e l\u2019erba fiorita di solidago favoriscono la funzionalit\u00e0 delle vie urinarie e il drenaggio dei liquidi corporei.<\/p>\n<p><strong>\u00a0INGR\u00c9DIENTS<\/strong><\/p>\n<p>Uva ursina (Arctostaphylos uva-ursi (L.) Spreng.) foglie e.s. tit. al 10% in arbutina, Cranberry (Vaccinium macrocarpum Aiton) frutto e.s. tit. al 36% in proantocianidine, Capsula di gelatina vegetale (idrossipropilmetilcellulosa), Solidago (Solidago virgaurea L.)erba fiorita e.s. tit. allo 0,5% in flavonoidi, Ortica (Urtica dioica L.) foglie e.s. tit. al 2% in silice, maltodestrina, Agenti antiagglomeranti: biossido di silicio e magnesio stearato.<\/p>\n<p><strong>\u00a0CONSEILS D&#039;UTILISATION<\/strong><\/p>\n<p>Per un corretto uso si consiglia di assumere 3 capsule al giorno, con abbondante acqua.<\/p>\n<p><strong>EMBALLAGE:<br \/>\n<\/strong><\/p>\n<p>Flacone da 60 capsule<\/p>","protected":false},"excerpt":{"rendered":"<p><strong>UTILE PER LA FUNZIONALIT\u00c0 DELLE VIE URINARIE<\/strong><\/p>\n<p>Le foglie di uva ursina e di ortica, i frutti di cranberry e l\u2019erba fiorita di solidago favoriscono la funzionalit\u00e0 delle vie urinarie e il drenaggio dei liquidi corporei.<\/p>\n<p><strong>EMBALLAGE:<br \/>\n<\/strong><\/p>\n<p>Flacone da 60 capsule<\/p>\n<p><strong>PRIX:<br \/>\n<\/strong><\/p>\n<p>\u20ac 18,50<\/p>\n<p>COMPL\u00c9MENT ALIMENTAIRE \u00c0 BASE DE PLANTES ET D\u00c9RIV\u00c9S<\/p>\n<p>&nbsp;<\/p>\n<p>Voir la fiche technique ci-dessous<\/p>","protected":false},"featured_media":8938,"comment_status":"open","ping_status":"closed","template":"","meta":{"_acf_changed":false},"product_cat":[87,99,67,289],"product_tag":[300,213],"acf":[],"_links":{"self":[{"href":"https:\/\/lemuria.it\/fr\/wp-json\/wp\/v2\/product\/8937"}],"collection":[{"href":"https:\/\/lemuria.it\/fr\/wp-json\/wp\/v2\/product"}],"about":[{"href":"https:\/\/lemuria.it\/fr\/wp-json\/wp\/v2\/types\/product"}],"replies":[{"embeddable":true,"href":"https:\/\/lemuria.it\/fr\/wp-json\/wp\/v2\/comments?post=8937"}],"wp:featuredmedia":[{"embeddable":true,"href":"https:\/\/lemuria.it\/fr\/wp-json\/wp\/v2\/media\/8938"}],"wp:attachment":[{"href":"https:\/\/lemuria.it\/fr\/wp-json\/wp\/v2\/media?parent=8937"}],"wp:term":[{"taxonomy":"product_cat","embeddable":true,"href":"https:\/\/lemuria.it\/fr\/wp-json\/wp\/v2\/product_cat?post=8937"},{"taxonomy":"product_tag","embeddable":true,"href":"https:\/\/lemuria.it\/fr\/wp-json\/wp\/v2\/product_tag?post=8937"}],"curies":[{"name":"wp","href":"https:\/\/api.w.org\/{rel}","templated":true}]}}