{"id":8934,"date":"2016-04-11T18:25:40","date_gmt":"2016-04-11T16:25:40","guid":{"rendered":"https:\/\/www.lemuria.it\/?post_type=product&#038;p=8934"},"modified":"2022-01-07T19:05:40","modified_gmt":"2022-01-07T18:05:40","slug":"lady-in-pellelem","status":"publish","type":"product","link":"https:\/\/lemuria.it\/fr\/produit\/dame-en-cuirlem\/","title":{"rendered":"DAME EN CUIR"},"content":{"rendered":"<p><strong>VALENCE PHYSIOLOGIQUE<\/strong><\/p>\n<p>L\u2019erba fiorita di viola e la radice di bardana favoriscono le funzioni depurative dell\u2019organismo ed il benessere della pelle.<\/p>\n<p><strong>\u00a0INGR\u00c9DIENTS<\/strong><\/p>\n<p>Acqua, fruttosio, Viola (Viola tricolor L.) erba fiorita e.s. D\/E 4:1, Bardana (Arctium lappa L.) radice e.s. tit. al 2% in inulina, Betulla (Betula pendula Roth.) foglie e.s. tit. al 2,5% in iperoside, T\u00e8 verde (Camellia sinesis (L.) Kuntze) foglie e.s. tit. al 20% in polifenoli e al 5% in caffeina, Cardo mariano (Silybum marianum Gaertn.) frutti e.s. tit. al 2% in silimarina, Aroma, Acidificante: acido citrico, Conservanti: potassio sorbato e sodio benzoato.<\/p>\n<p><strong>\u00a0CONSEILS D&#039;UTILISATION<\/strong><\/p>\n<p>Per un corretto uso si consiglia di assumere 10 o 20 ml di prodotto al giorno. Il prodotto pu\u00f2 essere assunto tal quale oppure diluito in acqua.<\/p>\n<p><strong>EMBALLAGE:<br \/>\n<\/strong><\/p>\n<p>Flacon de 200 ml<\/p>","protected":false},"excerpt":{"rendered":"<p><strong>FAVORISCE LA DEPURAZIONE E IL BENESSERE DELLA PELLE<\/strong><\/p>\n<p>L\u2019erba fiorita di viola e la radice di bardana favoriscono le funzioni depurative dell\u2019organismo ed il benessere della pelle.<\/p>\n<p><strong>EMBALLAGE:<br \/>\n<\/strong><\/p>\n<p>Flacon de 200 ml<\/p>\n<p><strong>PRIX:<br \/>\n<\/strong><\/p>\n<p>\u20ac 17,50<\/p>\n<p>COMPL\u00c9MENT ALIMENTAIRE \u00c0 BASE DE PLANTES ET D\u00c9RIV\u00c9S<\/p>\n<p>&nbsp;<\/p>\n<p>Voir la fiche technique ci-dessous<\/p>","protected":false},"featured_media":8935,"comment_status":"open","ping_status":"closed","template":"","meta":{"_acf_changed":false},"product_cat":[81,99,92,67],"product_tag":[213,299],"acf":[],"_links":{"self":[{"href":"https:\/\/lemuria.it\/fr\/wp-json\/wp\/v2\/product\/8934"}],"collection":[{"href":"https:\/\/lemuria.it\/fr\/wp-json\/wp\/v2\/product"}],"about":[{"href":"https:\/\/lemuria.it\/fr\/wp-json\/wp\/v2\/types\/product"}],"replies":[{"embeddable":true,"href":"https:\/\/lemuria.it\/fr\/wp-json\/wp\/v2\/comments?post=8934"}],"wp:featuredmedia":[{"embeddable":true,"href":"https:\/\/lemuria.it\/fr\/wp-json\/wp\/v2\/media\/8935"}],"wp:attachment":[{"href":"https:\/\/lemuria.it\/fr\/wp-json\/wp\/v2\/media?parent=8934"}],"wp:term":[{"taxonomy":"product_cat","embeddable":true,"href":"https:\/\/lemuria.it\/fr\/wp-json\/wp\/v2\/product_cat?post=8934"},{"taxonomy":"product_tag","embeddable":true,"href":"https:\/\/lemuria.it\/fr\/wp-json\/wp\/v2\/product_tag?post=8934"}],"curies":[{"name":"wp","href":"https:\/\/api.w.org\/{rel}","templated":true}]}}