{"id":8931,"date":"2016-04-11T18:15:08","date_gmt":"2016-04-11T16:15:08","guid":{"rendered":"https:\/\/www.lemuria.it\/?post_type=product&#038;p=8931"},"modified":"2022-01-07T19:07:30","modified_gmt":"2022-01-07T18:07:30","slug":"lady-in-ciclolem","status":"publish","type":"product","link":"https:\/\/lemuria.it\/fr\/produit\/dame-en-cyclolem\/","title":{"rendered":"DAME EN CYCLOLEM"},"content":{"rendered":"<p><strong>VALENCE PHYSIOLOGIQUE<\/strong><\/p>\n<p>Il rizoma di zenzero, i frutti di finocchio e di agnocasto sono utili nel contrasto dei disturbi del ciclo mestruale.<\/p>\n<p><strong>\u00a0INGR\u00c9DIENTS<\/strong><\/p>\n<p>Finocchio (Foeniculum vulgare Mill) frutto e.s. tit allo 1% in olio essenziale, Capsula di gelatina vegetale (Idrossipropilmetilcellulosa), Zenzero (Zingiber officinalis Roscoe) rizoma e.s. tit. al 5% in gingeroli, Melissa (Melissa officinalis L.) foglie e.s. tit. al 4% in acido rosmarinico, maltodestrina, Agenti di carica: cellulosa e calcio fosfato, Agnocasto (Vitex agnus- castus L.) frutto e.s. tit. al 0,5% in agnuside, Agenti antiagglomeranti: biossido di silicio e magnesio stearato.<\/p>\n<p><strong>\u00a0CONSEILS D&#039;UTILISATION<\/strong><\/p>\n<p>Per un corretto uso si consiglia di assumere da 1 a 3 capsule al giorno, con abbondante acqua.<\/p>\n<p><strong>EMBALLAGE:<br \/>\n<\/strong><\/p>\n<p>Flacone da 60 capsule<\/p>","protected":false},"excerpt":{"rendered":"<p><strong>UTILE PER I DISTURBI DEL CICLO MESTRUALE<\/strong><\/p>\n<p>Il rizoma di zenzero, i frutti di finocchio e di agnocasto sono utili nel contrasto dei disturbi del ciclo mestruale.<\/p>\n<p><strong>EMBALLAGE:<br \/>\n<\/strong><\/p>\n<p>Flacone da 60 capsule<\/p>\n<p><strong>PRIX:<br \/>\n<\/strong><\/p>\n<p>\u20ac 18,50<\/p>\n<p>COMPL\u00c9MENT ALIMENTAIRE \u00c0 BASE DE PLANTES ET D\u00c9RIV\u00c9S<\/p>\n<p>&nbsp;<\/p>\n<p>Voir la fiche technique ci-dessous<\/p>","protected":false},"featured_media":8932,"comment_status":"open","ping_status":"closed","template":"","meta":{"_acf_changed":false},"product_cat":[294,87,99,67],"product_tag":[297,298,213],"acf":[],"_links":{"self":[{"href":"https:\/\/lemuria.it\/fr\/wp-json\/wp\/v2\/product\/8931"}],"collection":[{"href":"https:\/\/lemuria.it\/fr\/wp-json\/wp\/v2\/product"}],"about":[{"href":"https:\/\/lemuria.it\/fr\/wp-json\/wp\/v2\/types\/product"}],"replies":[{"embeddable":true,"href":"https:\/\/lemuria.it\/fr\/wp-json\/wp\/v2\/comments?post=8931"}],"wp:featuredmedia":[{"embeddable":true,"href":"https:\/\/lemuria.it\/fr\/wp-json\/wp\/v2\/media\/8932"}],"wp:attachment":[{"href":"https:\/\/lemuria.it\/fr\/wp-json\/wp\/v2\/media?parent=8931"}],"wp:term":[{"taxonomy":"product_cat","embeddable":true,"href":"https:\/\/lemuria.it\/fr\/wp-json\/wp\/v2\/product_cat?post=8931"},{"taxonomy":"product_tag","embeddable":true,"href":"https:\/\/lemuria.it\/fr\/wp-json\/wp\/v2\/product_tag?post=8931"}],"curies":[{"name":"wp","href":"https:\/\/api.w.org\/{rel}","templated":true}]}}