{"id":8784,"date":"2015-07-15T16:07:27","date_gmt":"2015-07-15T14:07:27","guid":{"rendered":"https:\/\/www.lemuria.it\/product\/quilia-gocce-copy\/"},"modified":"2022-01-07T19:33:17","modified_gmt":"2022-01-07T18:33:17","slug":"quilia-gocce-copy","status":"publish","type":"product","link":"https:\/\/lemuria.it\/fr\/produit\/quilia-laisse-tomber-une-copie\/","title":{"rendered":"GOUTTES DE QUILIA"},"content":{"rendered":"<p><strong>VALENCE PHYSIOLOGIQUE<\/strong><\/p>\n<p>Les fleurs de lavande, les c\u00f4nes de houblon et l&#039;herbe Escolzia favorisent la relaxation et le sommeil en cas de stress.<\/p>\n<p>&nbsp;<\/p>\n<p>&nbsp;<\/p>\n<p><strong>INGR\u00c9DIENTS<\/strong><\/p>\n<p>Fructose, eau, extrait de : Fleurs d&#039;onagre (Primula officinalis Hill L.) 40%, Fleurs de lavande (Lavandula officinalis Chaix) 15%, Houblon (Humulus lupulus L.) c\u00f4nes femelles 15%, Fleurs de camomille (Matricaria chamomilla L.) 15%, M\u00e9lisse ( Melissa officinalis L.) laisse 10%, Eschscholzia (Eschscholzia californica Cham.) herbe 5%. Il s&#039;agit d&#039;un extrait total 1:1 dans une solution de fructose avec 70%.<\/p>\n<p>&nbsp;<\/p>\n<p><strong>CONSEILS D&#039;UTILISATION<\/strong><\/p>\n<p>Adultes : 20 gouttes 3 fois par jour. Les gouttes peuvent \u00eatre prises telles quelles directement dans la bouche ou dilu\u00e9es dans un peu de liquide.<\/p>\n<p>&nbsp;<\/p>\n<p><strong>EMBALLAGE:<br \/>\n<\/strong><\/p>\n<p>Flacon de 30 ml<\/p>","protected":false},"excerpt":{"rendered":"<p><strong>UTILE DANS LES \u00c9TATS DE REPOS<br \/>\n<\/strong><\/p>\n<p>Les fleurs de lavande, les c\u00f4nes de houblon et l&#039;herbe Escolzia favorisent la relaxation et le sommeil en cas de stress.<\/p>\n<p><strong>EMBALLAGE:<br \/>\n<\/strong><\/p>\n<p>Flacon de 30 ml<\/p>\n<p><strong>PRIX:<\/strong><\/p>\n<p>\u20ac 16,00<\/p>\n<p>COMPL\u00c9MENT ALIMENTAIRE \u00c0 BASE DE PLANTES ET D\u00c9RIV\u00c9S<\/p>\n<p>&nbsp;<\/p>\n<p>Voir la fiche technique ci-dessous<\/p>","protected":false},"featured_media":8835,"comment_status":"open","ping_status":"closed","template":"","meta":{"_acf_changed":false},"product_cat":[73,96,74,67],"product_tag":[170,179,178],"acf":[],"_links":{"self":[{"href":"https:\/\/lemuria.it\/fr\/wp-json\/wp\/v2\/product\/8784"}],"collection":[{"href":"https:\/\/lemuria.it\/fr\/wp-json\/wp\/v2\/product"}],"about":[{"href":"https:\/\/lemuria.it\/fr\/wp-json\/wp\/v2\/types\/product"}],"replies":[{"embeddable":true,"href":"https:\/\/lemuria.it\/fr\/wp-json\/wp\/v2\/comments?post=8784"}],"wp:featuredmedia":[{"embeddable":true,"href":"https:\/\/lemuria.it\/fr\/wp-json\/wp\/v2\/media\/8835"}],"wp:attachment":[{"href":"https:\/\/lemuria.it\/fr\/wp-json\/wp\/v2\/media?parent=8784"}],"wp:term":[{"taxonomy":"product_cat","embeddable":true,"href":"https:\/\/lemuria.it\/fr\/wp-json\/wp\/v2\/product_cat?post=8784"},{"taxonomy":"product_tag","embeddable":true,"href":"https:\/\/lemuria.it\/fr\/wp-json\/wp\/v2\/product_tag?post=8784"}],"curies":[{"name":"wp","href":"https:\/\/api.w.org\/{rel}","templated":true}]}}