{"id":8748,"date":"2015-06-23T18:39:25","date_gmt":"2015-06-23T16:39:25","guid":{"rendered":"https:\/\/www.lemuria.it\/?post_type=product&#038;p=8748"},"modified":"2022-01-07T19:42:20","modified_gmt":"2022-01-07T18:42:20","slug":"equilibre-a","status":"publish","type":"product","link":"https:\/\/lemuria.it\/fr\/produit\/equilibre-a\/","title":{"rendered":"\u00c9QUILIBRE\u00ae A"},"content":{"rendered":"<p><strong>MISCELA DI BASE \u2013 RIEQUILIBRIO GENERALE<\/strong><\/p>\n<p>Se assunto prima delle altre composizioni Equilibre , ne facilita l\u2019azione. Se assunto da solo, effettua un\u2019attivit\u00e0 di riequilibrio generale.<\/p>\n<p>Contains some flower essences as: Mustard, Wilde Rose<\/p>\n<p>&nbsp;<\/p>\n<p><strong>\u00a0INGR\u00c9DIENTS<\/strong><\/p>\n<p>Fruttosio, acqua, Incenso (Boswellia serrata Roxb.) resina e.s. 2%, Melissa (Melissa officinalis L.) foglie e.s.1%, infuso aromatico di Senape (Sinapis arvensis L.) fiori 0,21%, Rosa canina (Rosa canina L.) fiori 0,21%.<\/p>\n<p><strong>\u00a0CONSEILS D&#039;UTILISATION<\/strong><\/p>\n<p>6 gouttes 4 fois par jour. Les gouttes peuvent \u00eatre prises telles quelles directement dans la bouche ou dilu\u00e9es dans un peu de liquide.<\/p>\n<p>&nbsp;<\/p>\n<p><strong>EMBALLAGE<\/strong><\/p>\n<p>Quantit\u00e9 nette 30 ml<\/p>","protected":false},"excerpt":{"rendered":"<p><strong>MISCELA DI BASE \u2013 RIEQUILIBRIO GENERALE<\/strong><\/p>\n<p>Se assunto prima delle altre composizioni Equilibre , ne facilita l\u2019azione. Se assunto da solo, effettua un\u2019attivit\u00e0 di riequilibrio generale.<\/p>\n<p>Contains some flower essences as: Mustard, Wilde Rose<\/p>\n<p><strong>EMBALLAGE:<\/strong><\/p>\n<p>Quantit\u00e9 nette 30 ml<\/p>\n<p><strong>PRIX:<\/strong><\/p>\n<p>\u20ac 16,00<\/p>\n<p>COMPL\u00c9MENT ALIMENTAIRE \u00c0 BASE DE PLANTES ET D\u00c9RIV\u00c9S<\/p>\n<p>Solution buvable en gouttes<\/p>\n<p>&nbsp;<\/p>\n<p>Voir la fiche technique ci-dessous<\/p>","protected":false},"featured_media":8749,"comment_status":"open","ping_status":"closed","template":"","meta":{"_acf_changed":false},"product_cat":[93,72],"product_tag":[145,278],"acf":[],"_links":{"self":[{"href":"https:\/\/lemuria.it\/fr\/wp-json\/wp\/v2\/product\/8748"}],"collection":[{"href":"https:\/\/lemuria.it\/fr\/wp-json\/wp\/v2\/product"}],"about":[{"href":"https:\/\/lemuria.it\/fr\/wp-json\/wp\/v2\/types\/product"}],"replies":[{"embeddable":true,"href":"https:\/\/lemuria.it\/fr\/wp-json\/wp\/v2\/comments?post=8748"}],"wp:featuredmedia":[{"embeddable":true,"href":"https:\/\/lemuria.it\/fr\/wp-json\/wp\/v2\/media\/8749"}],"wp:attachment":[{"href":"https:\/\/lemuria.it\/fr\/wp-json\/wp\/v2\/media?parent=8748"}],"wp:term":[{"taxonomy":"product_cat","embeddable":true,"href":"https:\/\/lemuria.it\/fr\/wp-json\/wp\/v2\/product_cat?post=8748"},{"taxonomy":"product_tag","embeddable":true,"href":"https:\/\/lemuria.it\/fr\/wp-json\/wp\/v2\/product_tag?post=8748"}],"curies":[{"name":"wp","href":"https:\/\/api.w.org\/{rel}","templated":true}]}}