{"id":8742,"date":"2015-06-22T18:23:25","date_gmt":"2015-06-22T16:23:25","guid":{"rendered":"https:\/\/www.lemuria.it\/?post_type=product&#038;p=8742"},"modified":"2022-01-07T20:16:50","modified_gmt":"2022-01-07T19:16:50","slug":"e-t-ficus-carica","status":"publish","type":"product","link":"https:\/\/lemuria.it\/fr\/produit\/e-t-ficus-carica\/","title":{"rendered":"FICUS CARICA GEMMOTOTALE"},"content":{"rendered":"<p><strong>GEMMO TOTALE<\/strong><\/p>\n<p><strong>INGR\u00c9DIENTS<\/strong><\/p>\n<p>Fruttosio, Acqua, Fico (Ficus carica L.) gemme 33%. Gemmototale: un\u2019esclusiva concezione del gemmoderivato.<\/p>\n<p>&nbsp;<\/p>\n<p><strong>CONSEILS D&#039;UTILISATION<\/strong><\/p>\n<p>Adulti: 20 gocce 3 volte al d\u00ec. Le gocce possono essere assunte tale quali direttamente in bocca o diluite in poco liquido.<\/p>\n<p>&nbsp;<\/p>\n<p><strong>EMBALLAGE:<br \/>\n<\/strong><\/p>\n<p>Flacone da\u00a050 ml<\/p>","protected":false},"excerpt":{"rendered":"<p><strong>Ficus carica<br \/>\n<\/strong><\/p>\n<p>Gemmo Totale<\/p>\n<p><strong>EMBALLAGE:<br \/>\n<\/strong><\/p>\n<p>Flacone da\u00a050 ml<\/p>\n<p><strong>PRIX:<\/strong><\/p>\n<p>\u20ac 14,00<\/p>\n<p>COMPL\u00c9MENT ALIMENTAIRE \u00c0 BASE DE PLANTES ET D\u00c9RIV\u00c9S<\/p>\n<p>Voir la fiche technique ci-dessous<\/p>","protected":false},"featured_media":8743,"comment_status":"open","ping_status":"closed","template":"","meta":{"_acf_changed":false},"product_cat":[79,62],"product_tag":[65,64,277],"acf":[],"_links":{"self":[{"href":"https:\/\/lemuria.it\/fr\/wp-json\/wp\/v2\/product\/8742"}],"collection":[{"href":"https:\/\/lemuria.it\/fr\/wp-json\/wp\/v2\/product"}],"about":[{"href":"https:\/\/lemuria.it\/fr\/wp-json\/wp\/v2\/types\/product"}],"replies":[{"embeddable":true,"href":"https:\/\/lemuria.it\/fr\/wp-json\/wp\/v2\/comments?post=8742"}],"wp:featuredmedia":[{"embeddable":true,"href":"https:\/\/lemuria.it\/fr\/wp-json\/wp\/v2\/media\/8743"}],"wp:attachment":[{"href":"https:\/\/lemuria.it\/fr\/wp-json\/wp\/v2\/media?parent=8742"}],"wp:term":[{"taxonomy":"product_cat","embeddable":true,"href":"https:\/\/lemuria.it\/fr\/wp-json\/wp\/v2\/product_cat?post=8742"},{"taxonomy":"product_tag","embeddable":true,"href":"https:\/\/lemuria.it\/fr\/wp-json\/wp\/v2\/product_tag?post=8742"}],"curies":[{"name":"wp","href":"https:\/\/api.w.org\/{rel}","templated":true}]}}