{"id":8736,"date":"2015-06-22T17:56:26","date_gmt":"2015-06-22T15:56:26","guid":{"rendered":"https:\/\/www.lemuria.it\/?post_type=product&#038;p=8736"},"modified":"2022-01-08T10:59:37","modified_gmt":"2022-01-08T09:59:37","slug":"e-t-sambuco","status":"publish","type":"product","link":"https:\/\/lemuria.it\/fr\/produit\/et-sureau\/","title":{"rendered":"ET A\u00ceN\u00c9"},"content":{"rendered":"<p><strong>VALENCE PHYSIOLOGIQUE<\/strong><\/p>\n<p>Le Sureau favorise la fluidit\u00e9 des s\u00e9cr\u00e9tions bronchiques et la fonctionnalit\u00e9 des voies respiratoires sup\u00e9rieures. Il favorise \u00e9galement la r\u00e9gularit\u00e9 du processus de transpiration, le drainage des fluides corporels et les d\u00e9fenses naturelles de l&#039;organisme.<\/p>\n<p>&nbsp;<\/p>\n<p><strong>INGR\u00c9DIENTS<\/strong><\/p>\n<p>Fructose, Eau, Sureau (Sambucus nigra L.), fleurs, extrait (D:E=1=1). Il s&#039;agit d&#039;un extrait total 1:1 dans une solution de fructose 70%.<\/p>\n<p>&nbsp;<\/p>\n<p><strong>CONSEILS D&#039;UTILISATION<\/strong><\/p>\n<p>Pour une utilisation correcte, il est recommand\u00e9 de prendre 20 gouttes 3 fois par jour, en dehors des repas principaux. Le produit peut \u00eatre pris tel quel ou dilu\u00e9 dans de l&#039;eau.<\/p>\n<p>&nbsp;<\/p>\n<p><strong>EMBALLAGE:<br \/>\n<\/strong><\/p>\n<p>Flacon de 30 ml<\/p>","protected":false},"excerpt":{"rendered":"<p><strong>Sureau (Sambucus Nigra L.)<br \/>\n<\/strong><\/p>\n<p>Le Sureau favorise la fluidit\u00e9 des s\u00e9cr\u00e9tions bronchiques et la fonctionnalit\u00e9 des voies respiratoires sup\u00e9rieures. Il favorise \u00e9galement la r\u00e9gularit\u00e9 du processus de transpiration, le drainage des fluides corporels et les d\u00e9fenses naturelles de l&#039;organisme.<\/p>\n<p><strong>EMBALLAGE:<br \/>\n<\/strong><\/p>\n<p>Flacon de 30 ml<\/p>\n<p><strong>PRIX:<\/strong><\/p>\n<p>\u20ac 13,00<\/p>\n<p>COMPL\u00c9MENT ALIMENTAIRE \u00c0 BASE DE PLANTES ET D\u00c9RIV\u00c9S<\/p>\n<p>Voir la fiche technique ci-dessous<\/p>","protected":false},"featured_media":8737,"comment_status":"open","ping_status":"closed","template":"","meta":{"_acf_changed":false},"product_cat":[68,69,62,82,84,67],"product_tag":[65,64,275],"acf":[],"_links":{"self":[{"href":"https:\/\/lemuria.it\/fr\/wp-json\/wp\/v2\/product\/8736"}],"collection":[{"href":"https:\/\/lemuria.it\/fr\/wp-json\/wp\/v2\/product"}],"about":[{"href":"https:\/\/lemuria.it\/fr\/wp-json\/wp\/v2\/types\/product"}],"replies":[{"embeddable":true,"href":"https:\/\/lemuria.it\/fr\/wp-json\/wp\/v2\/comments?post=8736"}],"wp:featuredmedia":[{"embeddable":true,"href":"https:\/\/lemuria.it\/fr\/wp-json\/wp\/v2\/media\/8737"}],"wp:attachment":[{"href":"https:\/\/lemuria.it\/fr\/wp-json\/wp\/v2\/media?parent=8736"}],"wp:term":[{"taxonomy":"product_cat","embeddable":true,"href":"https:\/\/lemuria.it\/fr\/wp-json\/wp\/v2\/product_cat?post=8736"},{"taxonomy":"product_tag","embeddable":true,"href":"https:\/\/lemuria.it\/fr\/wp-json\/wp\/v2\/product_tag?post=8736"}],"curies":[{"name":"wp","href":"https:\/\/api.w.org\/{rel}","templated":true}]}}