{"id":8733,"date":"2015-06-22T17:47:22","date_gmt":"2015-06-22T15:47:22","guid":{"rendered":"https:\/\/www.lemuria.it\/?post_type=product&#038;p=8733"},"modified":"2022-01-08T11:01:20","modified_gmt":"2022-01-08T10:01:20","slug":"e-t-salvia","status":"publish","type":"product","link":"https:\/\/lemuria.it\/fr\/produit\/e-t-salvia\/","title":{"rendered":"ET SALVIA"},"content":{"rendered":"<p><strong>VALENCE PHYSIOLOGIQUE<\/strong><\/p>\n<p>Le foglie di salvia favoriscono la funzione digestiva e l\u2019eliminazione dei gas intestinali. Sono utili nel contrasto dei disturbi della menopausa. Favoriscono il benessere di naso e gola e hanno inoltre attivit\u00e0 tonica in caso di stanchezza fisica e mentale.<\/p>\n<p>&nbsp;<\/p>\n<p><strong>INGR\u00c9DIENTS<\/strong><\/p>\n<p>Fruttosio, Acqua, Salvia (Salvia officinalis L.), foglie, estratto (D:E=1=1). Trattasi di estratto totale 1:1 in fruttosio soluzione 70%.<\/p>\n<p>&nbsp;<\/p>\n<p><strong>CONSEILS D&#039;UTILISATION<\/strong><\/p>\n<p>Pour une utilisation correcte, il est recommand\u00e9 de prendre 20 gouttes 3 fois par jour, en dehors des repas principaux. Le produit peut \u00eatre pris tel quel ou dilu\u00e9 dans de l&#039;eau.<\/p>\n<p>&nbsp;<\/p>\n<p><strong>EMBALLAGE:<br \/>\n<\/strong><\/p>\n<p>Flacon de 30 ml<\/p>","protected":false},"excerpt":{"rendered":"<div><strong>Salvia (Salvia Officinalis L.)<br \/>\n<\/strong><\/div>\n<p>Le foglie di salvia favoriscono la funzione digestiva e l\u2019eliminazione dei gas intestinali. Sono utili nel contrasto dei disturbi della menopausa. Favoriscono il benessere di naso e gola e hanno inoltre attivit\u00e0 tonica in caso di stanchezza fisica e mentale.<\/p>\n<p><strong>EMBALLAGE:<br \/>\n<\/strong><\/p>\n<p>Flacon de 30 ml<\/p>\n<p><strong>PRIX:<\/strong><\/p>\n<p>\u20ac 13,00<\/p>\n<p>COMPL\u00c9MENT ALIMENTAIRE \u00c0 BASE DE PLANTES ET D\u00c9RIV\u00c9S<\/p>\n<p>Voir la fiche technique ci-dessous<\/p>","protected":false},"featured_media":8734,"comment_status":"open","ping_status":"closed","template":"","meta":{"_acf_changed":false},"product_cat":[62,290,293,291,67],"product_tag":[65,64,274],"acf":[],"_links":{"self":[{"href":"https:\/\/lemuria.it\/fr\/wp-json\/wp\/v2\/product\/8733"}],"collection":[{"href":"https:\/\/lemuria.it\/fr\/wp-json\/wp\/v2\/product"}],"about":[{"href":"https:\/\/lemuria.it\/fr\/wp-json\/wp\/v2\/types\/product"}],"replies":[{"embeddable":true,"href":"https:\/\/lemuria.it\/fr\/wp-json\/wp\/v2\/comments?post=8733"}],"wp:featuredmedia":[{"embeddable":true,"href":"https:\/\/lemuria.it\/fr\/wp-json\/wp\/v2\/media\/8734"}],"wp:attachment":[{"href":"https:\/\/lemuria.it\/fr\/wp-json\/wp\/v2\/media?parent=8733"}],"wp:term":[{"taxonomy":"product_cat","embeddable":true,"href":"https:\/\/lemuria.it\/fr\/wp-json\/wp\/v2\/product_cat?post=8733"},{"taxonomy":"product_tag","embeddable":true,"href":"https:\/\/lemuria.it\/fr\/wp-json\/wp\/v2\/product_tag?post=8733"}],"curies":[{"name":"wp","href":"https:\/\/api.w.org\/{rel}","templated":true}]}}