{"id":8724,"date":"2015-06-22T17:20:46","date_gmt":"2015-06-22T15:20:46","guid":{"rendered":"https:\/\/www.lemuria.it\/?post_type=product&#038;p=8724"},"modified":"2023-11-09T00:14:50","modified_gmt":"2023-11-08T23:14:50","slug":"e-t-ginseng","status":"publish","type":"product","link":"https:\/\/lemuria.it\/fr\/produit\/e-t-ginseng\/","title":{"rendered":"ET GINSENG"},"content":{"rendered":"<p><strong>VALENCE PHYSIOLOGIQUE<\/strong><\/p>\n<p>La radice di ginseng ha attivit\u00e0 tonico-adattogeno e antiossidante. Per la sua attivit\u00e0 tonica pu\u00f2 essere utile in caso di stanchezza fisica e mentale. Favorisce inoltre il metabolismo dei carboidrati.<\/p>\n<p>&nbsp;<\/p>\n<p><strong>INGR\u00c9DIENTS<\/strong><\/p>\n<p>Fruttosio, Acqua, Ginseng (Panax ginseng C.A.Meyer), radice, estratto (D:E=1=1). Trattasi di estratto totale 1:1 in fruttosio soluzione 70%.<\/p>\n<p>&nbsp;<\/p>\n<p><strong>CONSEILS D&#039;UTILISATION<\/strong><\/p>\n<p>Per un corretto uso si consiglia di assumere 60 gocce al giorno, preferibilmente al mattino. Oppure assumere 20 gocce 3 volte al giorno prima dei pasti. Il prodotto pu\u00f2 essere assunto tal quale oppure diluito in acqua.<\/p>\n<p>&nbsp;<\/p>\n<p><strong>EMBALLAGE:<br \/>\n<\/strong><\/p>\n<p>Flacon de 30 ml<\/p>","protected":false},"excerpt":{"rendered":"<p><strong>Ginseng (Panax ginseng C.A. Meyer)<br \/>\n<\/strong><\/p>\n<p>La radice di ginseng ha attivit\u00e0 tonico-adattogeno e antiossidante. Per la sua attivit\u00e0 tonica pu\u00f2 essere utile in caso di stanchezza fisica e mentale. Favorisce inoltre il metabolismo dei carboidrati.<\/p>\n<p><strong>EMBALLAGE:<br \/>\n<\/strong><\/p>\n<p>Flacon de 30 ml<\/p>\n<p><strong>PRIX:<\/strong><\/p>\n<p>\u20ac 19,50<\/p>\n<p>COMPL\u00c9MENT ALIMENTAIRE \u00c0 BASE DE PLANTES ET D\u00c9RIV\u00c9S<\/p>\n<p>Voir la fiche technique ci-dessous<\/p>","protected":false},"featured_media":8725,"comment_status":"open","ping_status":"closed","template":"","meta":{"_acf_changed":false},"product_cat":[306,296,62,70,324,67],"product_tag":[65,64,271],"acf":[],"_links":{"self":[{"href":"https:\/\/lemuria.it\/fr\/wp-json\/wp\/v2\/product\/8724"}],"collection":[{"href":"https:\/\/lemuria.it\/fr\/wp-json\/wp\/v2\/product"}],"about":[{"href":"https:\/\/lemuria.it\/fr\/wp-json\/wp\/v2\/types\/product"}],"replies":[{"embeddable":true,"href":"https:\/\/lemuria.it\/fr\/wp-json\/wp\/v2\/comments?post=8724"}],"wp:featuredmedia":[{"embeddable":true,"href":"https:\/\/lemuria.it\/fr\/wp-json\/wp\/v2\/media\/8725"}],"wp:attachment":[{"href":"https:\/\/lemuria.it\/fr\/wp-json\/wp\/v2\/media?parent=8724"}],"wp:term":[{"taxonomy":"product_cat","embeddable":true,"href":"https:\/\/lemuria.it\/fr\/wp-json\/wp\/v2\/product_cat?post=8724"},{"taxonomy":"product_tag","embeddable":true,"href":"https:\/\/lemuria.it\/fr\/wp-json\/wp\/v2\/product_tag?post=8724"}],"curies":[{"name":"wp","href":"https:\/\/api.w.org\/{rel}","templated":true}]}}