{"id":8715,"date":"2015-06-22T16:52:38","date_gmt":"2015-06-22T14:52:38","guid":{"rendered":"https:\/\/www.lemuria.it\/?post_type=product&#038;p=8715"},"modified":"2022-01-08T11:15:41","modified_gmt":"2022-01-08T10:15:41","slug":"e-t-camomilla","status":"publish","type":"product","link":"https:\/\/lemuria.it\/fr\/produit\/e-t-camomilla\/","title":{"rendered":"ET CAMOMILLE"},"content":{"rendered":"<p><strong>VALENCE PHYSIOLOGIQUE<\/strong><\/p>\n<p>I fiori di camomilla favoriscono la funzione digestiva, la regolare motilit\u00e0 gastrointestinale ed eliminazione dei gas ed hanno inoltre un\u2019azione emolliente e lenitiva sul sistema digerente. Favoriscono infine il rilassamento (sonno) e benessere mentale.<\/p>\n<p>&nbsp;<\/p>\n<p><strong>INGR\u00c9DIENTS<\/strong><\/p>\n<p>Fruttosio, Acqua, Camomilla (Matricaria chamomilla L.) fiori, estratto (D:E=1:1). Trattasi di estratto totale 1:1 in fruttosio soluzione 70%.<\/p>\n<p>&nbsp;<\/p>\n<p><strong>CONSEILS D&#039;UTILISATION<\/strong><\/p>\n<p>Per un corretto uso si consiglia di assumere 20 gocce 3 volte al giorno dopo i pasti, oppure 60 gocce prima di coricarsi alla sera. Il prodotto pu\u00f2 essere assunto tal quale oppure diluito in acqua.<\/p>\n<p>&nbsp;<\/p>\n<p><strong>EMBALLAGE:<br \/>\n<\/strong><\/p>\n<p>Flacon de 30 ml<\/p>","protected":false},"excerpt":{"rendered":"<p><em><strong>Camomilla (Matricaria Chamomilla L.)<br \/>\n<\/strong><\/em><\/p>\n<p>I fiori di camomilla favoriscono la funzione digestiva, la regolare motilit\u00e0 gastrointestinale ed eliminazione dei gas ed hanno inoltre un\u2019azione emolliente e lenitiva sul sistema digerente. Favoriscono infine il rilassamento (sonno) e benessere mentale.<\/p>\n<p><strong>EMBALLAGE:<br \/>\n<\/strong><\/p>\n<p>Flacon de 30 ml<\/p>\n<p><strong>PRIX:<\/strong><\/p>\n<p>\u20ac 13,00<\/p>\n<p>COMPL\u00c9MENT ALIMENTAIRE \u00c0 BASE DE PLANTES ET D\u00c9RIV\u00c9S<\/p>\n<p>Voir la fiche technique ci-dessous<\/p>","protected":false},"featured_media":8716,"comment_status":"open","ping_status":"closed","template":"","meta":{"_acf_changed":false},"product_cat":[79,62,80,74],"product_tag":[269,65,64],"acf":[],"_links":{"self":[{"href":"https:\/\/lemuria.it\/fr\/wp-json\/wp\/v2\/product\/8715"}],"collection":[{"href":"https:\/\/lemuria.it\/fr\/wp-json\/wp\/v2\/product"}],"about":[{"href":"https:\/\/lemuria.it\/fr\/wp-json\/wp\/v2\/types\/product"}],"replies":[{"embeddable":true,"href":"https:\/\/lemuria.it\/fr\/wp-json\/wp\/v2\/comments?post=8715"}],"wp:featuredmedia":[{"embeddable":true,"href":"https:\/\/lemuria.it\/fr\/wp-json\/wp\/v2\/media\/8716"}],"wp:attachment":[{"href":"https:\/\/lemuria.it\/fr\/wp-json\/wp\/v2\/media?parent=8715"}],"wp:term":[{"taxonomy":"product_cat","embeddable":true,"href":"https:\/\/lemuria.it\/fr\/wp-json\/wp\/v2\/product_cat?post=8715"},{"taxonomy":"product_tag","embeddable":true,"href":"https:\/\/lemuria.it\/fr\/wp-json\/wp\/v2\/product_tag?post=8715"}],"curies":[{"name":"wp","href":"https:\/\/api.w.org\/{rel}","templated":true}]}}