{"id":8458,"date":"2015-04-15T18:57:13","date_gmt":"2015-04-15T16:57:13","guid":{"rendered":"https:\/\/www.lemuria.it\/product\/caramelle-balsamiche-ripiene\/"},"modified":"2022-01-08T11:23:01","modified_gmt":"2022-01-08T10:23:01","slug":"caramelle-balsamiche-ripiene","status":"publish","type":"product","link":"https:\/\/lemuria.it\/fr\/produit\/bonbons-balsamiques-fourres\/","title":{"rendered":"BONBON BALSAMIQUE FARCI"},"content":{"rendered":"<p><strong>UTILE POUR LE BIEN-\u00caTRE DU SYST\u00c8ME RESPIRATOIRE<\/strong><\/p>\n<p>&nbsp;<\/p>\n<p><strong>INGR\u00c9DIENTS:<\/strong><\/p>\n<p><strong>Ingr\u00e9dients de la partie externe (cro\u00fbte)<\/strong>: Sucre de fruit (fructose), ar\u00f4me de r\u00e9glisse, huiles essentielles d&#039;eucalyptus et de thym, stabilisants.<\/p>\n<p><strong>Ingr\u00e9dients de la partie int\u00e9rieure (doux)<\/strong>: Extrait doux compos\u00e9 d&#039;Echinac\u00e9e, d&#039;huiles essentielles microencapsul\u00e9es d&#039;eucalyptus et de thym.<\/p>","protected":false},"excerpt":{"rendered":"<p><strong>UTILE POUR LE BIEN-\u00caTRE DU SYST\u00c8ME RESPIRATOIRE<\/strong><\/p>\n<p>&nbsp;<\/p>\n<p><strong>EMBALLAGE:<\/strong><\/p>\n<p>100 grammes<\/p>\n<p><strong>PRIX:<\/strong><\/p>\n<p>\u20ac 5,00<\/p>\n<p><strong>EMBALLAGE:<\/strong><\/p>\n<p>1 kg<\/p>\n<p><strong>PRIX:<\/strong><\/p>\n<p>\u20ac 36,00<\/p>\n<p>&nbsp;<\/p>\n<p>Voir la fiche technique ci-dessous<\/p>","protected":false},"featured_media":8864,"comment_status":"closed","ping_status":"closed","template":"","meta":{"_acf_changed":false},"product_cat":[82,104,67],"product_tag":[262,261],"acf":[],"_links":{"self":[{"href":"https:\/\/lemuria.it\/fr\/wp-json\/wp\/v2\/product\/8458"}],"collection":[{"href":"https:\/\/lemuria.it\/fr\/wp-json\/wp\/v2\/product"}],"about":[{"href":"https:\/\/lemuria.it\/fr\/wp-json\/wp\/v2\/types\/product"}],"replies":[{"embeddable":true,"href":"https:\/\/lemuria.it\/fr\/wp-json\/wp\/v2\/comments?post=8458"}],"wp:featuredmedia":[{"embeddable":true,"href":"https:\/\/lemuria.it\/fr\/wp-json\/wp\/v2\/media\/8864"}],"wp:attachment":[{"href":"https:\/\/lemuria.it\/fr\/wp-json\/wp\/v2\/media?parent=8458"}],"wp:term":[{"taxonomy":"product_cat","embeddable":true,"href":"https:\/\/lemuria.it\/fr\/wp-json\/wp\/v2\/product_cat?post=8458"},{"taxonomy":"product_tag","embeddable":true,"href":"https:\/\/lemuria.it\/fr\/wp-json\/wp\/v2\/product_tag?post=8458"}],"curies":[{"name":"wp","href":"https:\/\/api.w.org\/{rel}","templated":true}]}}