{"id":8455,"date":"2015-04-15T18:54:32","date_gmt":"2015-04-15T16:54:32","guid":{"rendered":"https:\/\/www.lemuria.it\/product\/ven-lem\/"},"modified":"2022-01-08T11:26:25","modified_gmt":"2022-01-08T10:26:25","slug":"ven-lem","status":"publish","type":"product","link":"https:\/\/lemuria.it\/fr\/produit\/vendredi-lem\/","title":{"rendered":"DAME EN FRI LEM"},"content":{"rendered":"<p><strong>VALENCE PHYSIOLOGIQUE<\/strong><\/p>\n<p>Le rhizome du petit balai, les fruits du bleuet et les feuilles de vigne rouge favorisent la fonctionnalit\u00e9 de la microcirculation (lourdeur dans les jambes).<\/p>\n<p>&nbsp;<\/p>\n<p><strong>\u00a0INGR\u00c9DIENTS<\/strong><\/p>\n<p>Fructose, Eau purifi\u00e9e, Extrait aqueux de rhizome de Petit Gen\u00eat (Ruscu aculeatus L.) 15%, Rhizome de Petit Gen\u00eat (Ruscus aculeatus L.) est. seconde. 15%, fruits de chardon-Marie (Sylibum marianum L.Gaertn) est.sec.2%, fruits de myrtille (Vaccinium myrtillus L.) est.sec.2%, tige d&#039;ananas (Ananas comosus (L.) Merr.) est.sec.2%, Extrait de feuilles de vigne rouge (Vitis vinifera L.) 2%, Maltodextrine, Conservateur : sorbate de potassium.<\/p>\n<p><strong>\u00a0CONSEILS D&#039;UTILISATION<\/strong><\/p>\n<p>Adultes : prendre 1 ou 2 cuill\u00e8res \u00e0 caf\u00e9 dilu\u00e9es dans de l&#039;eau, 2 fois par jour.<\/p>\n<p>&nbsp;<\/p>\n<p><strong>EMBALLAGE:<\/strong><\/p>\n<p>Flacon de 200 ml<\/p>","protected":false},"excerpt":{"rendered":"<p><strong>TONIQUE VEINAIRE (ACTIF POUR LUI ET ELLE)<\/strong><\/p>\n<p>Le rhizome du petit balai, les fruits du bleuet et les feuilles de vigne rouge favorisent la fonctionnalit\u00e9 de la microcirculation (lourdeur dans les jambes).<\/p>\n<p><strong>EMBALLAGE:<\/strong><\/p>\n<p>Flacon de 200 ml<\/p>\n<p><strong>PRIX:<\/strong><\/p>\n<p>\u20ac 16,50<\/p>\n<p>Solution buvable<\/p>\n<p>COMPL\u00c9MENT ALIMENTAIRE \u00c0 BASE DE PLANTES ET D\u00c9RIV\u00c9S<\/p>\n<p>&nbsp;<\/p>\n<p>Voir la fiche technique ci-dessous<\/p>","protected":false},"featured_media":8941,"comment_status":"closed","ping_status":"closed","template":"","meta":{"_acf_changed":false},"product_cat":[78,292,67],"product_tag":[227,260,259],"acf":[],"_links":{"self":[{"href":"https:\/\/lemuria.it\/fr\/wp-json\/wp\/v2\/product\/8455"}],"collection":[{"href":"https:\/\/lemuria.it\/fr\/wp-json\/wp\/v2\/product"}],"about":[{"href":"https:\/\/lemuria.it\/fr\/wp-json\/wp\/v2\/types\/product"}],"replies":[{"embeddable":true,"href":"https:\/\/lemuria.it\/fr\/wp-json\/wp\/v2\/comments?post=8455"}],"wp:featuredmedia":[{"embeddable":true,"href":"https:\/\/lemuria.it\/fr\/wp-json\/wp\/v2\/media\/8941"}],"wp:attachment":[{"href":"https:\/\/lemuria.it\/fr\/wp-json\/wp\/v2\/media?parent=8455"}],"wp:term":[{"taxonomy":"product_cat","embeddable":true,"href":"https:\/\/lemuria.it\/fr\/wp-json\/wp\/v2\/product_cat?post=8455"},{"taxonomy":"product_tag","embeddable":true,"href":"https:\/\/lemuria.it\/fr\/wp-json\/wp\/v2\/product_tag?post=8455"}],"curies":[{"name":"wp","href":"https:\/\/api.w.org\/{rel}","templated":true}]}}