{"id":8449,"date":"2015-04-15T18:49:54","date_gmt":"2015-04-15T16:49:54","guid":{"rendered":"https:\/\/www.lemuria.it\/product\/tagemin-quilia-happy-flower\/"},"modified":"2022-01-08T11:33:34","modified_gmt":"2022-01-08T10:33:34","slug":"tagemin-quilia-happy-flower","status":"publish","type":"product","link":"https:\/\/lemuria.it\/fr\/produit\/tagemin-quilia-happy-flower\/","title":{"rendered":"TAGEMIN \u2013 FLEUR HEUREUX DE QUILIA"},"content":{"rendered":"<p>Composto a base di piante officinali in grado di agire favorevolmente sugli stati fisiologici che mantengono un ottimale equilibrio psico-fisico.<\/p>\n<p>Pu\u00f2 essere utile anche in caso di particolare stress.<\/p>\n<p>&nbsp;<\/p>\n<p><strong>INGR\u00c9DIENTS<\/strong><\/p>\n<p>Ogni capsula di gelatina\u00a0vegetale da 350 mg contiene: TAGEMIN 240 mg (miscela di fitoestratti registrata contenente Tagete (Tagetes erecta L. fiori) e.s. 200 mg, Rodiola (Rhodiola rosea L.) radice e.s. 40 mg, maltodestrina, Agente di carica: cellulosa microcristallina, agenti antiagglomeranti: biossido di silicio e magnesio stearato.<\/p>\n<p>&nbsp;<\/p>\n<p><strong>CONSEILS D&#039;UTILISATION<\/strong><\/p>\n<p>Assumere una capsula (pari a 240 mg della miscela di estratti) una o due volte al giorno, lontano dai pasti, con poco liquido.<\/p>\n<p>&nbsp;<\/p>\n<p><strong>EMBALLAGE:<\/strong><\/p>\n<p>Flacone da 50 capsule<\/p>","protected":false},"excerpt":{"rendered":"<p><strong>APATIA &#8211; MALINCONIA<\/strong><\/p>\n<p>Composto a base di piante officinali in grado di agire favorevolmente sugli stati fisiologici che mantengono un ottimale equilibrio psico-fisico.<\/p>\n<p>Pu\u00f2 essere utile anche in caso di particolare stress.<\/p>\n<p><strong>EMBALLAGE:<\/strong><\/p>\n<p>Flacone da 50 capsule<\/p>\n<p><strong>PRIX:<\/strong><\/p>\n<p>\u20ac 26,00<\/p>\n<p>COMPL\u00c9MENT ALIMENTAIRE \u00c0 BASE DE PLANTES ET D\u00c9RIV\u00c9S<\/p>\n<p>Voir la fiche technique ci-dessous<\/p>","protected":false},"featured_media":8897,"comment_status":"closed","ping_status":"closed","template":"","meta":{"_acf_changed":false},"product_cat":[77,103,288,67],"product_tag":[159,257,140,227],"acf":[],"_links":{"self":[{"href":"https:\/\/lemuria.it\/fr\/wp-json\/wp\/v2\/product\/8449"}],"collection":[{"href":"https:\/\/lemuria.it\/fr\/wp-json\/wp\/v2\/product"}],"about":[{"href":"https:\/\/lemuria.it\/fr\/wp-json\/wp\/v2\/types\/product"}],"replies":[{"embeddable":true,"href":"https:\/\/lemuria.it\/fr\/wp-json\/wp\/v2\/comments?post=8449"}],"wp:featuredmedia":[{"embeddable":true,"href":"https:\/\/lemuria.it\/fr\/wp-json\/wp\/v2\/media\/8897"}],"wp:attachment":[{"href":"https:\/\/lemuria.it\/fr\/wp-json\/wp\/v2\/media?parent=8449"}],"wp:term":[{"taxonomy":"product_cat","embeddable":true,"href":"https:\/\/lemuria.it\/fr\/wp-json\/wp\/v2\/product_cat?post=8449"},{"taxonomy":"product_tag","embeddable":true,"href":"https:\/\/lemuria.it\/fr\/wp-json\/wp\/v2\/product_tag?post=8449"}],"curies":[{"name":"wp","href":"https:\/\/api.w.org\/{rel}","templated":true}]}}