{"id":8419,"date":"2015-04-15T18:23:05","date_gmt":"2015-04-15T16:23:05","guid":{"rendered":"https:\/\/www.lemuria.it\/product\/ghestro-lem\/"},"modified":"2022-01-08T11:47:03","modified_gmt":"2022-01-08T10:47:03","slug":"ghestro-lem","status":"publish","type":"product","link":"https:\/\/lemuria.it\/fr\/produit\/ghestro-lem\/","title":{"rendered":"GHESTRO LEM"},"content":{"rendered":"<p>Ghestrolem \u00e8 un prodotto di concezione nuovissima. A base di Lagerstroemia, pianta contenente acido corosolico, che viene utilizzata nella tradizione erboristica perch\u00e9 favorisce la funzionalit\u00e0 del sistema digerente e la regolarit\u00e0 del transito intestinale; il prodotto contiene inoltre Cannella. Questa spezia conosciutissima \u00e8 stata recentemente studiata per la sua capacit\u00e0 di favorire il metabolismo dei carboidrati.<\/p>\n<p>&nbsp;<\/p>\n<p><strong>INGR\u00c9DIENTS<\/strong><\/p>\n<p>Ogni capsula di gelatina\u00a0vegetale da 500 mg cad.contiene: Lagerstroemia (Lagerstroemia speciosa L., maltodestrina) foglie e.s. 350 mg, Cannella (Cinnamomum zeylanicum Blume) corteccia polvere 40 mg, Agenti antiagglomeranti: talco e magnesio stearato.<\/p>\n<p>&nbsp;<\/p>\n<p><strong>CONSEILS D&#039;UTILISATION<\/strong><\/p>\n<p>Assumere una o due capsule al giorno. Le capsule vanno assunte preferibilmente a fine pasto.<\/p>\n<p>&nbsp;<\/p>\n<p><strong>EMBALLAGE:<\/strong><\/p>\n<p>Flacone da 60 capsule<\/p>","protected":false},"excerpt":{"rendered":"<p><strong>SINDROME METABOLICA<\/strong><\/p>\n<p>Ghestrolem \u00e8 un prodotto di concezione nuovissima. A base di Lagerstroemia, pianta contenente acido corosolico, che viene utilizzata nella tradizione erboristica perch\u00e9 favorisce la funzionalit\u00e0 del sistema digerente e la regolarit\u00e0 del transito intestinale; il prodotto contiene inoltre Cannella. Questa spezia conosciutissima \u00e8 stata recentemente studiata per la sua capacit\u00e0 di favorire il metabolismo dei carboidrati.<\/p>\n<p><strong>EMBALLAGE:<\/strong><\/p>\n<p>Flacone da 60 capsule<\/p>\n<p><strong>PRIX:<\/strong><\/p>\n<p>\u20ac 20,50<\/p>\n<p>COMPL\u00c9MENT ALIMENTAIRE \u00c0 BASE DE PLANTES ET D\u00c9RIV\u00c9S<\/p>\n<p>Voir la fiche technique ci-dessous<\/p>","protected":false},"featured_media":8892,"comment_status":"closed","ping_status":"closed","template":"","meta":{"_acf_changed":false},"product_cat":[89,291,103,67],"product_tag":[239,240,227],"acf":[],"_links":{"self":[{"href":"https:\/\/lemuria.it\/fr\/wp-json\/wp\/v2\/product\/8419"}],"collection":[{"href":"https:\/\/lemuria.it\/fr\/wp-json\/wp\/v2\/product"}],"about":[{"href":"https:\/\/lemuria.it\/fr\/wp-json\/wp\/v2\/types\/product"}],"replies":[{"embeddable":true,"href":"https:\/\/lemuria.it\/fr\/wp-json\/wp\/v2\/comments?post=8419"}],"wp:featuredmedia":[{"embeddable":true,"href":"https:\/\/lemuria.it\/fr\/wp-json\/wp\/v2\/media\/8892"}],"wp:attachment":[{"href":"https:\/\/lemuria.it\/fr\/wp-json\/wp\/v2\/media?parent=8419"}],"wp:term":[{"taxonomy":"product_cat","embeddable":true,"href":"https:\/\/lemuria.it\/fr\/wp-json\/wp\/v2\/product_cat?post=8419"},{"taxonomy":"product_tag","embeddable":true,"href":"https:\/\/lemuria.it\/fr\/wp-json\/wp\/v2\/product_tag?post=8419"}],"curies":[{"name":"wp","href":"https:\/\/api.w.org\/{rel}","templated":true}]}}