{"id":8416,"date":"2015-04-15T18:20:35","date_gmt":"2015-04-15T16:20:35","guid":{"rendered":"https:\/\/www.lemuria.it\/product\/equilibre-3-actions\/"},"modified":"2022-01-08T12:04:40","modified_gmt":"2022-01-08T11:04:40","slug":"equilibre-3-actions","status":"publish","type":"product","link":"https:\/\/lemuria.it\/fr\/produit\/equilibre-3-actions\/","title":{"rendered":"EQUILIBRE\u00ae 3 ACTIONS"},"content":{"rendered":"<p><strong>VALENCE PHYSIOLOGIQUE<\/strong><\/p>\n<p>La radice di Rhodiola rosea viene dalle montagne dell\u2019Artico e dell\u2019Himalaya. La radice di Rhodiola rosea favorisce il normale tono dell\u2019umore.<\/p>\n<p>&nbsp;<\/p>\n<p><strong>\u00a0INGR\u00c9DIENTS<\/strong><\/p>\n<p>Ogni capsula di gelatina\u00a0vegetale da 350 mg contiene: stabilizzante: cellulosa microcristallina, Rodiola (Rhodiola rosea L.) radice est.sec. 100 mg, maltodestrina, agente antiagglomerante: biossido di silicio.<\/p>\n<p>&nbsp;<\/p>\n<p><strong>CONSEILS D&#039;UTILISATION<\/strong><\/p>\n<p>Adulti: assumere una o due capsule al d\u00ec.<\/p>\n<p>&nbsp;<\/p>\n<p><strong>\u00a0FLACONE:<\/strong><\/p>\n<p>Flacone da 40 capsule<\/p>","protected":false},"excerpt":{"rendered":"<p><strong>MEMORIA &#8211; STRESS<\/strong><\/p>\n<p>La radice di Rhodiola rosea viene dalle montagne dell\u2019Artico e dell\u2019Himalaya. La radice di Rhodiola rosea favorisce il normale tono dell\u2019umore.<\/p>\n<p><strong>FLACONE:<\/strong><\/p>\n<p>Flacone da 40 capsule<\/p>\n<p><strong>PRIX:<\/strong><\/p>\n<p>\u20ac 16,50<\/p>\n<p>COMPL\u00c9MENT ALIMENTAIRE \u00c0 BASE DE PLANTES ET D\u00c9RIV\u00c9S<\/p>\n<p>Voir la fiche technique ci-dessous<\/p>","protected":false},"featured_media":8417,"comment_status":"closed","ping_status":"closed","template":"","meta":{"_acf_changed":false},"product_cat":[70,103,288,324,67],"product_tag":[238,227,148],"acf":[],"_links":{"self":[{"href":"https:\/\/lemuria.it\/fr\/wp-json\/wp\/v2\/product\/8416"}],"collection":[{"href":"https:\/\/lemuria.it\/fr\/wp-json\/wp\/v2\/product"}],"about":[{"href":"https:\/\/lemuria.it\/fr\/wp-json\/wp\/v2\/types\/product"}],"replies":[{"embeddable":true,"href":"https:\/\/lemuria.it\/fr\/wp-json\/wp\/v2\/comments?post=8416"}],"wp:featuredmedia":[{"embeddable":true,"href":"https:\/\/lemuria.it\/fr\/wp-json\/wp\/v2\/media\/8417"}],"wp:attachment":[{"href":"https:\/\/lemuria.it\/fr\/wp-json\/wp\/v2\/media?parent=8416"}],"wp:term":[{"taxonomy":"product_cat","embeddable":true,"href":"https:\/\/lemuria.it\/fr\/wp-json\/wp\/v2\/product_cat?post=8416"},{"taxonomy":"product_tag","embeddable":true,"href":"https:\/\/lemuria.it\/fr\/wp-json\/wp\/v2\/product_tag?post=8416"}],"curies":[{"name":"wp","href":"https:\/\/api.w.org\/{rel}","templated":true}]}}