{"id":8407,"date":"2015-04-15T18:12:53","date_gmt":"2015-04-15T16:12:53","guid":{"rendered":"https:\/\/www.lemuria.it\/product\/ayo-san\/"},"modified":"2022-01-08T12:06:07","modified_gmt":"2022-01-08T11:06:07","slug":"ayo-san","status":"publish","type":"product","link":"https:\/\/lemuria.it\/fr\/produit\/ayo-san\/","title":{"rendered":"AYO SAN"},"content":{"rendered":"<p><strong>VALENCE PHYSIOLOGIQUE<\/strong><\/p>\n<p>Ayosan a base di estratto di aglio purificato ed inodore. L\u2019aglio, grazie ai suoi benefici effetti sull\u2019intero corpo umano, viene utilizzato da millenni. A causa del suo caratteristico odore particolarmente pungente e sgradevole, ultimamente si trovano in commercio prodotti a base di aglio inodore.<\/p>\n<p>La maggior parte di questi prodotti, eliminano il cattivo odore, concorrendo altres\u00ec all\u2019eliminazione delle sostanze fondamentali dall\u2019aglio stesso, privandolo cos\u00ec della sua naturale efficacia.<\/p>\n<p>Ayosan frutto della recente ricerca giapponese \u00e8 l\u2019espressione pi\u00f9 esclusiva, moderna ed efficace di un estratto d\u2019aglio che mantiene elevate le sue caratteristiche primarie, pur non causando odori spiacevoli dopo l\u2019assunzione. Il bulbo di aglio favorisce inoltre il metabolismo dei trigliceridi e del colesterolo, nonch\u00e9 la regolarit\u00e0 della pressione arteriosa.<\/p>\n<p>&nbsp;<\/p>\n<p><strong>INGR\u00c9DIENTS<\/strong><\/p>\n<p>Ogni capsula di gelatina\u00a0vegetale da 350 mg contiene: Aglio (Allium sativum L.) bulbo est.sec. 100 mg, maltodestrina, Agente antiagglomerante: magnesio stearato. Ogni capsula contiene l\u2019equivalente di circa 5g di aglio fresco.<\/p>\n<p>&nbsp;<\/p>\n<p><strong>CONSEILS D&#039;UTILISATION<\/strong><\/p>\n<p>Adulti: assumere una o due capsule al giorno. Non masticare.<\/p>\n<p>&nbsp;<\/p>\n<p><strong>EMBALLAGE:<br \/>\n<\/strong><\/p>\n<div>\n<p>Flacone da 50 capsule<\/p>\n<\/div>\n<\/p>\n<\/p>\n<\/p>\n<\/p>\n<\/p><\/p>","protected":false},"excerpt":{"rendered":"<p><strong>AGLIO INODORE<\/strong><\/p>\n<p>Ayosan a base di estratto di aglio purificato ed inodore. L\u2019aglio, grazie ai suoi benefici effetti sull\u2019intero corpo umano, viene utilizzato da millenni. A causa del suo caratteristico odore particolarmente pungente e sgradevole, ultimamente si trovano in commercio prodotti a base di aglio inodore.<\/p>\n<p>La maggior parte di questi prodotti, eliminano il cattivo odore, concorrendo altres\u00ec all\u2019eliminazione delle sostanze fondamentali dall\u2019aglio stesso, privandolo cos\u00ec della sua naturale efficacia.<\/p>\n<p>Ayosan frutto della recente ricerca giapponese \u00e8 l\u2019espressione pi\u00f9 esclusiva, moderna ed efficace di un estratto d\u2019aglio che mantiene elevate le sue caratteristiche primarie, pur non causando odori spiacevoli dopo l\u2019assunzione. Il bulbo di aglio favorisce inoltre il metabolismo dei trigliceridi e del colesterolo, nonch\u00e9 la regolarit\u00e0 della pressione arteriosa.<\/p>\n<p><strong>EMBALLAGE:<br \/>\n<\/strong><\/p>\n<div>\n<p>Flacone da 50 capsule<\/p>\n<p><strong>PRIX:<br \/>\n<\/strong><\/p>\n<div>\n<p>\u20ac 17,90<\/p>\n<\/div>\n<p>COMPL\u00c9MENT ALIMENTAIRE \u00c0 BASE DE PLANTES ET D\u00c9RIV\u00c9S<\/p>\n<\/div>\n<p>Voir la fiche technique ci-dessous<\/p>","protected":false},"featured_media":8890,"comment_status":"closed","ping_status":"closed","template":"","meta":{"_acf_changed":false},"product_cat":[78,287,71,103,67],"product_tag":[232,231,233,227],"acf":[],"_links":{"self":[{"href":"https:\/\/lemuria.it\/fr\/wp-json\/wp\/v2\/product\/8407"}],"collection":[{"href":"https:\/\/lemuria.it\/fr\/wp-json\/wp\/v2\/product"}],"about":[{"href":"https:\/\/lemuria.it\/fr\/wp-json\/wp\/v2\/types\/product"}],"replies":[{"embeddable":true,"href":"https:\/\/lemuria.it\/fr\/wp-json\/wp\/v2\/comments?post=8407"}],"wp:featuredmedia":[{"embeddable":true,"href":"https:\/\/lemuria.it\/fr\/wp-json\/wp\/v2\/media\/8890"}],"wp:attachment":[{"href":"https:\/\/lemuria.it\/fr\/wp-json\/wp\/v2\/media?parent=8407"}],"wp:term":[{"taxonomy":"product_cat","embeddable":true,"href":"https:\/\/lemuria.it\/fr\/wp-json\/wp\/v2\/product_cat?post=8407"},{"taxonomy":"product_tag","embeddable":true,"href":"https:\/\/lemuria.it\/fr\/wp-json\/wp\/v2\/product_tag?post=8407"}],"curies":[{"name":"wp","href":"https:\/\/api.w.org\/{rel}","templated":true}]}}