{"id":8404,"date":"2015-04-15T18:10:40","date_gmt":"2015-04-15T16:10:40","guid":{"rendered":"https:\/\/www.lemuria.it\/product\/tricolem\/"},"modified":"2022-01-08T12:47:18","modified_gmt":"2022-01-08T11:47:18","slug":"tricolem","status":"publish","type":"product","link":"https:\/\/lemuria.it\/fr\/produit\/tricolem\/","title":{"rendered":"TRICOL\u00c8ME"},"content":{"rendered":"<p>Capelli sani, lucidi<\/p>\n<p>Contiene Serenoa. Si sconsiglia l&#8217;uso a donne in et\u00e0 fertile e in soggetti di entrambi i sessi in et\u00e0 prepubere<\/p>\n<p>&nbsp;<\/p>\n<p><strong>INGR\u00c9DIENTS:<\/strong><\/p>\n<p>Ogni compressa da 400 mg contiene: Pau d\u2019Arco (Tabeluia Avellanedae Lorentz ex Griseb.) corteccia est.sec. 100 mg. Alfa alfa (Medicago sativa L.) erba fiorita est.sec. 80 mg, Serenoa repens (Sabal serrulata (Bartr.) Small.) frutti est.sec. 50mg, Primula (Primula veris L.) fiori est.sec. 50 mg, Aloe (Aloe vera L.) foglie polvere 30 mg, Bamb\u00f9 (Bambusa vulgaris L.) gambo est.sec. 30 mg, maltodestrina, agenti antiagglomeranti: biossido di silicio e magnesio stearato.<\/p>\n<p>&nbsp;<\/p>\n<p>&nbsp;<\/p>\n<p><strong>CONSIGLI PER L&#8217;USO:<\/strong><\/p>\n<p>Adulti: assumere due compresse al giorno.<\/p>\n<p><em>\u00a0<\/em><strong>EMBALLAGE:<br \/>\n<\/strong><\/p>\n<div>\n<p>Flacone da 120 compresse<\/p>\n<\/div>","protected":false},"excerpt":{"rendered":"<p>Capelli sani, lucidi<\/p>\n<p><strong>EMBALLAGE:<br \/>\n<\/strong><\/p>\n<div>\n<p>\u00a0Flacone da 120 compresse<\/p>\n<p><strong>PRIX:<\/strong><\/p>\n<p>\u20ac 35,00<\/p>\n<p>COMPL\u00c9MENT ALIMENTAIRE \u00c0 BASE DE PLANTES ET D\u00c9RIV\u00c9S<\/p>\n<\/div>\n<p>&nbsp;<\/p>\n<p>Voir la fiche technique ci-dessous<\/p>","protected":false},"featured_media":8878,"comment_status":"closed","ping_status":"closed","template":"","meta":{"_acf_changed":false},"product_cat":[76,103,67,88],"product_tag":[230,227,229],"acf":[],"_links":{"self":[{"href":"https:\/\/lemuria.it\/fr\/wp-json\/wp\/v2\/product\/8404"}],"collection":[{"href":"https:\/\/lemuria.it\/fr\/wp-json\/wp\/v2\/product"}],"about":[{"href":"https:\/\/lemuria.it\/fr\/wp-json\/wp\/v2\/types\/product"}],"replies":[{"embeddable":true,"href":"https:\/\/lemuria.it\/fr\/wp-json\/wp\/v2\/comments?post=8404"}],"wp:featuredmedia":[{"embeddable":true,"href":"https:\/\/lemuria.it\/fr\/wp-json\/wp\/v2\/media\/8878"}],"wp:attachment":[{"href":"https:\/\/lemuria.it\/fr\/wp-json\/wp\/v2\/media?parent=8404"}],"wp:term":[{"taxonomy":"product_cat","embeddable":true,"href":"https:\/\/lemuria.it\/fr\/wp-json\/wp\/v2\/product_cat?post=8404"},{"taxonomy":"product_tag","embeddable":true,"href":"https:\/\/lemuria.it\/fr\/wp-json\/wp\/v2\/product_tag?post=8404"}],"curies":[{"name":"wp","href":"https:\/\/api.w.org\/{rel}","templated":true}]}}