{"id":8401,"date":"2015-04-15T18:07:37","date_gmt":"2015-04-15T16:07:37","guid":{"rendered":"https:\/\/www.lemuria.it\/product\/granelli-di-beatrice\/"},"modified":"2022-01-08T12:55:45","modified_gmt":"2022-01-08T11:55:45","slug":"granelli-di-beatrice","status":"publish","type":"product","link":"https:\/\/lemuria.it\/fr\/produit\/granelli-di-beatrice\/","title":{"rendered":"GRAINS DE B\u00c9ATRICE"},"content":{"rendered":"<p><strong>VALENCE PHYSIOLOGIQUE<\/strong><\/p>\n<p>Le erbe contenute vengono tradizionalmente utilizzate per favorire il transito intestinale. Non usare per lunghi periodi.<\/p>\n<p>&nbsp;<\/p>\n<p><strong>INGR\u00c9DIENTS<\/strong><\/p>\n<p>Ogni granello contiene: Cassia (Cassia angustifolia Vahl) foglie 330 mg, Psillio (Plantago psyllium L.) semi 3,3 mg, Rabarbaro (Rheum palmatum L.) corteccia 3,3 g, China (Cinchona succirubra Pavon) corteccia 3,3 mg, Chiodi di Garofano (Eugenia carophyllus Spreng.) boccioli 3,3 mg, Cannella (Cynnamomum ceylandicum Garke) corteccia 3,3 mg, Lactobacillus acidophilus 1 milione UFC (su lattosio).<\/p>\n<p>&nbsp;<\/p>\n<p><strong>CONSEILS D&#039;UTILISATION<\/strong><\/p>\n<p>Adulti: assumere da uno a tre granelli la sera, con un bicchiere d\u2019acqua.<\/p>\n<p>&nbsp;<\/p>\n<p><strong>EMBALLAGE:<br \/>\n<\/strong><\/p>\n<div>\n<p>Confezione da 1 Kg.<\/p>\n<p>Confezione da 33 gr<\/p>\n<\/div>","protected":false},"excerpt":{"rendered":"<p><strong>TRANSITO INTESTINALE<\/strong><\/p>\n<p>Le erbe contenute vengono tradizionalmente utilizzate per favorire il transito intestinale. Non usare per lunghi periodi.<\/p>\n<p><strong>EMBALLAGE:<br \/>\n<\/strong><\/p>\n<div>\n<p>Confezione da 1 Kg.<\/p>\n<p>Confezione da 33 gr<\/p>\n<p><strong>PRIX:<br \/>\n<\/strong><\/p>\n<div>\n<p>\u20ac 98,00<\/p>\n<p>\u20ac 8,00<\/p>\n<\/div>\n<p>COMPL\u00c9MENT ALIMENTAIRE \u00c0 BASE DE PLANTES ET D\u00c9RIV\u00c9S<\/p>\n<\/div>\n<p>Voir la fiche technique ci-dessous<\/p>","protected":false},"featured_media":8403,"comment_status":"closed","ping_status":"closed","template":"","meta":{"_acf_changed":false},"product_cat":[80,103,67],"product_tag":[228,227],"acf":[],"_links":{"self":[{"href":"https:\/\/lemuria.it\/fr\/wp-json\/wp\/v2\/product\/8401"}],"collection":[{"href":"https:\/\/lemuria.it\/fr\/wp-json\/wp\/v2\/product"}],"about":[{"href":"https:\/\/lemuria.it\/fr\/wp-json\/wp\/v2\/types\/product"}],"replies":[{"embeddable":true,"href":"https:\/\/lemuria.it\/fr\/wp-json\/wp\/v2\/comments?post=8401"}],"wp:featuredmedia":[{"embeddable":true,"href":"https:\/\/lemuria.it\/fr\/wp-json\/wp\/v2\/media\/8403"}],"wp:attachment":[{"href":"https:\/\/lemuria.it\/fr\/wp-json\/wp\/v2\/media?parent=8401"}],"wp:term":[{"taxonomy":"product_cat","embeddable":true,"href":"https:\/\/lemuria.it\/fr\/wp-json\/wp\/v2\/product_cat?post=8401"},{"taxonomy":"product_tag","embeddable":true,"href":"https:\/\/lemuria.it\/fr\/wp-json\/wp\/v2\/product_tag?post=8401"}],"curies":[{"name":"wp","href":"https:\/\/api.w.org\/{rel}","templated":true}]}}