{"id":8393,"date":"2015-04-15T17:58:33","date_gmt":"2015-04-15T15:58:33","guid":{"rendered":"https:\/\/www.lemuria.it\/product\/lipo-lem-3-action\/"},"modified":"2022-01-08T13:01:20","modified_gmt":"2022-01-08T12:01:20","slug":"lipo-lem-3-action","status":"publish","type":"product","link":"https:\/\/lemuria.it\/fr\/produit\/lipo-lem-3-action\/","title":{"rendered":"LIPO LEM 3 ACTION"},"content":{"rendered":"<p><strong>ARR\u00caTEZ L&#039;EFFET DE STOCKAGE DES GRAISSES ET DU SUCRE<\/strong><\/p>\n<p>Gr\u00e2ce \u00e0 sa formule exclusive qui en fait un produit unique, Lipolem a une action cibl\u00e9e aussi bien chez la femme que chez l&#039;homme. Les lames de figue de Barbarie aident \u00e0 limiter l\u2019absorption des nutriments. La r\u00e9sine Guggul favorise le m\u00e9tabolisme des lipides. Les deux favorisent l\u2019\u00e9quilibre du poids corporel. Les fruits du fenouil et l&#039;\u00e9corce d&#039;orange favorisent la motilit\u00e9 gastro-intestinale et l&#039;\u00e9limination des gaz.<\/p>\n<p>&nbsp;<\/p>\n<p><strong>INGR\u00c9DIENTS<\/strong><\/p>\n<p>Chaque comprim\u00e9 de 500 mg contient : NeOpuntia<sup>\u00ae<\/sup> extrait brevet\u00e9 de feuilles de figue de barbarie (Opuntia ficus-indica Mill.) 250 mg, Inclina 110 mg, r\u00e9sine de Guggul (Commiphora mukul Hook) est. seconde. 50 mg, Extrait d&#039;endocarpe d&#039;Orange douce (Citrus aurantium L. var.dulcis) 30 mg, Algue Dunaliella (Dunaliella salina EC Teodoresco) est. seconde. 5 mg, \u00e9glantier (Rosa canina L.) fruits est. seconde. 3mg, Fruits de Fenouil (Foeniculum vulgare Mill.) huile essentielle microencapsul\u00e9e 3mg, maltodextrine, acide citrique, Antiagglom\u00e9rants : dioxyde de silicium, st\u00e9arate de magn\u00e9sium.<\/p>\n<p>&nbsp;<\/p>\n<p><strong>CONSEILS D&#039;UTILISATION<\/strong><\/p>\n<p>Prendre 1 ou 2 comprim\u00e9s avant les deux principaux repas.<\/p>\n<p>&nbsp;<\/p>\n<p><strong>EMBALLAGE:<br \/>\n<\/strong><\/p>\n<p>Flacon de 80 comprim\u00e9s<\/p>\n<\/p>\n<\/p>\n<\/p>\n<\/p>\n<\/p>\n<\/p><\/p>","protected":false},"excerpt":{"rendered":"<p><strong>ARR\u00caTEZ L&#039;EFFET DE STOCKAGE DES GRAISSES ET DU SUCRE<\/strong><\/p>\n<p>Gr\u00e2ce \u00e0 sa formule exclusive qui en fait un produit unique, Lipolem a une action cibl\u00e9e aussi bien chez la femme que chez l&#039;homme. Les lames de figue de Barbarie aident \u00e0 limiter l\u2019absorption des nutriments. La r\u00e9sine Guggul favorise le m\u00e9tabolisme des lipides. Les deux favorisent l\u2019\u00e9quilibre du poids corporel. Les fruits du fenouil et l&#039;\u00e9corce d&#039;orange favorisent la motilit\u00e9 gastro-intestinale et l&#039;\u00e9limination des gaz.<\/p>\n<p>Avec une action renforc\u00e9e avec NeOpuntia<sup>\u00ae <\/sup>et Commiphora Mukul<\/p>\n<p>&nbsp;<\/p>\n<p><strong>EMBALLAGE:<br \/>\n<\/strong><\/p>\n<p>Flacon de 80 comprim\u00e9s<\/p>\n<p>&nbsp;<\/p>\n<p><strong>PRIX:<br \/>\n<\/strong><\/p>\n<p>\u20ac 28,00<\/p>\n<p>&nbsp;<\/p>\n<p>COMPL\u00c9MENT ALIMENTAIRE \u00c0 BASE DE PLANTES ET D\u00c9RIV\u00c9S<\/p>\n<p><strong>\u00a0<\/strong><\/p>\n<p>&nbsp;<\/p>\n<p>Voir la fiche technique ci-dessous<\/p>","protected":false},"featured_media":8394,"comment_status":"closed","ping_status":"closed","template":"","meta":{"_acf_changed":false},"product_cat":[307,323,89,103,67],"product_tag":[219,223],"acf":[],"_links":{"self":[{"href":"https:\/\/lemuria.it\/fr\/wp-json\/wp\/v2\/product\/8393"}],"collection":[{"href":"https:\/\/lemuria.it\/fr\/wp-json\/wp\/v2\/product"}],"about":[{"href":"https:\/\/lemuria.it\/fr\/wp-json\/wp\/v2\/types\/product"}],"replies":[{"embeddable":true,"href":"https:\/\/lemuria.it\/fr\/wp-json\/wp\/v2\/comments?post=8393"}],"wp:featuredmedia":[{"embeddable":true,"href":"https:\/\/lemuria.it\/fr\/wp-json\/wp\/v2\/media\/8394"}],"wp:attachment":[{"href":"https:\/\/lemuria.it\/fr\/wp-json\/wp\/v2\/media?parent=8393"}],"wp:term":[{"taxonomy":"product_cat","embeddable":true,"href":"https:\/\/lemuria.it\/fr\/wp-json\/wp\/v2\/product_cat?post=8393"},{"taxonomy":"product_tag","embeddable":true,"href":"https:\/\/lemuria.it\/fr\/wp-json\/wp\/v2\/product_tag?post=8393"}],"curies":[{"name":"wp","href":"https:\/\/api.w.org\/{rel}","templated":true}]}}