{"id":8374,"date":"2015-04-15T17:40:32","date_gmt":"2015-04-15T15:40:32","guid":{"rendered":"https:\/\/www.lemuria.it\/product\/andres-tuxs\/"},"modified":"2022-01-08T13:09:34","modified_gmt":"2022-01-08T12:09:34","slug":"andres-tuxs","status":"publish","type":"product","link":"https:\/\/lemuria.it\/fr\/produit\/andres-tuxs\/","title":{"rendered":"ANDRES TUXS"},"content":{"rendered":"<p><strong>VALENZA FISIOLOGICA:<\/strong><\/p>\n<p>La radice di Echinacea, le sommit\u00e0 fiorite di Erisimo e l\u2019o.e. di Malaleuca favoriscono le funzionalit\u00e0 delle prime vie respiratorie. Le foglie di Ribes e le gemme di Pino favoriscono il benessere di naso e gola.<\/p>\n<p>&nbsp;<\/p>\n<p><strong>INGR\u00c9DIENTS:<\/strong><\/p>\n<p><em>Fruttosio, Acqua, Propolis est. sec. 10%, Echinacea purpurea (Echinacea purpurea L. Moench) est. sec. radice 5%, Ribes nero (Ribes nigrum L.) foglie estratto 4%, Pino (Pinus sylvestris L.) gemme estratto 2%, Edera (Hedera helix L.) foglie est. sec. 2%, Erisimo (Sisymbrum officinale(L.)Scop.) sommit\u00e0 fiorite est. sec.2%, Verbasco (Verbascum thapsus L.) fiori est. sec. 2%, Uncaria (Uncaria tomentosa (Willd.) DC.) corteccia est. sec. 1%, Malaleuca (Malaleuca alternifolia Cheel.) foglie o.e.0,2%, Maltodestrina, aromi naturali, conservante: potassio sorbato.<\/em><\/p>\n<p>&nbsp;<\/p>\n<p><strong>CONSIGLI PER L\u2019USO:<\/strong><\/p>\n<p>Assumere 1 cucchiaino da te\u2019 del prodotto 2 volte al giorno.<\/p>\n<p>&nbsp;<\/p>\n<p><strong>EMBALLAGE:<br \/>\n<\/strong><\/p>\n<p>Flacon de 100 ml<\/p>\n<p>&nbsp;<\/p>\n<p>COMPL\u00c9MENT ALIMENTAIRE \u00c0 BASE DE PLANTES ET D\u00c9RIV\u00c9S<\/p>\n<\/p>\n<\/p>\n<\/p>\n<\/p>\n<\/p>\n<\/p><\/p>","protected":false},"excerpt":{"rendered":"<p><strong>BENESSERE DELLE VIE RESPIRATORIE<\/strong><\/p>\n<p><strong>\u00a0<\/strong><\/p>\n<p>La radice di Echinacea, le sommit\u00e0 fiorite di Erisimo e l\u2019o.e. di Malaleuca favoriscono le funzionalit\u00e0 delle prime vie respiratorie. Le foglie di Ribes e le gemme di Pino favoriscono il benessere di naso e gola.<\/p>\n<p>&nbsp;<\/p>\n<p><strong>EMBALLAGE:<br \/>\n<\/strong><\/p>\n<p>Flacon de 100 ml<\/p>\n<p><strong>PRIX:<br \/>\n<\/strong><\/p>\n<p>\u20ac 13,50<\/p>\n<p>&nbsp;<\/p>\n<p>Voir la fiche technique ci-dessous<\/p>","protected":false},"featured_media":8375,"comment_status":"closed","ping_status":"closed","template":"","meta":{"_acf_changed":false},"product_cat":[98,84,67],"product_tag":[203,143,142,144],"acf":[],"_links":{"self":[{"href":"https:\/\/lemuria.it\/fr\/wp-json\/wp\/v2\/product\/8374"}],"collection":[{"href":"https:\/\/lemuria.it\/fr\/wp-json\/wp\/v2\/product"}],"about":[{"href":"https:\/\/lemuria.it\/fr\/wp-json\/wp\/v2\/types\/product"}],"replies":[{"embeddable":true,"href":"https:\/\/lemuria.it\/fr\/wp-json\/wp\/v2\/comments?post=8374"}],"wp:featuredmedia":[{"embeddable":true,"href":"https:\/\/lemuria.it\/fr\/wp-json\/wp\/v2\/media\/8375"}],"wp:attachment":[{"href":"https:\/\/lemuria.it\/fr\/wp-json\/wp\/v2\/media?parent=8374"}],"wp:term":[{"taxonomy":"product_cat","embeddable":true,"href":"https:\/\/lemuria.it\/fr\/wp-json\/wp\/v2\/product_cat?post=8374"},{"taxonomy":"product_tag","embeddable":true,"href":"https:\/\/lemuria.it\/fr\/wp-json\/wp\/v2\/product_tag?post=8374"}],"curies":[{"name":"wp","href":"https:\/\/api.w.org\/{rel}","templated":true}]}}