{"id":8372,"date":"2015-04-15T17:38:17","date_gmt":"2015-04-15T15:38:17","guid":{"rendered":"https:\/\/www.lemuria.it\/product\/andres-spray\/"},"modified":"2022-01-08T13:11:40","modified_gmt":"2022-01-08T12:11:40","slug":"andres-spray","status":"publish","type":"product","link":"https:\/\/lemuria.it\/fr\/produit\/andres-spray\/","title":{"rendered":"ANDRES SPRAY"},"content":{"rendered":"<p><strong>VALENZA FISIOLOGICA:<\/strong><\/p>\n<p>Le sommit\u00e0 fiorite di Erisimo, gli olii essenziali di Menta e Malaleuca favoriscono la funzionalit\u00e0 delle prime vie respiratorie. Le sommit\u00e0 fiorite di Erisimo hanno azione emolliente e lenitiva sulla mucosa orofaringea.<\/p>\n<p>&nbsp;<\/p>\n<p><strong>INGR\u00c9DIENTS:<\/strong><\/p>\n<p><em>Acqua, miele purissimo di Acacia 30% , Ontano nero (Alnus glutinosa Gaertn L.) gemma 3%, Ribes nero (Ribes nigrum L.) gemma 3%, Erisimo (Sisymbriurm officinale Scop.) sommit\u00e0 fiorita 2,5%, Propoli (Propolis) resina 2,5% , Balsamo del tolu (Myroxylon balsamum L. harms) balsamo 0,3%, Finocchio (Foeniculum vulgare Mill.) o.e. 0,2% Niaouli (Malaleuca leucadendron L.) o.e. 0,1%, Menta piperita (Mentha piperita L.) o.e. 0,1%, Pino silvestre (Pinus sylvestris L. o.e. 0,1%, Malaleuca (Malaleuca alternifolia cheel) o.e. 0,05%, conservante: potassio sorbato.<\/em><\/p>\n<p>&nbsp;<\/p>\n<p><strong>CONSIGLI PER L\u2019USO:<\/strong><\/p>\n<p>Tre vaporizzazioni per pi\u00f9 volte, a seconda della necessit\u00e0, fino a 6 volte al giorno. Si consiglia di attendere un attimo prima di deglutire il prodotto.<\/p>\n<p>&nbsp;<\/p>\n<p><strong>EMBALLAGE:<br \/>\n<\/strong><\/p>\n<p>Flacon de 30 ml<\/p>\n<p>&nbsp;<\/p>\n<p>COMPL\u00c9MENT ALIMENTAIRE \u00c0 BASE DE PLANTES ET D\u00c9RIV\u00c9S<\/p>\n<\/p>\n<\/p>\n<\/p>\n<\/p>\n<\/p>\n<\/p><\/p>","protected":false},"excerpt":{"rendered":"<p><strong>PER LA GOLA<\/strong><\/p>\n<p><strong>\u00a0<\/strong><\/p>\n<p>Le sommit\u00e0 fiorite di Erisimo, gli olii essenziali di Menta e Malaleuca favoriscono la funzionalit\u00e0 delle prime vie respiratorie. Le sommit\u00e0 fiorite di Erisimo hanno azione emolliente e lenitiva sulla mucosa orofaringea.<\/p>\n<p><strong>EMBALLAGE:<br \/>\n<\/strong><\/p>\n<p>Flacon de 30 ml<\/p>\n<p><strong>PRIX:<br \/>\n<\/strong><\/p>\n<p>\u20ac 9,00<\/p>\n<p>&nbsp;<\/p>\n<p>Voir la fiche technique ci-dessous<\/p>","protected":false},"featured_media":8373,"comment_status":"closed","ping_status":"closed","template":"","meta":{"_acf_changed":false},"product_cat":[98,82,84,67],"product_tag":[203,209,212,202],"acf":[],"_links":{"self":[{"href":"https:\/\/lemuria.it\/fr\/wp-json\/wp\/v2\/product\/8372"}],"collection":[{"href":"https:\/\/lemuria.it\/fr\/wp-json\/wp\/v2\/product"}],"about":[{"href":"https:\/\/lemuria.it\/fr\/wp-json\/wp\/v2\/types\/product"}],"replies":[{"embeddable":true,"href":"https:\/\/lemuria.it\/fr\/wp-json\/wp\/v2\/comments?post=8372"}],"wp:featuredmedia":[{"embeddable":true,"href":"https:\/\/lemuria.it\/fr\/wp-json\/wp\/v2\/media\/8373"}],"wp:attachment":[{"href":"https:\/\/lemuria.it\/fr\/wp-json\/wp\/v2\/media?parent=8372"}],"wp:term":[{"taxonomy":"product_cat","embeddable":true,"href":"https:\/\/lemuria.it\/fr\/wp-json\/wp\/v2\/product_cat?post=8372"},{"taxonomy":"product_tag","embeddable":true,"href":"https:\/\/lemuria.it\/fr\/wp-json\/wp\/v2\/product_tag?post=8372"}],"curies":[{"name":"wp","href":"https:\/\/api.w.org\/{rel}","templated":true}]}}