{"id":8370,"date":"2015-04-15T17:35:15","date_gmt":"2015-04-15T15:35:15","guid":{"rendered":"https:\/\/www.lemuria.it\/product\/andres-sos-ultra-defender\/"},"modified":"2022-01-08T14:58:54","modified_gmt":"2022-01-08T13:58:54","slug":"andres-sos-ultra-defender","status":"publish","type":"product","link":"https:\/\/lemuria.it\/fr\/produit\/andres-sos-ultra-defender\/","title":{"rendered":"ANDRES SOS ULTRA D\u00c9FENSEUR"},"content":{"rendered":"<p><strong>VALENZA FISIOLOGICA:<\/strong><\/p>\n<p>Le radici di Uncaria, Astragalo ed Echinacea ed i frutti di Acerola sono utili per favorire le naturali difese dell\u2019organismo. Le foglie di t\u00e8 verde hanno attivit\u00e0 tonica in caso di stanchezza fisica e mentale.<\/p>\n<p>&nbsp;<\/p>\n<p><strong>INGR\u00c9DIENTS:<\/strong><\/p>\n<p><em>Ogni capsula da 350 mg. di gelatina\u00a0vegetale contiene: T\u00e8 verde (Camellia sinensis L.) foglie est. sec. 60 mg, Uncaria (Uncaria\u00a0kuntze tomentosa Wild DC) corteccia est.sec. 50 mg, Astragalo (Astragalus membranaceus moench.) radice est.sec.50 mg, Echinacea (Echinacea angustifolia DC) radice est.sec.50 mg, Acerola (Malpighia punicifolia L.) frutti est.sec. 50 mg, Carota (Daucus carota L.) radice est.sec.50 mg, Maltodestrina, stabilizzante: cellulosa microcristallina, agente antiagglomerante: magnesio stearato.<\/em><\/p>\n<p>&nbsp;<\/p>\n<p><strong>CONSIGLI PER L\u2019USO:<\/strong><\/p>\n<p>Assumere da 2 a 4 caspule al giorno ai pasti.<\/p>\n<p>&nbsp;<\/p>\n<p><strong>EMBALLAGE:<br \/>\n<\/strong><\/p>\n<p>Flacone da 50 capsule<\/p>\n<p>&nbsp;<\/p>\n<p>COMPL\u00c9MENT ALIMENTAIRE \u00c0 BASE DE PLANTES ET D\u00c9RIV\u00c9S<\/p>\n<\/p>\n<\/p>\n<\/p>\n<\/p>\n<\/p>\n<\/p><\/p>","protected":false},"excerpt":{"rendered":"<p><strong>POUR MIEUX SE D\u00c9FENDRE<\/strong><\/p>\n<p><strong>\u00a0<\/strong><\/p>\n<p>Le radici di Uncaria, Astragalo ed Echinacea ed i frutti di Acerola sono utili per favorire le naturali difese dell\u2019organismo. Le foglie di t\u00e8 verde hanno attivit\u00e0 tonica in caso di stanchezza fisica e mentale.<\/p>\n<p><strong>EMBALLAGE:<br \/>\n<\/strong><\/p>\n<p>Flacone da 50 capsule<\/p>\n<p><strong>PRIX:<br \/>\n<\/strong><\/p>\n<p>\u20ac 19,50<\/p>\n<p>&nbsp;<\/p>\n<p>Voir la fiche technique ci-dessous<\/p>","protected":false},"featured_media":8889,"comment_status":"closed","ping_status":"closed","template":"","meta":{"_acf_changed":false},"product_cat":[98,69,84,67],"product_tag":[203,205,211],"acf":[],"_links":{"self":[{"href":"https:\/\/lemuria.it\/fr\/wp-json\/wp\/v2\/product\/8370"}],"collection":[{"href":"https:\/\/lemuria.it\/fr\/wp-json\/wp\/v2\/product"}],"about":[{"href":"https:\/\/lemuria.it\/fr\/wp-json\/wp\/v2\/types\/product"}],"replies":[{"embeddable":true,"href":"https:\/\/lemuria.it\/fr\/wp-json\/wp\/v2\/comments?post=8370"}],"wp:featuredmedia":[{"embeddable":true,"href":"https:\/\/lemuria.it\/fr\/wp-json\/wp\/v2\/media\/8889"}],"wp:attachment":[{"href":"https:\/\/lemuria.it\/fr\/wp-json\/wp\/v2\/media?parent=8370"}],"wp:term":[{"taxonomy":"product_cat","embeddable":true,"href":"https:\/\/lemuria.it\/fr\/wp-json\/wp\/v2\/product_cat?post=8370"},{"taxonomy":"product_tag","embeddable":true,"href":"https:\/\/lemuria.it\/fr\/wp-json\/wp\/v2\/product_tag?post=8370"}],"curies":[{"name":"wp","href":"https:\/\/api.w.org\/{rel}","templated":true}]}}