{"id":8368,"date":"2015-04-15T17:32:04","date_gmt":"2015-04-15T15:32:04","guid":{"rendered":"https:\/\/www.lemuria.it\/product\/andres-sinulem\/"},"modified":"2022-01-08T15:00:58","modified_gmt":"2022-01-08T14:00:58","slug":"andres-sinulem","status":"publish","type":"product","link":"https:\/\/lemuria.it\/fr\/produit\/andres-sinulem\/","title":{"rendered":"ANDRES SINULEM"},"content":{"rendered":"<p><strong>VALENZA FISIOLOGICA:<\/strong><\/p>\n<p>L\u2019olio essenziale di Pino favorisce il benessere di naso e gola in associazione con le foglie di Eucalipto e il Balsamo di Tolu, ha un effetto balsamico, i fiori di Primula e di Sambuco favoriscono la fluidit\u00e0 delle secrezioni bronchiali.<\/p>\n<p>&nbsp;<\/p>\n<p><strong>INGR\u00c9DIENTS:<\/strong><\/p>\n<p><em>Fruttosio, Acqua depurata, Primula (Primula veris L.) fiori estratto acquoso 15%, Sambuco (Sambucus nigra L.) fiori estratto acquoso 15%, Eucalipto (Eucalyptus globulus Labillardiere) foglie estratto acquoso 15%, Verbena (Verbena Officinalis L.) erba fiorita estratto acquoso 15%, frutti di bosco succo conc., conservante: potassio sorbato, Balsamo del Tolu (Myroxylon balsamum (L.)Harms) balsamo 0,05%, Pino silvestre (Pinus sylvestris L.) o.e. 0,05%.<\/em><\/p>\n<p>&nbsp;<\/p>\n<p><strong>CONSIGLI PER L\u2019USO:<\/strong><\/p>\n<p>Agitare bene prima dell\u2019uso. Assumere un cucchiaino 3 volte al d\u00ec.<\/p>\n<p>&nbsp;<\/p>\n<p><strong>EMBALLAGE:<br \/>\n<\/strong><\/p>\n<p>Flacon de 100 ml<\/p>\n<p>&nbsp;<\/p>\n<p>COMPL\u00c9MENT ALIMENTAIRE \u00c0 BASE DE PLANTES ET D\u00c9RIV\u00c9S<\/p>\n<\/p>\n<\/p>\n<\/p>\n<\/p>\n<\/p>\n<\/p><\/p>","protected":false},"excerpt":{"rendered":"<p><strong>RESPIRATION LIBRE<\/strong><\/p>\n<p>L\u2019olio essenziale di Pino favorisce il benessere di naso e gola in associazione con le foglie di Eucalipto e il Balsamo di Tolu, ha un effetto balsamico, i fiori di Primula e di Sambuco favoriscono la fluidit\u00e0 delle secrezioni bronchiali.<\/p>\n<p>&nbsp;<\/p>\n<p><strong>EMBALLAGE:<br \/>\n<\/strong><\/p>\n<p>Flacon de 100 ml<\/p>\n<p><strong>PRIX:<br \/>\n<\/strong><\/p>\n<p>\u20ac 13,50<\/p>\n<p>&nbsp;<\/p>\n<p>Voir la fiche technique ci-dessous<\/p>","protected":false},"featured_media":8833,"comment_status":"closed","ping_status":"closed","template":"","meta":{"_acf_changed":false},"product_cat":[98,83,84,67],"product_tag":[203,209,208,210],"acf":[],"_links":{"self":[{"href":"https:\/\/lemuria.it\/fr\/wp-json\/wp\/v2\/product\/8368"}],"collection":[{"href":"https:\/\/lemuria.it\/fr\/wp-json\/wp\/v2\/product"}],"about":[{"href":"https:\/\/lemuria.it\/fr\/wp-json\/wp\/v2\/types\/product"}],"replies":[{"embeddable":true,"href":"https:\/\/lemuria.it\/fr\/wp-json\/wp\/v2\/comments?post=8368"}],"wp:featuredmedia":[{"embeddable":true,"href":"https:\/\/lemuria.it\/fr\/wp-json\/wp\/v2\/media\/8833"}],"wp:attachment":[{"href":"https:\/\/lemuria.it\/fr\/wp-json\/wp\/v2\/media?parent=8368"}],"wp:term":[{"taxonomy":"product_cat","embeddable":true,"href":"https:\/\/lemuria.it\/fr\/wp-json\/wp\/v2\/product_cat?post=8368"},{"taxonomy":"product_tag","embeddable":true,"href":"https:\/\/lemuria.it\/fr\/wp-json\/wp\/v2\/product_tag?post=8368"}],"curies":[{"name":"wp","href":"https:\/\/api.w.org\/{rel}","templated":true}]}}