{"id":8312,"date":"2015-04-15T16:29:23","date_gmt":"2015-04-15T14:29:23","guid":{"rendered":"https:\/\/www.lemuria.it\/product\/henerga-tiger\/"},"modified":"2023-06-22T16:56:30","modified_gmt":"2023-06-22T14:56:30","slug":"henerga-tiger","status":"publish","type":"product","link":"https:\/\/lemuria.it\/fr\/produit\/tigre-dhenerga\/","title":{"rendered":"TIGRE HENERGA"},"content":{"rendered":"<p><strong>VALENCE PHYSIOLOGIQUE<\/strong><\/p>\n<p>La racine de ginseng a une action tonique en cas de fatigue physique et mentale. Les racines de Maca et d&#039;\u00e9leuth\u00e9rocoque ont une activit\u00e9 tonique-adaptog\u00e8ne.<\/p>\n<p><strong>INGR\u00c9DIENTS<\/strong><\/p>\n<p>Eau purifi\u00e9e, fructose, poudre de racine de Maca (Lepidium meyenii Walp) 800 mg, racine d&#039;Eleutherococcus (Eleuterococcus senticosus Max.) est.sec.250 mg, racine de ginseng (Panax ginseng CAMeyer) est.sec. 400 mg, racine de Maca (Lepidium meyenii Walp) est.sec.150 mg, graines de chardon-Marie (Silybum marianum L.) est.sec. (tit. au 5% dans la silymarine) 100 mg, conservateur : sorbate de potassium, maltodextrine, ar\u00f4mes naturels.<\/p>\n<p><strong>CONSEILS D&#039;UTILISATION<\/strong><\/p>\n<p>Un stick une \u00e0 deux fois par jour. Les sticks peuvent \u00eatre pris tels quels directement dans la bouche ou dilu\u00e9s dans un peu de liquide.<\/p>\n<p>&nbsp;<\/p>\n<p><strong>EMBALLAGE<\/strong><\/p>\n<p>Solution buvable sous forme de stick \u2013 10 sticks de 10 ml<\/p>\n<p>&nbsp;<\/p>\n<p>COMPL\u00c9MENT ALIMENTAIRE \u00c0 BASE DE PLANTES ET D\u00c9RIV\u00c9S<\/p>","protected":false},"excerpt":{"rendered":"<p><strong>\u00c9NERGIE RAPIDE<\/strong><\/p>\n<p>La racine de ginseng a une action tonique et en cas de fatigue physique et mentale. Les racines de Maca et d&#039;\u00e9leuth\u00e9rocoque ont une activit\u00e9 tonique adaptog\u00e8ne.<\/p>\n<p>&nbsp;<\/p>\n<p><strong>PRODUIT NATUREL<\/strong><\/p>\n<p>\u00c0 BASE DE MACA, ELEUTEROCOCUM, GINSENG, CHARDON-MAIL<\/p>\n<p>&nbsp;<\/p>\n<p><strong>EMBALLAGE:<\/strong><\/p>\n<p>Quantit\u00e9 nette 100 ml<\/p>\n<p>Solution buvable sous forme de stick \u2013 10 sticks de 10 ml<\/p>\n<p><strong>PRIX:<\/strong><\/p>\n<p>\u20ac 21,50<\/p>\n<p>&nbsp;<\/p>\n<p>COMPL\u00c9MENT ALIMENTAIRE \u00c0 BASE DE PLANTES ET D\u00c9RIV\u00c9S<\/p>\n<p>&nbsp;<\/p>\n<p>Voir la fiche technique ci-dessous<\/p>","protected":false},"featured_media":9519,"comment_status":"open","ping_status":"closed","template":"","meta":{"_acf_changed":false},"product_cat":[94,324,67],"product_tag":[187,183,181,188],"acf":[],"_links":{"self":[{"href":"https:\/\/lemuria.it\/fr\/wp-json\/wp\/v2\/product\/8312"}],"collection":[{"href":"https:\/\/lemuria.it\/fr\/wp-json\/wp\/v2\/product"}],"about":[{"href":"https:\/\/lemuria.it\/fr\/wp-json\/wp\/v2\/types\/product"}],"replies":[{"embeddable":true,"href":"https:\/\/lemuria.it\/fr\/wp-json\/wp\/v2\/comments?post=8312"}],"wp:featuredmedia":[{"embeddable":true,"href":"https:\/\/lemuria.it\/fr\/wp-json\/wp\/v2\/media\/9519"}],"wp:attachment":[{"href":"https:\/\/lemuria.it\/fr\/wp-json\/wp\/v2\/media?parent=8312"}],"wp:term":[{"taxonomy":"product_cat","embeddable":true,"href":"https:\/\/lemuria.it\/fr\/wp-json\/wp\/v2\/product_cat?post=8312"},{"taxonomy":"product_tag","embeddable":true,"href":"https:\/\/lemuria.it\/fr\/wp-json\/wp\/v2\/product_tag?post=8312"}],"curies":[{"name":"wp","href":"https:\/\/api.w.org\/{rel}","templated":true}]}}