{"id":8310,"date":"2015-04-15T16:26:52","date_gmt":"2015-04-15T14:26:52","guid":{"rendered":"https:\/\/www.lemuria.it\/product\/henerga-sprint\/"},"modified":"2022-01-08T15:35:08","modified_gmt":"2022-01-08T14:35:08","slug":"henerga-sprint","status":"publish","type":"product","link":"https:\/\/lemuria.it\/fr\/produit\/heenerga-sprint\/","title":{"rendered":"HENERGA SPRINT"},"content":{"rendered":"<p><strong>VALENCE PHYSIOLOGIQUE<\/strong><\/p>\n<p>La radice di ginseng ed i semi di guaran\u00e0 hanno azione tonica in caso di stanchezza fisica e mentale. Le radici di maca ed eleuterococco hanno attivit\u00e0 tonico-adattogena.<\/p>\n<p>&nbsp;<\/p>\n<p><strong>INGR\u00c9DIENTS<\/strong><\/p>\n<p>Ogni capsula di gelatina\u00a0vegetale da 350 mg contiene: Maca (Lepidium Meyenii Walp) radice est.sec. 80 mg. Eleuterococco (Eleutherococcus senticosus L.) radice est.sec. 80 mg, Ginseng (Panax ginseng C.A.Meyer) radice est.sec.50 mg, Cardo mariano (Silybum marianum Gaertn.) frutti est.sec. (tit.5% silimarina) 25 mg, Guaran\u00e0 (Paullinia cupana Kunth.) semi est.sec. 25 mg, agente antiagglomerante: magnesio stearato, stabilizzante: cellulosa microcristallina.<\/p>\n<p><strong>\u00a0<\/strong><\/p>\n<p><strong>CONSEILS D&#039;UTILISATION<\/strong><\/p>\n<p>Assumere una o due capsule al d\u00ec, possibilmente entro il primo pomeriggio.<\/p>\n<p>&nbsp;<\/p>\n<p><strong>EMBALLAGE<\/strong><\/p>\n<p>55 capsule da 350 mg<\/p>\n<p>&nbsp;<\/p>\n<p>COMPL\u00c9MENT ALIMENTAIRE \u00c0 BASE DE PLANTES ET D\u00c9RIV\u00c9S<\/p>","protected":false},"excerpt":{"rendered":"<p><strong>ENERGIA IMMEDIATA<\/strong><\/p>\n<p>La radice di ginseng ed i semi di guaran\u00e0 hanno azione tonica in caso di stanchezza fisica e mentale. Le radice di maca ed eleuterococco hanno attivit\u00e0 tonico &#8211; adattogena<\/p>\n<p>PRODOTTO NATURALE A BASE DI MACA, ELEUTEROCOCCO, CARDO MARIANO E GUARANA&#8217;<\/p>\n<p><strong>EMBALLAGE:<\/strong><\/p>\n<p>55 capsule da 350 mg<\/p>\n<p><strong>PRIX:<\/strong><\/p>\n<p>\u20ac 21,50<\/p>\n<p>COMPL\u00c9MENT ALIMENTAIRE \u00c0 BASE DE PLANTES ET D\u00c9RIV\u00c9S<\/p>\n<p>&nbsp;<\/p>\n<p>Voir la fiche technique ci-dessous<\/p>","protected":false},"featured_media":8893,"comment_status":"open","ping_status":"closed","template":"","meta":{"_acf_changed":false},"product_cat":[94,324,67],"product_tag":[186,183,181,185],"acf":[],"_links":{"self":[{"href":"https:\/\/lemuria.it\/fr\/wp-json\/wp\/v2\/product\/8310"}],"collection":[{"href":"https:\/\/lemuria.it\/fr\/wp-json\/wp\/v2\/product"}],"about":[{"href":"https:\/\/lemuria.it\/fr\/wp-json\/wp\/v2\/types\/product"}],"replies":[{"embeddable":true,"href":"https:\/\/lemuria.it\/fr\/wp-json\/wp\/v2\/comments?post=8310"}],"wp:featuredmedia":[{"embeddable":true,"href":"https:\/\/lemuria.it\/fr\/wp-json\/wp\/v2\/media\/8893"}],"wp:attachment":[{"href":"https:\/\/lemuria.it\/fr\/wp-json\/wp\/v2\/media?parent=8310"}],"wp:term":[{"taxonomy":"product_cat","embeddable":true,"href":"https:\/\/lemuria.it\/fr\/wp-json\/wp\/v2\/product_cat?post=8310"},{"taxonomy":"product_tag","embeddable":true,"href":"https:\/\/lemuria.it\/fr\/wp-json\/wp\/v2\/product_tag?post=8310"}],"curies":[{"name":"wp","href":"https:\/\/api.w.org\/{rel}","templated":true}]}}