{"id":8305,"date":"2015-04-15T16:23:21","date_gmt":"2015-04-15T14:23:21","guid":{"rendered":"https:\/\/www.lemuria.it\/product\/henerga-nutrimmuno\/"},"modified":"2023-06-22T16:52:08","modified_gmt":"2023-06-22T14:52:08","slug":"henerga-nutrimmuno","status":"publish","type":"product","link":"https:\/\/lemuria.it\/fr\/produit\/henerga-nourrit-le-systeme-immunitaire\/","title":{"rendered":"HENERGA NUTRIMMUNO"},"content":{"rendered":"<p><strong>VALENCE PHYSIOLOGIQUE<\/strong><\/p>\n<p>Le produit contient des algues spiruline et des fruits d&#039;\u00e9glantier qui garantissent une action soutenante et r\u00e9paratrice tandis que l&#039;algue chlorella et la racine d&#039;Echinacea angustifolia favorisent les d\u00e9fenses naturelles de l&#039;organisme et enfin les feuilles de cassis favorisent le bien-\u00eatre du nez et de la gorge.<strong>.<\/strong><\/p>\n<p><strong>INGR\u00c9DIENTS<\/strong><\/p>\n<p>Pour chaque stick de 10 ml :<\/p>\n<p>Eau purifi\u00e9e, Extrait de pomme douce (Pyrus malus L.) 7,5 g, Algue spiruline (Spirulina maxima Setch. et Garner) 550 mg, Algue Chlorella (Chlorella pyrenoidosa H. Chich) 500 mg, Parties a\u00e9riennes Alpha alpha (Medicago sativa L.) est. seconde. 300 mg, Feuilles de Cassis (Ribes nigrum L.) est. seconde. 200 mg, fruits de l&#039;\u00e9glantier (Rosa Canina L.) est. seconde. 200 mg, racine d&#039;\u00e9chinac\u00e9e (Echinacea angustifolia DC). seconde. 200 mg, maltodextrine, conservateur : benzoate de sodium.<\/p>\n<p><strong>CONSEILS D&#039;UTILISATION<\/strong><\/p>\n<p>Un stick une \u00e0 deux fois par jour. Les sticks peuvent \u00eatre pris tels quels directement dans la bouche ou dilu\u00e9s dans un peu de liquide.<\/p>\n<p>&nbsp;<\/p>\n<p><strong>EMBALLAGE<\/strong><\/p>\n<p>Solution buvable sous forme de stick \u2013 10 sticks de 10 ml<\/p>\n<p>&nbsp;<\/p>\n<p>COMPL\u00c9MENT ALIMENTAIRE \u00c0 BASE DE PLANTES ET D\u00c9RIV\u00c9S<\/p>\n<\/p>\n<\/p>\n<\/p>\n<\/p>\n<\/p>\n<\/p><\/p>","protected":false},"excerpt":{"rendered":"<p><strong>\u00c9nergie et d\u00e9fenses pour tous les \u00e2ges<\/strong><\/p>\n<p>Le produit contient des algues spiruline et des fruits d&#039;\u00e9glantier qui garantissent une action soutenante et r\u00e9paratrice tandis que l&#039;algue chlorella et la racine d&#039;Echinacea angustifolia favorisent les d\u00e9fenses naturelles de l&#039;organisme et enfin les feuilles de cassis favorisent le bien-\u00eatre du nez et de la gorge.<\/p>\n<p>PRODUIT NATUREL \u00c0 BASE D&#039;ALGUES CHLORELLE, ALGUES SPIRULINE, ALFA ALFA, CASSIS, \u00c9GLISANT, \u00c9CHINAC\u00c9E<\/p>\n<p><strong>EMBALLAGE:<\/strong><\/p>\n<p>Quantit\u00e9 nette 100 ml<\/p>\n<p>Solution buvable sous forme de stick \u2013 10 sticks de 10 ml<\/p>\n<p><strong>PRIX:<\/strong><\/p>\n<p>\u20ac 21,50<\/p>\n<p>&nbsp;<\/p>\n<p>COMPL\u00c9MENT ALIMENTAIRE \u00c0 BASE DE PLANTES ET D\u00c9RIV\u00c9S<\/p>\n<p>&nbsp;<\/p>\n<p>Voir la fiche technique ci-dessous<\/p>","protected":false},"featured_media":9518,"comment_status":"open","ping_status":"closed","template":"","meta":{"_acf_changed":false},"product_cat":[69,94,86,324,67],"product_tag":[183,181,184],"acf":[],"_links":{"self":[{"href":"https:\/\/lemuria.it\/fr\/wp-json\/wp\/v2\/product\/8305"}],"collection":[{"href":"https:\/\/lemuria.it\/fr\/wp-json\/wp\/v2\/product"}],"about":[{"href":"https:\/\/lemuria.it\/fr\/wp-json\/wp\/v2\/types\/product"}],"replies":[{"embeddable":true,"href":"https:\/\/lemuria.it\/fr\/wp-json\/wp\/v2\/comments?post=8305"}],"wp:featuredmedia":[{"embeddable":true,"href":"https:\/\/lemuria.it\/fr\/wp-json\/wp\/v2\/media\/9518"}],"wp:attachment":[{"href":"https:\/\/lemuria.it\/fr\/wp-json\/wp\/v2\/media?parent=8305"}],"wp:term":[{"taxonomy":"product_cat","embeddable":true,"href":"https:\/\/lemuria.it\/fr\/wp-json\/wp\/v2\/product_cat?post=8305"},{"taxonomy":"product_tag","embeddable":true,"href":"https:\/\/lemuria.it\/fr\/wp-json\/wp\/v2\/product_tag?post=8305"}],"curies":[{"name":"wp","href":"https:\/\/api.w.org\/{rel}","templated":true}]}}