{"id":8302,"date":"2015-04-15T16:17:31","date_gmt":"2015-04-15T14:17:31","guid":{"rendered":"https:\/\/www.lemuria.it\/product\/henerga-con-pappa-reale\/"},"modified":"2023-06-22T15:41:06","modified_gmt":"2023-06-22T13:41:06","slug":"henerga-con-pappa-reale","status":"publish","type":"product","link":"https:\/\/lemuria.it\/fr\/produit\/henerga-con-pappa-reale\/","title":{"rendered":"HENERGA \u00c0 LA GEL\u00c9E ROYALE"},"content":{"rendered":"<p><strong>VALENCE PHYSIOLOGIQUE<\/strong><\/p>\n<p>E\u2019 un preparato di origine naturale che unisce il valore energetico e nutritivo del miele, della Pappa reale e del Polline a quello attivo della Rosa Canina, del Ribes e del Mirtillo.<\/p>\n<p>&nbsp;<\/p>\n<p><strong>INGR\u00c9DIENTS<\/strong><\/p>\n<p>Pour chaque stick de 10 ml :<\/p>\n<p>Fruttosio, acqua, Miele d\u2019acacia, Pappa reale, Mirtillo (Vaccinium myrtillus L.) bacche succo, Ribes nero (Ribes nigrum L.) foglie estratto totale, Rosa Canina (Rosa canina L.) frutti estratto totale, Limone (Citrus limon) succo, Polline estratto secco, acidificante: acido citrico. Conservanti: Potassio sorbato e Sodio benzoato<\/p>\n<p>&nbsp;<\/p>\n<p><strong>CONSEILS D&#039;UTILISATION<\/strong><\/p>\n<p>Un stick une \u00e0 deux fois par jour. Les sticks peuvent \u00eatre pris tels quels directement dans la bouche ou dilu\u00e9s dans un peu de liquide.<\/p>\n<p>&nbsp;<\/p>\n<p><strong>EMBALLAGE:<\/strong><\/p>\n<p>Solution buvable sous forme de stick \u2013 10 sticks de 10 ml<\/p>\n<p>&nbsp;<\/p>\n<p>INTEGRATORE ALIMENTARE A BASE DI PAPPA REALE, PIANTE E DERIVATI<\/p>","protected":false},"excerpt":{"rendered":"<p><strong>ENERGIA DURATURA<\/strong><\/p>\n<p>Concentrato di energia naturale formulato per affrontare cali di rendimento fisico, delle difese dell\u2019organismo e debilitazioni.<\/p>\n<p>&nbsp;<\/p>\n<p>PRODOTTO NATURALE A BASE DI PAPPA REALE, MIRTILLO, RIBES NERO, ROSA CANINA, POLLINE<\/p>\n<p><strong>EMBALLAGE:<\/strong><\/p>\n<p>Quantit\u00e0 netta totale 100 ml<\/p>\n<p>Solution buvable sous forme de stick \u2013 10 sticks de 10 ml<\/p>\n<p><strong>PRIX:<\/strong><\/p>\n<p>\u20ac 21,50<\/p>\n<p>&nbsp;<\/p>\n<p>INTEGRATORE ALIMENTARE A BASE DI PAPPA REALE, PIANTE E DERIVATI<\/p>\n<p>&nbsp;<\/p>\n<p>Voir la fiche technique ci-dessous<\/p>","protected":false},"featured_media":9517,"comment_status":"open","ping_status":"closed","template":"","meta":{"_acf_changed":false},"product_cat":[94,86,324,67],"product_tag":[183,181,182],"acf":[],"_links":{"self":[{"href":"https:\/\/lemuria.it\/fr\/wp-json\/wp\/v2\/product\/8302"}],"collection":[{"href":"https:\/\/lemuria.it\/fr\/wp-json\/wp\/v2\/product"}],"about":[{"href":"https:\/\/lemuria.it\/fr\/wp-json\/wp\/v2\/types\/product"}],"replies":[{"embeddable":true,"href":"https:\/\/lemuria.it\/fr\/wp-json\/wp\/v2\/comments?post=8302"}],"wp:featuredmedia":[{"embeddable":true,"href":"https:\/\/lemuria.it\/fr\/wp-json\/wp\/v2\/media\/9517"}],"wp:attachment":[{"href":"https:\/\/lemuria.it\/fr\/wp-json\/wp\/v2\/media?parent=8302"}],"wp:term":[{"taxonomy":"product_cat","embeddable":true,"href":"https:\/\/lemuria.it\/fr\/wp-json\/wp\/v2\/product_cat?post=8302"},{"taxonomy":"product_tag","embeddable":true,"href":"https:\/\/lemuria.it\/fr\/wp-json\/wp\/v2\/product_tag?post=8302"}],"curies":[{"name":"wp","href":"https:\/\/api.w.org\/{rel}","templated":true}]}}