{"id":8279,"date":"2015-04-14T12:58:27","date_gmt":"2015-04-14T10:58:27","guid":{"rendered":"https:\/\/www.lemuria.it\/product\/gocce-di-erbe\/"},"modified":"2022-01-08T15:49:35","modified_gmt":"2022-01-08T14:49:35","slug":"gocce-di-erbe","status":"publish","type":"product","link":"https:\/\/lemuria.it\/fr\/produit\/gouttes-a-base-de-plantes\/","title":{"rendered":"GOUTTES \u00c0 BASE DE PLANTES"},"content":{"rendered":"<p><strong>VALENCE PHYSIOLOGIQUE<\/strong><\/p>\n<p>Les feuilles de m\u00e9lisse et de thym, les fruits de coriandre, la racine d&#039;ang\u00e9lique, l&#039;herbe \u00e0 fleurs d&#039;achill\u00e9e millefeuille et le zeste d&#039;orange favorisent la fonction digestive, la motilit\u00e9 gastro-intestinale r\u00e9guli\u00e8re et l&#039;\u00e9limination des gaz.<\/p>\n<p>&nbsp;<\/p>\n<p><strong>INGR\u00c9DIENTS<\/strong><\/p>\n<p>Fructose, Eau, extrait de : Racine de Gentiane (Gentiana lutea L.) 23%, Fruits de Chardon-Marie (Silybum marianum Goertn.) 12%, Feuilles de M\u00e9lisse (Melissa officinalis L.) 11%, Achill\u00e9e millefeuille (Achillea millefolium L.) herbe \u00e0 fleurs 10%, Racine d&#039;ang\u00e9lique (Angelica archangelica L.) 8%, rhizome de curcuma (Curcuma longa L.) 7%, racine de pissenlit (Taraxacum officinale L. Weber ex FHWIGG) 7%, racine de r\u00e9glisse (Glycyrriza glabra L.) 7%, orange (Citrus aurantium L. var) dulcis) \u00e9corces 5% Feuilles de Thym (Thymus vulgaris L.) 5%, Fruits de Coriandre (Coriandrum sativum L.) 5%. Il s&#039;agit d&#039;un extrait total 1:1 dans une solution de fructose avec 70%.<\/p>\n<p>&nbsp;<\/p>\n<p><strong>CONSEILS D&#039;UTILISATION<\/strong><\/p>\n<p>10 \u00e0 25 gouttes avant les principaux repas. Les gouttes peuvent \u00eatre prises telles quelles directement dans la bouche ou dilu\u00e9es dans un peu de liquide.<\/p>\n<p>AVERTISSEMENTS\u00a0: En raison de la pr\u00e9sence de <strong>r\u00e9glisse<\/strong>, le produit est \u00e0 prendre avec mod\u00e9ration en cas d&#039;hypertension. Son utilisation est d\u00e9conseill\u00e9e pendant la grossesse, l&#039;allaitement et chez les moins de 12 ans.<\/p>\n<p>&nbsp;<\/p>\n<p><strong>EMBALLAGE:<br \/>\n<\/strong><\/p>\n<p>Flacon de 30 ml<\/p>\n<\/p>\n<\/p>\n<\/p>\n<\/p>\n<\/p>\n<\/p><\/p>","protected":false},"excerpt":{"rendered":"<p><strong>POUR UNE DIGESTION OPTIMALE<br \/>\n<\/strong><\/p>\n<p>Les feuilles de m\u00e9lisse et de thym, les fruits de coriandre, la racine d&#039;ang\u00e9lique, l&#039;herbe \u00e0 fleurs d&#039;achill\u00e9e millefeuille et le zeste d&#039;orange favorisent la fonction digestive, la motilit\u00e9 gastro-intestinale r\u00e9guli\u00e8re et l&#039;\u00e9limination des gaz.<\/p>\n<p><strong>EMBALLAGE:<br \/>\n<\/strong><\/p>\n<p>Flacon de 30 ml<\/p>\n<p><strong>PRIX:<\/strong><\/p>\n<p>\u20ac 16,00<\/p>\n<p>COMPL\u00c9MENT ALIMENTAIRE \u00c0 BASE DE PLANTES ET D\u00c9RIV\u00c9S<\/p>\n<p>Voir la fiche technique ci-dessous<\/p>","protected":false},"featured_media":8853,"comment_status":"open","ping_status":"closed","template":"","meta":{"_acf_changed":false},"product_cat":[96,79,67],"product_tag":[170,177,176],"acf":[],"_links":{"self":[{"href":"https:\/\/lemuria.it\/fr\/wp-json\/wp\/v2\/product\/8279"}],"collection":[{"href":"https:\/\/lemuria.it\/fr\/wp-json\/wp\/v2\/product"}],"about":[{"href":"https:\/\/lemuria.it\/fr\/wp-json\/wp\/v2\/types\/product"}],"replies":[{"embeddable":true,"href":"https:\/\/lemuria.it\/fr\/wp-json\/wp\/v2\/comments?post=8279"}],"wp:featuredmedia":[{"embeddable":true,"href":"https:\/\/lemuria.it\/fr\/wp-json\/wp\/v2\/media\/8853"}],"wp:attachment":[{"href":"https:\/\/lemuria.it\/fr\/wp-json\/wp\/v2\/media?parent=8279"}],"wp:term":[{"taxonomy":"product_cat","embeddable":true,"href":"https:\/\/lemuria.it\/fr\/wp-json\/wp\/v2\/product_cat?post=8279"},{"taxonomy":"product_tag","embeddable":true,"href":"https:\/\/lemuria.it\/fr\/wp-json\/wp\/v2\/product_tag?post=8279"}],"curies":[{"name":"wp","href":"https:\/\/api.w.org\/{rel}","templated":true}]}}