{"id":8268,"date":"2015-04-14T12:46:32","date_gmt":"2015-04-14T10:46:32","guid":{"rendered":"https:\/\/www.lemuria.it\/product\/memo-lem\/"},"modified":"2022-01-08T15:55:07","modified_gmt":"2022-01-08T14:55:07","slug":"memo-lem","status":"publish","type":"product","link":"https:\/\/lemuria.it\/fr\/produit\/memo-lem\/","title":{"rendered":"M\u00c9MO LEM"},"content":{"rendered":"<p><strong>VALENCE PHYSIOLOGIQUE<\/strong><\/p>\n<p>La radice di eleuterococco, l\u2019erba di bacopa e di centella favoriscono la memoria e le funzioni cognitive.<\/p>\n<p>&nbsp;<\/p>\n<p><strong>INGR\u00c9DIENTS<\/strong><\/p>\n<p>Acqua depurata, Fruttosio, Eleuterococco (eleutherococcus senticosus Max.) estratto secco da radice tit. al 0,4% eleuterosidi totali, Cola (Cola acuminata Schott. Et. Endl.) estratto secco da seme, Centella (Centella asiatica L.) estratto secco da erba tit. al 5% in terpeni totali, Bacopa (Bacopa monnieri Pennel) estratto secco da erba. Aroma naturale: Frutti di bosco. Conservante: sodio benzoato. Correttore di acidit\u00e0: acido citrico.<\/p>\n<p>&nbsp;<\/p>\n<p><strong>CONSEILS D&#039;UTILISATION<\/strong><\/p>\n<p>Pour une utilisation di\u00e9t\u00e9tique correcte, il est recommand\u00e9 de prendre une ampoule par jour, ou tous les deux jours selon les besoins.<\/p>\n<p>&nbsp;<\/p>\n<p><strong>EMBALLAGE<\/strong><\/p>\n<p>10 flacons de 10 ml<\/p>","protected":false},"excerpt":{"rendered":"<p><strong>MEMORIA<\/strong><\/p>\n<p>La radice di eleuterococco, l\u2019erba di bacopa e di centella favoriscono la memoria e le funzioni cognitive.<\/p>\n<p>&nbsp;<\/p>\n<p><strong>EMBALLAGE:<\/strong><\/p>\n<p>10 flacons de 10 ml<\/p>\n<p>&nbsp;<\/p>\n<p><strong>PRIX:<\/strong><\/p>\n<p>\u20ac 21,50<\/p>\n<p>&nbsp;<\/p>\n<p>COMPL\u00c9MENT ALIMENTAIRE \u00c0 BASE D&#039;EXTRAITS DE PLANTES<\/p>\n<p>Prodotto naturale a base di Eleuterococco, Cola, Centella e Bacopa<\/p>\n<p>Solution buvable en flacons<\/p>\n<p>&nbsp;<\/p>\n<p>Voir la fiche technique ci-dessous<\/p>","protected":false},"featured_media":8821,"comment_status":"open","ping_status":"closed","template":"","meta":{"_acf_changed":false},"product_cat":[101,70,86,324,67],"product_tag":[164,168,169,148],"acf":[],"_links":{"self":[{"href":"https:\/\/lemuria.it\/fr\/wp-json\/wp\/v2\/product\/8268"}],"collection":[{"href":"https:\/\/lemuria.it\/fr\/wp-json\/wp\/v2\/product"}],"about":[{"href":"https:\/\/lemuria.it\/fr\/wp-json\/wp\/v2\/types\/product"}],"replies":[{"embeddable":true,"href":"https:\/\/lemuria.it\/fr\/wp-json\/wp\/v2\/comments?post=8268"}],"wp:featuredmedia":[{"embeddable":true,"href":"https:\/\/lemuria.it\/fr\/wp-json\/wp\/v2\/media\/8821"}],"wp:attachment":[{"href":"https:\/\/lemuria.it\/fr\/wp-json\/wp\/v2\/media?parent=8268"}],"wp:term":[{"taxonomy":"product_cat","embeddable":true,"href":"https:\/\/lemuria.it\/fr\/wp-json\/wp\/v2\/product_cat?post=8268"},{"taxonomy":"product_tag","embeddable":true,"href":"https:\/\/lemuria.it\/fr\/wp-json\/wp\/v2\/product_tag?post=8268"}],"curies":[{"name":"wp","href":"https:\/\/api.w.org\/{rel}","templated":true}]}}