{"id":8262,"date":"2015-04-14T12:39:11","date_gmt":"2015-04-14T10:39:11","guid":{"rendered":"https:\/\/www.lemuria.it\/product\/allergo-lem\/"},"modified":"2022-01-08T16:00:36","modified_gmt":"2022-01-08T15:00:36","slug":"allergo-lem","status":"publish","type":"product","link":"https:\/\/lemuria.it\/fr\/produit\/je-suis-allergique-au-lem\/","title":{"rendered":"J&#039;ALLERGIE LEM"},"content":{"rendered":"<p><strong>VALENCE PHYSIOLOGIQUE<\/strong><\/p>\n<p>Les graines de p\u00e9rilla sont utiles pour les d\u00e9fenses physiologiques de l&#039;organisme, les feuilles de cassis contribuent au bien-\u00eatre naturel du nez et de la gorge<\/p>\n<p>&nbsp;<\/p>\n<p><strong>INGR\u00c9DIENTS<\/strong><\/p>\n<p><strong>Pour chaque flacon de 10 ml :<\/strong><\/p>\n<p>Eau purifi\u00e9e, Fructose, Extrait sec de p\u00e9rilla (Perilla frutescens Britton) de graine, Extrait de fleur de c\u00e2pre (Capparis spinosa L.), Extrait sec de groseille (Ribes nigrum L.), Extrait de poivre noir (Piper nigrum L.) de fruit , Ar\u00f4me naturel : agrumes. Conservateur : benzoate de sodium, R\u00e9gulateur d&#039;acidit\u00e9 : acide citrique.<\/p>\n<p>&nbsp;<\/p>\n<p><strong>CONSEILS D&#039;UTILISATION<\/strong><\/p>\n<p>Pour une utilisation di\u00e9t\u00e9tique correcte, il est recommand\u00e9 de prendre une ampoule par jour, ou tous les deux jours selon les besoins.<\/p>\n<p>&nbsp;<\/p>\n<p><strong>EMBALLAGE<\/strong><\/p>\n<p>10 flacons de 10 ml<\/p>","protected":false},"excerpt":{"rendered":"<p><strong>ALLERGIES<\/strong><\/p>\n<p>Les graines de p\u00e9rilla sont utiles pour les d\u00e9fenses physiologiques de l&#039;organisme, les feuilles de cassis contribuent au bien-\u00eatre naturel du nez et de la gorge<\/p>\n<p>&nbsp;<\/p>\n<p><strong>EMBALLAGE:<\/strong><\/p>\n<p>10 flacons de 10 ml<\/p>\n<p><strong>PRIX:<\/strong><\/p>\n<p>\u20ac 21,50<\/p>\n<p>&nbsp;<\/p>\n<p>COMPL\u00c9MENT ALIMENTAIRE \u00c0 BASE D&#039;EXTRAITS DE PLANTES<\/p>\n<p>Produit naturel \u00e0 base de Perilla, C\u00e2pre, Groseille et Poivre Noir<\/p>\n<p>Solution buvable en flacons<\/p>\n<p>&nbsp;<\/p>\n<p>Voir la fiche technique ci-dessous<\/p>","protected":false},"featured_media":8823,"comment_status":"open","ping_status":"closed","template":"","meta":{"_acf_changed":false},"product_cat":[68,101,67],"product_tag":[165,163,164],"acf":[],"_links":{"self":[{"href":"https:\/\/lemuria.it\/fr\/wp-json\/wp\/v2\/product\/8262"}],"collection":[{"href":"https:\/\/lemuria.it\/fr\/wp-json\/wp\/v2\/product"}],"about":[{"href":"https:\/\/lemuria.it\/fr\/wp-json\/wp\/v2\/types\/product"}],"replies":[{"embeddable":true,"href":"https:\/\/lemuria.it\/fr\/wp-json\/wp\/v2\/comments?post=8262"}],"wp:featuredmedia":[{"embeddable":true,"href":"https:\/\/lemuria.it\/fr\/wp-json\/wp\/v2\/media\/8823"}],"wp:attachment":[{"href":"https:\/\/lemuria.it\/fr\/wp-json\/wp\/v2\/media?parent=8262"}],"wp:term":[{"taxonomy":"product_cat","embeddable":true,"href":"https:\/\/lemuria.it\/fr\/wp-json\/wp\/v2\/product_cat?post=8262"},{"taxonomy":"product_tag","embeddable":true,"href":"https:\/\/lemuria.it\/fr\/wp-json\/wp\/v2\/product_tag?post=8262"}],"curies":[{"name":"wp","href":"https:\/\/api.w.org\/{rel}","templated":true}]}}