{"id":8259,"date":"2015-04-14T12:33:34","date_gmt":"2015-04-14T10:33:34","guid":{"rendered":"https:\/\/www.lemuria.it\/product\/equilibre-9\/"},"modified":"2022-01-08T16:02:38","modified_gmt":"2022-01-08T15:02:38","slug":"equilibre-9","status":"publish","type":"product","link":"https:\/\/lemuria.it\/fr\/produit\/equilibre-9\/","title":{"rendered":"\u00c9QUILIBRE\u00ae 9"},"content":{"rendered":"<p><strong>FACILI ENTUSIASMI &#8211; TESTARDAGGINE<\/strong><\/p>\n<p>Contains some flower essences as: Pine, Agrimony<\/p>\n<p><strong>\u00a0<\/strong><\/p>\n<p><strong>INGR\u00c9DIENTS<\/strong><\/p>\n<p>Acqua, fruttosio, estratti di Eleuterococco (Eleuterococcus senticosus Maxim.) radice 5%, Maggiorana (Origanum majorana L.) foglie 5%, Macerati di Pino (Pinus sylvestris L.) fiori 0,21%, Agrimonia (Agrimonia eupatoria L.) fiori 0,21%.<\/p>\n<p><strong>\u00a0<\/strong><\/p>\n<p><strong>CONSEILS D&#039;UTILISATION<\/strong><\/p>\n<p>6 gouttes 4 fois par jour. Les gouttes peuvent \u00eatre prises telles quelles directement dans la bouche ou dilu\u00e9es dans un peu de liquide.<\/p>\n<p>&nbsp;<\/p>\n<p><strong>EMBALLAGE<\/strong><\/p>\n<p>Quantit\u00e9 nette 30 ml<\/p>","protected":false},"excerpt":{"rendered":"<p><strong>FACILI ENTUSIASMI \u2013 TESTARDAGGINE<br \/>\n<\/strong><\/p>\n<p>Contains some flower essences as: Pine, Agrimony<\/p>\n<p>Solution buvable en gouttes<\/p>\n<p><strong>EMBALLAGE:<\/strong><\/p>\n<p>Quantit\u00e9 nette 30 ml<\/p>\n<p><strong>PRIX:<\/strong><\/p>\n<p>16,00<\/p>\n<p>COMPL\u00c9MENT ALIMENTAIRE \u00c0 BASE DE PLANTES ET D\u00c9RIV\u00c9S<\/p>\n<p><em>\u00a0<\/em>Voir la fiche technique ci-dessous<\/p>\n<p>&nbsp;<\/p>","protected":false},"featured_media":8260,"comment_status":"open","ping_status":"closed","template":"","meta":{"_acf_changed":false},"product_cat":[93,72,67],"product_tag":[161,146,148,162],"acf":[],"_links":{"self":[{"href":"https:\/\/lemuria.it\/fr\/wp-json\/wp\/v2\/product\/8259"}],"collection":[{"href":"https:\/\/lemuria.it\/fr\/wp-json\/wp\/v2\/product"}],"about":[{"href":"https:\/\/lemuria.it\/fr\/wp-json\/wp\/v2\/types\/product"}],"replies":[{"embeddable":true,"href":"https:\/\/lemuria.it\/fr\/wp-json\/wp\/v2\/comments?post=8259"}],"wp:featuredmedia":[{"embeddable":true,"href":"https:\/\/lemuria.it\/fr\/wp-json\/wp\/v2\/media\/8260"}],"wp:attachment":[{"href":"https:\/\/lemuria.it\/fr\/wp-json\/wp\/v2\/media?parent=8259"}],"wp:term":[{"taxonomy":"product_cat","embeddable":true,"href":"https:\/\/lemuria.it\/fr\/wp-json\/wp\/v2\/product_cat?post=8259"},{"taxonomy":"product_tag","embeddable":true,"href":"https:\/\/lemuria.it\/fr\/wp-json\/wp\/v2\/product_tag?post=8259"}],"curies":[{"name":"wp","href":"https:\/\/api.w.org\/{rel}","templated":true}]}}