{"id":8256,"date":"2015-04-14T12:31:16","date_gmt":"2015-04-14T10:31:16","guid":{"rendered":"https:\/\/www.lemuria.it\/product\/equilibre-8\/"},"modified":"2022-01-08T16:04:17","modified_gmt":"2022-01-08T15:04:17","slug":"equilibre-8","status":"publish","type":"product","link":"https:\/\/lemuria.it\/fr\/produit\/equilibre-8\/","title":{"rendered":"\u00c9QUILIBRE\u00ae 8"},"content":{"rendered":"<p><strong>DEBOLEZZA &#8211; STRESS<\/strong><\/p>\n<p>Contains some flower essences as: Oak, Olive, Mustard, Vervain, Sweet Chestnut<\/p>\n<p><strong>\u00a0<\/strong><\/p>\n<p><strong>INGR\u00c9DIENTS<\/strong><\/p>\n<p>Acqua, fruttosio, estratti di Genziana (Gentiana lutea L.) radice 5%, Basilico (Ocimum basilicum L.) fiori 5%, Macerati di Quercia (Quercus robur L.) fiori 0,21%, Olivo (Olea europea L.) fiori 0,21%, Senape (Sinapis arvensis L.) fiori 0,21%, Verbena (Verbena officinalis L.) fiori 0,21%, Castagno dolce (Castanea sativa Mill.) fiori 0,21%.<\/p>\n<p><strong>\u00a0<\/strong><\/p>\n<p><strong>CONSEILS D&#039;UTILISATION<\/strong><\/p>\n<p>6 gouttes 4 fois par jour. Les gouttes peuvent \u00eatre prises telles quelles directement dans la bouche ou dilu\u00e9es dans un peu de liquide.<\/p>\n<p>&nbsp;<\/p>\n<p><strong>EMBALLAGE<\/strong><\/p>\n<p>Quantit\u00e9 nette 30 ml<\/p>","protected":false},"excerpt":{"rendered":"<p><strong>DEBOLEZZA- STRESS<\/strong><\/p>\n<p>Contains some flower essences as: Oak, Olive, Mustard, Vervain, Sweet Chestnut<\/p>\n<p>Solution buvable en gouttes<\/p>\n<p><strong>EMBALLAGE:<\/strong><\/p>\n<p>Quantit\u00e9 nette 30 ml<\/p>\n<p><strong>PRIX:<\/strong><\/p>\n<p>\u20ac 16,00<\/p>\n<p>COMPL\u00c9MENT ALIMENTAIRE \u00c0 BASE DE PLANTES ET D\u00c9RIV\u00c9S<\/p>\n<p><em>\u00a0<\/em>Voir la fiche technique ci-dessous<\/p>","protected":false},"featured_media":8257,"comment_status":"open","ping_status":"closed","template":"","meta":{"_acf_changed":false},"product_cat":[93,72,67],"product_tag":[160,145,146,148],"acf":[],"_links":{"self":[{"href":"https:\/\/lemuria.it\/fr\/wp-json\/wp\/v2\/product\/8256"}],"collection":[{"href":"https:\/\/lemuria.it\/fr\/wp-json\/wp\/v2\/product"}],"about":[{"href":"https:\/\/lemuria.it\/fr\/wp-json\/wp\/v2\/types\/product"}],"replies":[{"embeddable":true,"href":"https:\/\/lemuria.it\/fr\/wp-json\/wp\/v2\/comments?post=8256"}],"wp:featuredmedia":[{"embeddable":true,"href":"https:\/\/lemuria.it\/fr\/wp-json\/wp\/v2\/media\/8257"}],"wp:attachment":[{"href":"https:\/\/lemuria.it\/fr\/wp-json\/wp\/v2\/media?parent=8256"}],"wp:term":[{"taxonomy":"product_cat","embeddable":true,"href":"https:\/\/lemuria.it\/fr\/wp-json\/wp\/v2\/product_cat?post=8256"},{"taxonomy":"product_tag","embeddable":true,"href":"https:\/\/lemuria.it\/fr\/wp-json\/wp\/v2\/product_tag?post=8256"}],"curies":[{"name":"wp","href":"https:\/\/api.w.org\/{rel}","templated":true}]}}