{"id":8246,"date":"2015-04-14T10:56:36","date_gmt":"2015-04-14T08:56:36","guid":{"rendered":"https:\/\/www.lemuria.it\/product\/equilibre-5\/"},"modified":"2022-01-08T16:11:30","modified_gmt":"2022-01-08T15:11:30","slug":"equilibre-5","status":"publish","type":"product","link":"https:\/\/lemuria.it\/fr\/produit\/equilibre-5\/","title":{"rendered":"\u00c9QUILIBRE\u00ae 5"},"content":{"rendered":"<p><strong>PAURA &#8211; TERRORE<\/strong><\/p>\n<p>Contains some flower essences as: Mustard, Walnut, Aspen, Mimulus<\/p>\n<p><strong>\u00a0<\/strong><\/p>\n<p><strong>INGR\u00c9DIENTS<\/strong><\/p>\n<p>Acqua, Fruttosio, Basilico (Ocimum basilicum L.) foglie estratto 5%, Tiglio (Tilia cordata Mill.) fiori estratto 5%, Macerata di Senape (Sinapis arvensis) fiori 0,21%, Noce (Juglans regina L.) fiori 0,21%, Pioppo (Populus tremula L.) fiori 0,21%, Mimolo (Mimulus guttatus) fiori 0,21%.<\/p>\n<p>&nbsp;<\/p>\n<p><strong>CONSEILS D&#039;UTILISATION<\/strong><\/p>\n<p>6 gouttes 4 fois par jour. Les gouttes peuvent \u00eatre prises telles quelles directement dans la bouche ou dilu\u00e9es dans un peu de liquide.<\/p>\n<p>&nbsp;<\/p>\n<p><strong>EMBALLAGE<\/strong><\/p>\n<p>Quantit\u00e9 nette 30 ml<\/p>\n<p>&nbsp;<\/p>\n<p><em>\u00a0<\/em><\/p>","protected":false},"excerpt":{"rendered":"<p><strong>PAURA \u2013 TERRORE<\/strong><\/p>\n<p>Contains some flower essences as: Mustard, Walnut, Aspen, Mimulus<\/p>\n<p>Solution buvable en gouttes<\/p>\n<p><strong>EMBALLAGE:<\/strong><\/p>\n<p>Quantit\u00e9 nette 30 ml<\/p>\n<p><strong>PRIX:<\/strong><\/p>\n<p>16,00<\/p>\n<p>COMPL\u00c9MENT ALIMENTAIRE \u00c0 BASE DE PLANTES ET D\u00c9RIV\u00c9S<\/p>\n<p><em>\u00a0<\/em>Voir la fiche technique ci-dessous<\/p>","protected":false},"featured_media":8247,"comment_status":"open","ping_status":"closed","template":"","meta":{"_acf_changed":false},"product_cat":[93,72,67],"product_tag":[145,146,154,155],"acf":[],"_links":{"self":[{"href":"https:\/\/lemuria.it\/fr\/wp-json\/wp\/v2\/product\/8246"}],"collection":[{"href":"https:\/\/lemuria.it\/fr\/wp-json\/wp\/v2\/product"}],"about":[{"href":"https:\/\/lemuria.it\/fr\/wp-json\/wp\/v2\/types\/product"}],"replies":[{"embeddable":true,"href":"https:\/\/lemuria.it\/fr\/wp-json\/wp\/v2\/comments?post=8246"}],"wp:featuredmedia":[{"embeddable":true,"href":"https:\/\/lemuria.it\/fr\/wp-json\/wp\/v2\/media\/8247"}],"wp:attachment":[{"href":"https:\/\/lemuria.it\/fr\/wp-json\/wp\/v2\/media?parent=8246"}],"wp:term":[{"taxonomy":"product_cat","embeddable":true,"href":"https:\/\/lemuria.it\/fr\/wp-json\/wp\/v2\/product_cat?post=8246"},{"taxonomy":"product_tag","embeddable":true,"href":"https:\/\/lemuria.it\/fr\/wp-json\/wp\/v2\/product_tag?post=8246"}],"curies":[{"name":"wp","href":"https:\/\/api.w.org\/{rel}","templated":true}]}}