{"id":8240,"date":"2015-04-14T10:51:14","date_gmt":"2015-04-14T08:51:14","guid":{"rendered":"https:\/\/www.lemuria.it\/product\/equilibre-2-copy\/"},"modified":"2022-01-08T16:20:41","modified_gmt":"2022-01-08T15:20:41","slug":"equilibre-3","status":"publish","type":"product","link":"https:\/\/lemuria.it\/fr\/produit\/solde-3\/","title":{"rendered":"\u00c9QUILIBRE\u00ae 3"},"content":{"rendered":"<p><strong>VULN\u00c9RABILIT\u00c9, IND\u00c9CISION<\/strong><\/p>\n<p>Contient quelques essences florales comme : M\u00e9l\u00e8ze. Gentiane, Orme, Noyer, Pin<\/p>\n<p><strong>\u00a0<\/strong><\/p>\n<p><strong>INGR\u00c9DIENTS<\/strong><\/p>\n<p>Eau, Fructose, extraits de feuilles d&#039;Ortie (Urtica dioica L.) 5%, Fleurs de Cresson (Nasturtium officinalis R. brown) 5%, Fleurs Mac\u00e9r\u00e9es de M\u00e9l\u00e8ze (Larix Occidentalis Nutt.) 0,21%, Fleurs de Gentiane (Gentiana lutea L.) 0,21% , Fleurs d&#039;orme (Ulmus procera Salisb.) 0,21%, fleurs de noyer (juglans regia L.) 0,21%, fleurs de pin (Pinus sylvestris L.) 0,21%.<\/p>\n<p>&nbsp;<\/p>\n<p><strong>CONSEILS D&#039;UTILISATION<\/strong><\/p>\n<p>6 gouttes 4 fois par jour. Les gouttes peuvent \u00eatre prises telles quelles directement dans la bouche ou dilu\u00e9es dans un peu de liquide.<\/p>\n<p>&nbsp;<\/p>\n<p><strong>EMBALLAGE<\/strong><\/p>\n<p>Quantit\u00e9 nette 30 ml<\/p>","protected":false},"excerpt":{"rendered":"<p><strong>VULN\u00c9RABILIT\u00c9 \u2013 IND\u00c9CISION<br \/>\n<\/strong><\/p>\n<p>Contient quelques essences florales comme : M\u00e9l\u00e8ze. Gentiane, Orme, Noyer, Pin<\/p>\n<p>Solution buvable en gouttes<\/p>\n<p><strong>EMBALLAGE:<\/strong><\/p>\n<p>Quantit\u00e9 nette 30 ml<\/p>\n<p><strong>PRIX:<\/strong><\/p>\n<p>\u20ac 16,00<\/p>\n<p>COMPL\u00c9MENT ALIMENTAIRE \u00c0 BASE DE PLANTES ET D\u00c9RIV\u00c9S<\/p>\n<p>Voir la fiche technique ci-dessous<\/p>","protected":false},"featured_media":8241,"comment_status":"open","ping_status":"closed","template":"","meta":{"_acf_changed":false},"product_cat":[93,72,67],"product_tag":[145,146,151,152],"acf":[],"_links":{"self":[{"href":"https:\/\/lemuria.it\/fr\/wp-json\/wp\/v2\/product\/8240"}],"collection":[{"href":"https:\/\/lemuria.it\/fr\/wp-json\/wp\/v2\/product"}],"about":[{"href":"https:\/\/lemuria.it\/fr\/wp-json\/wp\/v2\/types\/product"}],"replies":[{"embeddable":true,"href":"https:\/\/lemuria.it\/fr\/wp-json\/wp\/v2\/comments?post=8240"}],"wp:featuredmedia":[{"embeddable":true,"href":"https:\/\/lemuria.it\/fr\/wp-json\/wp\/v2\/media\/8241"}],"wp:attachment":[{"href":"https:\/\/lemuria.it\/fr\/wp-json\/wp\/v2\/media?parent=8240"}],"wp:term":[{"taxonomy":"product_cat","embeddable":true,"href":"https:\/\/lemuria.it\/fr\/wp-json\/wp\/v2\/product_cat?post=8240"},{"taxonomy":"product_tag","embeddable":true,"href":"https:\/\/lemuria.it\/fr\/wp-json\/wp\/v2\/product_tag?post=8240"}],"curies":[{"name":"wp","href":"https:\/\/api.w.org\/{rel}","templated":true}]}}