{"id":8231,"date":"2015-04-14T10:26:51","date_gmt":"2015-04-14T08:26:51","guid":{"rendered":"https:\/\/www.lemuria.it\/product\/tuxs-baby\/"},"modified":"2022-01-08T16:43:56","modified_gmt":"2022-01-08T15:43:56","slug":"tuxs-baby","status":"publish","type":"product","link":"https:\/\/lemuria.it\/fr\/produit\/smokings-bebe\/","title":{"rendered":"SMOKING B\u00c9B\u00c9"},"content":{"rendered":"<p><strong>VALENCE PHYSIOLOGIQUE<\/strong><\/p>\n<p>Les fleurs de primev\u00e8re et de mauve favorisent la fluidit\u00e9 des s\u00e9cr\u00e9tions bronchiques. La racine de <strong>r\u00e9glisse<\/strong> et la guimauve et les sommit\u00e9s de thym favorisent le bien-\u00eatre du nez et de la gorge.<\/p>\n<p>&nbsp;<\/p>\n<p><strong>INGR\u00c9DIENTS<\/strong><\/p>\n<p>Eau, fructose, miel de citron vert, <strong>R\u00e9glisse<\/strong> (Glycirrhiza glabra L.) m\u00e9sange racine. \u00e0 4,5% dans un extrait aqueux d&#039;acide glycyrrhizique D:E 1:1, m\u00e9sange racine de guimauve (Althaaea officinalis L.). \u00e0 6-8% dans un extrait aqueux de mucilage D:E 1:1, Fleurs et feuilles de Mauve (Malva (Malva sylvestris L.) tit. \u00e0 6-8% dans un extrait aqueux de mucilage D:E 1:1, Jus concentr\u00e9 de baies, Onagre (Primula officinalis Hill.) extrait aqueux de fleurs D:E 1:1, Thym (Thymus vulgaris L.) titr\u00e9 en haut \u00e0 1,2% dans un extrait aqueux d&#039;huile essentielle D:E 1:1, Conservateur : sorbate de potassium<\/p>\n<p>&nbsp;<\/p>\n<p>&nbsp;<\/p>\n<p><strong>CONSEILS D&#039;UTILISATION<\/strong><\/p>\n<p>Pour une utilisation correcte, il est recommand\u00e9 de prendre une demi-cuill\u00e8re \u00e0 caf\u00e9 ou 1 cuill\u00e8re \u00e0 caf\u00e9, 3 ou 4 fois par jour. Le produit peut \u00eatre pris tel quel ou dilu\u00e9 dans de l&#039;eau.<\/p>\n<p>&nbsp;<\/p>\n<p><strong>EMBALLAGE:<br \/>\n<\/strong><\/p>\n<p>Flacon de 100 ml<\/p>\n<\/p>\n<\/p>\n<\/p>\n<\/p>\n<\/p>\n<\/p><\/p>","protected":false},"excerpt":{"rendered":"<p><strong>S\u00c9CR\u00c9TIONS BRONCHIQUES<\/strong><\/p>\n<p>Les fleurs de primev\u00e8re et de mauve favorisent la fluidit\u00e9 des s\u00e9cr\u00e9tions bronchiques. La racine de <strong>r\u00e9glisse<\/strong> et la guimauve et les sommit\u00e9s de thym favorisent le bien-\u00eatre du nez et de la gorge.<\/p>\n<p><strong>EMBALLAGE:<br \/>\n<\/strong><\/p>\n<p>Flacon de 100 ml<\/p>\n<p><strong>PRIX:<\/strong><\/p>\n<p>\u20ac10,50<\/p>\n<p>Solution buvable<\/p>\n<p><strong>SANS ALCOOL<\/strong><\/p>\n<p>COMPL\u00c9MENT ALIMENTAIRE \u00c0 BASE D&#039;EXTRAITS DE PLANTES<\/p>\n<p>Voir la fiche technique ci-dessous<\/p>","protected":false},"featured_media":8787,"comment_status":"open","ping_status":"closed","template":"","meta":{"_acf_changed":false},"product_cat":[85,100,84,67],"product_tag":[136,143,142,144],"acf":[],"_links":{"self":[{"href":"https:\/\/lemuria.it\/fr\/wp-json\/wp\/v2\/product\/8231"}],"collection":[{"href":"https:\/\/lemuria.it\/fr\/wp-json\/wp\/v2\/product"}],"about":[{"href":"https:\/\/lemuria.it\/fr\/wp-json\/wp\/v2\/types\/product"}],"replies":[{"embeddable":true,"href":"https:\/\/lemuria.it\/fr\/wp-json\/wp\/v2\/comments?post=8231"}],"wp:featuredmedia":[{"embeddable":true,"href":"https:\/\/lemuria.it\/fr\/wp-json\/wp\/v2\/media\/8787"}],"wp:attachment":[{"href":"https:\/\/lemuria.it\/fr\/wp-json\/wp\/v2\/media?parent=8231"}],"wp:term":[{"taxonomy":"product_cat","embeddable":true,"href":"https:\/\/lemuria.it\/fr\/wp-json\/wp\/v2\/product_cat?post=8231"},{"taxonomy":"product_tag","embeddable":true,"href":"https:\/\/lemuria.it\/fr\/wp-json\/wp\/v2\/product_tag?post=8231"}],"curies":[{"name":"wp","href":"https:\/\/api.w.org\/{rel}","templated":true}]}}