{"id":8221,"date":"2015-04-14T09:44:28","date_gmt":"2015-04-14T07:44:28","guid":{"rendered":"https:\/\/www.lemuria.it\/product\/mamma\/"},"modified":"2022-01-08T16:56:25","modified_gmt":"2022-01-08T15:56:25","slug":"mamma","status":"publish","type":"product","link":"https:\/\/lemuria.it\/fr\/produit\/maman\/","title":{"rendered":"MAMAN"},"content":{"rendered":"<p><strong>VALENCE PHYSIOLOGIQUE<\/strong><\/p>\n<p>Les plateaux galega favorisent la fonction galactagogue<\/p>\n<p>&nbsp;<\/p>\n<p><strong>INGR\u00c9DIENTS<\/strong><\/p>\n<p>Eau purifi\u00e9e, Fructose, Galega (Galega officinalis L.), extrait aqueux de t\u00eate D\/E 1:1, Cumin (Cuminum cyminum L.) extrait aqueux de fruits D\/E 1:1, Houblon (Humulus lupulus L.), c\u00f4nes ex D\/E 4:1, Ortie (Urtica dioica L.) extrait aqueux sup\u00e9rieur D\/E 1:1, Fenouil (Foeniculum vulgare Mill.) fruits ex D\/E 4:1, Anis (Pimpinella anisum L.), extrait de fruits aqueux D\/E 1:1 Feuilles de Plantain (Plantago Ianceolata L.) extrait aqueux D\/E 1:1, ar\u00f4me naturel, Maltodextrine, Conservateur : sorbate de potassium.<\/p>\n<p>&nbsp;<\/p>\n<p><strong>CONSEILS D&#039;UTILISATION<\/strong><\/p>\n<p>Pour une utilisation correcte, il est recommand\u00e9 de prendre 1 \u00e0 3 cuill\u00e8res \u00e0 caf\u00e9 une fois par jour, entre les repas. Une suggestion optimale serait de prendre 1 grande cuiller\u00e9e du produit dans un litre d&#039;eau \u00e0 boire pendant la journ\u00e9e, en tout cas entre les repas.<\/p>\n<p>&nbsp;<\/p>\n<p><strong>EMBALLAGE:<br \/>\n<\/strong><\/p>\n<p>Flacon de 100 ml<\/p>\n<\/p>\n<\/p>\n<\/p>\n<\/p>\n<\/p>\n<\/p><\/p>","protected":false},"excerpt":{"rendered":"<p><strong>POUR LA M\u00c8RE ALLAITANTE<\/strong><\/p>\n<p>Les plateaux galega favorisent la fonction galactagogue<\/p>\n<p><strong>EMBALLAGE:<br \/>\n<\/strong><\/p>\n<p>Flacon de 100 ml<\/p>\n<p><strong>PRIX:<\/strong><\/p>\n<p>\u20ac 14,50<\/p>\n<p><strong>SANS ALCOOL<\/strong><\/p>\n<p>COMPL\u00c9MENT ALIMENTAIRE \u00c0 BASE D&#039;EXTRAITS DE PLANTES<\/p>\n<p>Voir la fiche technique ci-dessous<\/p>","protected":false},"featured_media":8223,"comment_status":"open","ping_status":"closed","template":"","meta":{"_acf_changed":false},"product_cat":[87,100,67],"product_tag":[137,131,136],"acf":[],"_links":{"self":[{"href":"https:\/\/lemuria.it\/fr\/wp-json\/wp\/v2\/product\/8221"}],"collection":[{"href":"https:\/\/lemuria.it\/fr\/wp-json\/wp\/v2\/product"}],"about":[{"href":"https:\/\/lemuria.it\/fr\/wp-json\/wp\/v2\/types\/product"}],"replies":[{"embeddable":true,"href":"https:\/\/lemuria.it\/fr\/wp-json\/wp\/v2\/comments?post=8221"}],"wp:featuredmedia":[{"embeddable":true,"href":"https:\/\/lemuria.it\/fr\/wp-json\/wp\/v2\/media\/8223"}],"wp:attachment":[{"href":"https:\/\/lemuria.it\/fr\/wp-json\/wp\/v2\/media?parent=8221"}],"wp:term":[{"taxonomy":"product_cat","embeddable":true,"href":"https:\/\/lemuria.it\/fr\/wp-json\/wp\/v2\/product_cat?post=8221"},{"taxonomy":"product_tag","embeddable":true,"href":"https:\/\/lemuria.it\/fr\/wp-json\/wp\/v2\/product_tag?post=8221"}],"curies":[{"name":"wp","href":"https:\/\/api.w.org\/{rel}","templated":true}]}}