{"id":8218,"date":"2015-04-13T19:23:02","date_gmt":"2015-04-13T17:23:02","guid":{"rendered":"https:\/\/www.lemuria.it\/product\/forza-baby\/"},"modified":"2022-01-08T17:01:50","modified_gmt":"2022-01-08T16:01:50","slug":"forza-baby","status":"publish","type":"product","link":"https:\/\/lemuria.it\/fr\/produit\/forza-baby\/","title":{"rendered":"ALLEZ B\u00c9B\u00c9"},"content":{"rendered":"<p><strong>VALENCE PHYSIOLOGIQUE<\/strong><\/p>\n<p>La radice di echinacea favorisce le naturali difese dell\u2019organismo e la funzionalit\u00e0 delle prive vie respiratorie. I frutti di rosa canina hanno attivit\u00e0 di sostegno e ricostituente. La radice di altea favorisce la funzionalit\u00e0 delle mucose dell\u2019apparato respiratorio ed il benessere della gola. La vitamina C contribuisce alla normale funzione del sistema immunitario.<\/p>\n<p>&nbsp;<\/p>\n<p><strong>INGR\u00c9DIENTS<\/strong><\/p>\n<p>Fruttosio, Acqua, Succo di arancio, Succo di carota, Succo di limone, Echinacea (Echinacea angustifolia DC) radice e.s. tit. al 2% in echinacoside, Rosa (Rosa Canina L.) frutto e.s. tit. al 10% in acido ascorbico (Vitamina C), Altea (Althaea officinalis L.) radice e.s. D\/E 10:1, Aromi. Conservanti: potassio sorbato e sodio benzoato.<\/p>\n<p>&nbsp;<\/p>\n<p>&nbsp;<\/p>\n<p><strong>CONSEILS D&#039;UTILISATION<\/strong><\/p>\n<p>Per un corretto uso si consiglia di assumere 1 o 2 cucchiaini 1 o 2 volte al giorno. Il prodotto pu\u00f2 essere assunto tal quale oppure diluito in acqua.<\/p>\n<p>&nbsp;<\/p>\n<p><strong>EMBALLAGE:<br \/>\n<\/strong><\/p>\n<p>Flacon de 100 ml<\/p>\n<\/p>\n<\/p>\n<\/p>\n<\/p>\n<\/p>\n<\/p><\/p>","protected":false},"excerpt":{"rendered":"<p><strong>NATURALI DIFESE<\/strong><\/p>\n<p>La radice di echinacea favorisce le naturali difese dell\u2019organismo e la funzionalit\u00e0 delle prive vie respiratorie. I frutti di rosa canina hanno attivit\u00e0 di sostegno e ricostituente. La radice di altea favorisce la funzionalit\u00e0 delle mucose dell\u2019apparato respiratorio ed il benessere della gola. La vitamina C contribuisce alla normale funzione del sistema immunitario.<\/p>\n<p><strong>EMBALLAGE:<br \/>\n<\/strong><\/p>\n<p>Flacon de 100 ml<\/p>\n<p><strong>PRIX:<\/strong><\/p>\n<p>\u20ac 14,50<\/p>\n<p><strong>SANS ALCOOL<\/strong><\/p>\n<p>COMPL\u00c9MENT ALIMENTAIRE \u00c0 BASE D&#039;EXTRAITS DE PLANTES<\/p>\n<p>Voir la fiche technique ci-dessous<\/p>","protected":false},"featured_media":8219,"comment_status":"open","ping_status":"closed","template":"","meta":{"_acf_changed":false},"product_cat":[85,69,100,84,67],"product_tag":[134,131],"acf":[],"_links":{"self":[{"href":"https:\/\/lemuria.it\/fr\/wp-json\/wp\/v2\/product\/8218"}],"collection":[{"href":"https:\/\/lemuria.it\/fr\/wp-json\/wp\/v2\/product"}],"about":[{"href":"https:\/\/lemuria.it\/fr\/wp-json\/wp\/v2\/types\/product"}],"replies":[{"embeddable":true,"href":"https:\/\/lemuria.it\/fr\/wp-json\/wp\/v2\/comments?post=8218"}],"wp:featuredmedia":[{"embeddable":true,"href":"https:\/\/lemuria.it\/fr\/wp-json\/wp\/v2\/media\/8219"}],"wp:attachment":[{"href":"https:\/\/lemuria.it\/fr\/wp-json\/wp\/v2\/media?parent=8218"}],"wp:term":[{"taxonomy":"product_cat","embeddable":true,"href":"https:\/\/lemuria.it\/fr\/wp-json\/wp\/v2\/product_cat?post=8218"},{"taxonomy":"product_tag","embeddable":true,"href":"https:\/\/lemuria.it\/fr\/wp-json\/wp\/v2\/product_tag?post=8218"}],"curies":[{"name":"wp","href":"https:\/\/api.w.org\/{rel}","templated":true}]}}