{"id":8193,"date":"2015-04-13T18:32:45","date_gmt":"2015-04-13T16:32:45","guid":{"rendered":"https:\/\/www.lemuria.it\/product\/e-t-ribes-nero-100ml\/"},"modified":"2022-01-08T17:19:20","modified_gmt":"2022-01-08T16:19:20","slug":"e-t-ribes-nero-100ml","status":"publish","type":"product","link":"https:\/\/lemuria.it\/fr\/produit\/et-cassis-100ml\/","title":{"rendered":"ET CASSIS 100ml"},"content":{"rendered":"<p><strong>VALENCE PHYSIOLOGIQUE<\/strong><\/p>\n<p>Les feuilles de cassis favorisent le bien-\u00eatre du nez et de la gorge.<\/p>\n<p>&nbsp;<\/p>\n<p><strong>INGR\u00c9DIENTS<\/strong><\/p>\n<p>Fructose, Eau, Feuilles de Cassis (Ribes nigrum L.), extrait (D:E=1=1). Il s&#039;agit d&#039;un extrait total 1:1 dans une solution de fructose 70%.<\/p>\n<p>&nbsp;<\/p>\n<p><strong>CONSEILS D&#039;UTILISATION<\/strong><\/p>\n<p>Enfants \u00e2g\u00e9s de 12 ans : 10 gouttes (une demi-cuill\u00e8re \u00e0 caf\u00e9) 3 fois par jour. Enfants \u00e0 partir de 6 ans : 6 gouttes 3 fois par jour. Adultes : 20 gouttes (1 petite cuill\u00e8re \u00e0 caf\u00e9) 2\/3 fois par jour. Les gouttes peuvent \u00eatre prises telles quelles directement dans la bouche ou dilu\u00e9es dans un peu de liquide.<\/p>\n<p>&nbsp;<\/p>\n<p><strong>EMBALLAGE:<br \/>\n<\/strong><\/p>\n<p>Flacon de 100 ml<\/p>","protected":false},"excerpt":{"rendered":"<p><em><strong>Cassis (Ribes nigrum L.)<\/strong><\/em><\/p>\n<p>Les feuilles de cassis favorisent le bien-\u00eatre du nez et de la gorge.<\/p>\n<p><strong>EMBALLAGE:<br \/>\n<\/strong><\/p>\n<p>Flacon de 100 ml<\/p>\n<p><strong>PRIX:<\/strong><\/p>\n<p>\u20ac 28,00<\/p>\n<p>COMPL\u00c9MENT ALIMENTAIRE \u00c0 BASE DE PLANTES ET D\u00c9RIV\u00c9S<\/p>\n<p>Voir la fiche technique ci-dessous<\/p>","protected":false},"featured_media":8809,"comment_status":"open","ping_status":"closed","template":"","meta":{"_acf_changed":false},"product_cat":[68,62,82,84,67],"product_tag":[65,64,124],"acf":[],"_links":{"self":[{"href":"https:\/\/lemuria.it\/fr\/wp-json\/wp\/v2\/product\/8193"}],"collection":[{"href":"https:\/\/lemuria.it\/fr\/wp-json\/wp\/v2\/product"}],"about":[{"href":"https:\/\/lemuria.it\/fr\/wp-json\/wp\/v2\/types\/product"}],"replies":[{"embeddable":true,"href":"https:\/\/lemuria.it\/fr\/wp-json\/wp\/v2\/comments?post=8193"}],"wp:featuredmedia":[{"embeddable":true,"href":"https:\/\/lemuria.it\/fr\/wp-json\/wp\/v2\/media\/8809"}],"wp:attachment":[{"href":"https:\/\/lemuria.it\/fr\/wp-json\/wp\/v2\/media?parent=8193"}],"wp:term":[{"taxonomy":"product_cat","embeddable":true,"href":"https:\/\/lemuria.it\/fr\/wp-json\/wp\/v2\/product_cat?post=8193"},{"taxonomy":"product_tag","embeddable":true,"href":"https:\/\/lemuria.it\/fr\/wp-json\/wp\/v2\/product_tag?post=8193"}],"curies":[{"name":"wp","href":"https:\/\/api.w.org\/{rel}","templated":true}]}}