{"id":8187,"date":"2015-04-13T18:28:14","date_gmt":"2015-04-13T16:28:14","guid":{"rendered":"https:\/\/www.lemuria.it\/product\/e-t-pilosella\/"},"modified":"2022-01-08T17:23:21","modified_gmt":"2022-01-08T16:23:21","slug":"e-t-pilosella","status":"publish","type":"product","link":"https:\/\/lemuria.it\/fr\/produit\/e-t-pilosella\/","title":{"rendered":"ET PILOSELLA"},"content":{"rendered":"<p><strong>VALENCE PHYSIOLOGIQUE<\/strong><\/p>\n<p>L\u2019erba di pilosella favorisce il drenaggio dei liquidi corporei e la fluidit\u00e0 delle secrezioni bronchiali.<\/p>\n<p>&nbsp;<\/p>\n<p><strong>INGR\u00c9DIENTS<\/strong><\/p>\n<p>Fruttosio, Acqua, Pilosella (Hieracium pilosella L.), erba, estratto (D:E=1=1). Trattasi di estratto totale 1:1 in fruttosio soluzione 70%.<\/p>\n<p>&nbsp;<\/p>\n<p><strong>CONSEILS D&#039;UTILISATION<\/strong><\/p>\n<p>Pour une utilisation correcte, il est recommand\u00e9 de prendre 20 gouttes 3 fois par jour, en dehors des repas principaux. Le produit peut \u00eatre pris tel quel ou dilu\u00e9 dans de l&#039;eau.<\/p>\n<p>&nbsp;<\/p>\n<p><strong>EMBALLAGE:<br \/>\n<\/strong><\/p>\n<p>Flacon de 30 ml<\/p>","protected":false},"excerpt":{"rendered":"<p><em><strong>Pilosella (Hieracium pilosella L.)<\/strong><\/em><\/p>\n<p>L\u2019erba di pilosella favorisce il drenaggio dei liquidi corporei e la fluidit\u00e0 delle secrezioni bronchiali.<\/p>\n<p><strong>EMBALLAGE:<br \/>\n<\/strong><\/p>\n<p>Flacon de 30 ml<\/p>\n<p><strong>PRIX:<\/strong><\/p>\n<p>\u20ac 13,00<\/p>\n<p>COMPL\u00c9MENT ALIMENTAIRE \u00c0 BASE DE PLANTES ET D\u00c9RIV\u00c9S<\/p>\n<p>Voir la fiche technique ci-dessous<\/p>","protected":false},"featured_media":8817,"comment_status":"open","ping_status":"closed","template":"","meta":{"_acf_changed":false},"product_cat":[81,309,62,292,67,289],"product_tag":[65,64,123],"acf":[],"_links":{"self":[{"href":"https:\/\/lemuria.it\/fr\/wp-json\/wp\/v2\/product\/8187"}],"collection":[{"href":"https:\/\/lemuria.it\/fr\/wp-json\/wp\/v2\/product"}],"about":[{"href":"https:\/\/lemuria.it\/fr\/wp-json\/wp\/v2\/types\/product"}],"replies":[{"embeddable":true,"href":"https:\/\/lemuria.it\/fr\/wp-json\/wp\/v2\/comments?post=8187"}],"wp:featuredmedia":[{"embeddable":true,"href":"https:\/\/lemuria.it\/fr\/wp-json\/wp\/v2\/media\/8817"}],"wp:attachment":[{"href":"https:\/\/lemuria.it\/fr\/wp-json\/wp\/v2\/media?parent=8187"}],"wp:term":[{"taxonomy":"product_cat","embeddable":true,"href":"https:\/\/lemuria.it\/fr\/wp-json\/wp\/v2\/product_cat?post=8187"},{"taxonomy":"product_tag","embeddable":true,"href":"https:\/\/lemuria.it\/fr\/wp-json\/wp\/v2\/product_tag?post=8187"}],"curies":[{"name":"wp","href":"https:\/\/api.w.org\/{rel}","templated":true}]}}