{"id":8176,"date":"2015-04-13T18:18:36","date_gmt":"2015-04-13T16:18:36","guid":{"rendered":"https:\/\/www.lemuria.it\/product\/e-t-mirtillo\/"},"modified":"2022-01-08T17:32:50","modified_gmt":"2022-01-08T16:32:50","slug":"e-t-mirtillo","status":"publish","type":"product","link":"https:\/\/lemuria.it\/fr\/produit\/e-t-mirtillo\/","title":{"rendered":"ET BLEUET"},"content":{"rendered":"<p><strong>VALENCE PHYSIOLOGIQUE<\/strong><\/p>\n<p>I frutti di mirtillo favoriscono il benessere della vista e la funzionalit\u00e0 del microcircolo.<\/p>\n<p>&nbsp;<\/p>\n<p><strong>INGR\u00c9DIENTS<\/strong><\/p>\n<p>Fruttosio, Acqua, Mirtillo (Vaccinium myrtillus L.), frutti, estratto (D:E=1=1). Trattasi di estratto totale 1:1 in fruttosio soluzione 70%.<\/p>\n<p>&nbsp;<\/p>\n<p><strong>CONSEILS D&#039;UTILISATION<\/strong><\/p>\n<p>Adulti: 20 gocce 3 volte al d\u00ec. Le gocce possono essere assunte tale quali direttamente in bocca o diluite in poco liquido.<\/p>\n<p>&nbsp;<\/p>\n<p><strong>EMBALLAGE:<br \/>\n<\/strong><\/p>\n<p>Flacon de 30 ml<\/p>","protected":false},"excerpt":{"rendered":"<p><em><strong>Mirtillo (Vaccinium myrtillus L.)<\/strong><\/em><\/p>\n<p>I frutti di mirtillo favoriscono il benessere della vista e la funzionalit\u00e0 del microcircolo.<\/p>\n<p><strong>EMBALLAGE:<br \/>\n<\/strong><\/p>\n<p>Flacon de 30 ml<\/p>\n<p><strong>PRIX:<\/strong><\/p>\n<p>\u20ac 13,00<\/p>\n<p>COMPL\u00c9MENT ALIMENTAIRE \u00c0 BASE DE PLANTES ET D\u00c9RIV\u00c9S<\/p>\n<p>Voir la fiche technique ci-dessous<\/p>","protected":false},"featured_media":8806,"comment_status":"open","ping_status":"closed","template":"","meta":{"_acf_changed":false},"product_cat":[78,62,292,67],"product_tag":[65,64,119],"acf":[],"_links":{"self":[{"href":"https:\/\/lemuria.it\/fr\/wp-json\/wp\/v2\/product\/8176"}],"collection":[{"href":"https:\/\/lemuria.it\/fr\/wp-json\/wp\/v2\/product"}],"about":[{"href":"https:\/\/lemuria.it\/fr\/wp-json\/wp\/v2\/types\/product"}],"replies":[{"embeddable":true,"href":"https:\/\/lemuria.it\/fr\/wp-json\/wp\/v2\/comments?post=8176"}],"wp:featuredmedia":[{"embeddable":true,"href":"https:\/\/lemuria.it\/fr\/wp-json\/wp\/v2\/media\/8806"}],"wp:attachment":[{"href":"https:\/\/lemuria.it\/fr\/wp-json\/wp\/v2\/media?parent=8176"}],"wp:term":[{"taxonomy":"product_cat","embeddable":true,"href":"https:\/\/lemuria.it\/fr\/wp-json\/wp\/v2\/product_cat?post=8176"},{"taxonomy":"product_tag","embeddable":true,"href":"https:\/\/lemuria.it\/fr\/wp-json\/wp\/v2\/product_tag?post=8176"}],"curies":[{"name":"wp","href":"https:\/\/api.w.org\/{rel}","templated":true}]}}