{"id":8173,"date":"2015-04-13T18:16:22","date_gmt":"2015-04-13T16:16:22","guid":{"rendered":"https:\/\/www.lemuria.it\/product\/e-t-melissa\/"},"modified":"2022-01-08T17:34:39","modified_gmt":"2022-01-08T16:34:39","slug":"e-t-melissa","status":"publish","type":"product","link":"https:\/\/lemuria.it\/fr\/produit\/e-t-melissa\/","title":{"rendered":"ET M\u00c9LISSA"},"content":{"rendered":"<p><strong>VALENCE PHYSIOLOGIQUE<\/strong><\/p>\n<p>L\u2019erba fiorita di melissa favorisce la regolare motilit\u00e0 gastrointestinale e l\u2019eliminazione dei gas. Favorisce inoltre il rilassamento e il benessere mentale, nonch\u00e9 un normale tono dell\u2019umore.<\/p>\n<p>&nbsp;<\/p>\n<p><strong>INGR\u00c9DIENTS<\/strong><\/p>\n<p>Fruttosio, Acqua, Melissa (Melissa officinalis L.), erba fiorita, estratto (D:E=1=1). Trattasi di estratto totale 1:1 in fruttosio soluzione 70%.<\/p>\n<p>&nbsp;<\/p>\n<p><strong>CONSEILS D&#039;UTILISATION<\/strong><\/p>\n<p>Adulti: 20 gocce 3 volte al d\u00ec. Le gocce possono essere assunte tale quali direttamente in bocca o diluite in poco liquido.<\/p>\n<p>&nbsp;<\/p>\n<p><strong>EMBALLAGE:<br \/>\n<\/strong><\/p>\n<p>Flacon de 30 ml<\/p>","protected":false},"excerpt":{"rendered":"<p><em><strong>Melissa (Melissa officinalis L.)<\/strong><\/em><\/p>\n<p>L\u2019erba fiorita di melissa favorisce la regolare motilit\u00e0 gastrointestinale e l\u2019eliminazione dei gas. Favorisce inoltre il rilassamento e il benessere mentale, nonch\u00e9 un normale tono dell\u2019umore.<\/p>\n<p><strong>EMBALLAGE:<br \/>\n<\/strong><\/p>\n<p>Flacon de 30 ml<\/p>\n<p><strong>PRIX:<\/strong><\/p>\n<p>\u20ac 13,00<\/p>\n<p>COMPL\u00c9MENT ALIMENTAIRE \u00c0 BASE DE PLANTES ET D\u00c9RIV\u00c9S<\/p>\n<p>Voir la fiche technique ci-dessous<\/p>","protected":false},"featured_media":8805,"comment_status":"open","ping_status":"closed","template":"","meta":{"_acf_changed":false},"product_cat":[73,62,80,74,67],"product_tag":[65,64,118],"acf":[],"_links":{"self":[{"href":"https:\/\/lemuria.it\/fr\/wp-json\/wp\/v2\/product\/8173"}],"collection":[{"href":"https:\/\/lemuria.it\/fr\/wp-json\/wp\/v2\/product"}],"about":[{"href":"https:\/\/lemuria.it\/fr\/wp-json\/wp\/v2\/types\/product"}],"replies":[{"embeddable":true,"href":"https:\/\/lemuria.it\/fr\/wp-json\/wp\/v2\/comments?post=8173"}],"wp:featuredmedia":[{"embeddable":true,"href":"https:\/\/lemuria.it\/fr\/wp-json\/wp\/v2\/media\/8805"}],"wp:attachment":[{"href":"https:\/\/lemuria.it\/fr\/wp-json\/wp\/v2\/media?parent=8173"}],"wp:term":[{"taxonomy":"product_cat","embeddable":true,"href":"https:\/\/lemuria.it\/fr\/wp-json\/wp\/v2\/product_cat?post=8173"},{"taxonomy":"product_tag","embeddable":true,"href":"https:\/\/lemuria.it\/fr\/wp-json\/wp\/v2\/product_tag?post=8173"}],"curies":[{"name":"wp","href":"https:\/\/api.w.org\/{rel}","templated":true}]}}