{"id":8155,"date":"2015-04-13T17:49:23","date_gmt":"2015-04-13T15:49:23","guid":{"rendered":"https:\/\/www.lemuria.it\/product\/e-t-echinamixlem\/"},"modified":"2022-01-08T17:45:55","modified_gmt":"2022-01-08T16:45:55","slug":"e-t-echinamixlem","status":"publish","type":"product","link":"https:\/\/lemuria.it\/fr\/produit\/e-t-echinamixlem\/","title":{"rendered":"ET ECHINAMIXLEM"},"content":{"rendered":"<p><strong>VALENCE PHYSIOLOGIQUE<\/strong><\/p>\n<p>Le radici di echinacea favoriscono le naturali difese dell\u2019organismo, la funzionalit\u00e0 delle prime vie respiratorie e il benessere delle vie urinarie.<\/p>\n<p>&nbsp;<\/p>\n<p><strong>INGR\u00c9DIENTS<\/strong><\/p>\n<p>Fruttosio, Acqua, Echinacea angustifolia D.C. radice 34%, Echinacea pallida Nutt radice 33%, Echinacea purpurea Moench L. erba 33%. Trattasi di estratto totale 1:1 in fruttosio soluzione 70%.<\/p>\n<p>&nbsp;<\/p>\n<p>&nbsp;<\/p>\n<p><strong>CONSEILS D&#039;UTILISATION<\/strong><\/p>\n<p>Per un corretto uso si consiglia di assumere 20 gocce 3 volte al giorno, lontano dai pasti principali. Il prodotto pu\u00f2 essere assunto tale quale oppure diluito in acqua.<\/p>\n<p>&nbsp;<\/p>\n<p><strong>EMBALLAGE:<br \/>\n<\/strong><\/p>\n<p>Flacon de 30 ml<\/p>","protected":false},"excerpt":{"rendered":"<p><em><strong>Echinacea (Echinacea Purpurea Moench, Angustifolia DC, Pallida Nutt)<\/strong><\/em><\/p>\n<p>Le radici di echinacea favoriscono le naturali difese dell\u2019organismo, la funzionalit\u00e0 delle prime vie respiratorie e il benessere delle vie urinarie.<\/p>\n<p><strong>EMBALLAGE:<br \/>\n<\/strong><\/p>\n<p>Flacon de 30 ml<\/p>\n<p><strong>PRIX:<\/strong><\/p>\n<p>\u20ac 17,00<\/p>\n<p>COMPL\u00c9MENT ALIMENTAIRE \u00c0 BASE DE PLANTES ET D\u00c9RIV\u00c9S<\/p>\n<p>Voir la fiche technique ci-dessous<\/p>","protected":false},"featured_media":8798,"comment_status":"open","ping_status":"closed","template":"","meta":{"_acf_changed":false},"product_cat":[69,62,84,67],"product_tag":[65,111,112,64],"acf":[],"_links":{"self":[{"href":"https:\/\/lemuria.it\/fr\/wp-json\/wp\/v2\/product\/8155"}],"collection":[{"href":"https:\/\/lemuria.it\/fr\/wp-json\/wp\/v2\/product"}],"about":[{"href":"https:\/\/lemuria.it\/fr\/wp-json\/wp\/v2\/types\/product"}],"replies":[{"embeddable":true,"href":"https:\/\/lemuria.it\/fr\/wp-json\/wp\/v2\/comments?post=8155"}],"wp:featuredmedia":[{"embeddable":true,"href":"https:\/\/lemuria.it\/fr\/wp-json\/wp\/v2\/media\/8798"}],"wp:attachment":[{"href":"https:\/\/lemuria.it\/fr\/wp-json\/wp\/v2\/media?parent=8155"}],"wp:term":[{"taxonomy":"product_cat","embeddable":true,"href":"https:\/\/lemuria.it\/fr\/wp-json\/wp\/v2\/product_cat?post=8155"},{"taxonomy":"product_tag","embeddable":true,"href":"https:\/\/lemuria.it\/fr\/wp-json\/wp\/v2\/product_tag?post=8155"}],"curies":[{"name":"wp","href":"https:\/\/api.w.org\/{rel}","templated":true}]}}