{"id":8136,"date":"2015-04-13T17:27:32","date_gmt":"2015-04-13T15:27:32","guid":{"rendered":"https:\/\/www.lemuria.it\/product\/e-t-biancospino\/"},"modified":"2022-01-08T17:59:20","modified_gmt":"2022-01-08T16:59:20","slug":"e-t-biancospino","status":"publish","type":"product","link":"https:\/\/lemuria.it\/fr\/produit\/e-t-biancospino\/","title":{"rendered":"ET AUB\u00c9PINE"},"content":{"rendered":"<p><strong>VALENCE PHYSIOLOGIQUE<\/strong><\/p>\n<p>I fiori di biancospino favoriscono la funzionalit\u00e0 dell\u2019apparato cardiovascolare e la regolarit\u00e0 della pressione arteriosa.<\/p>\n<p>&nbsp;<\/p>\n<p>&nbsp;<\/p>\n<p><strong>INGR\u00c9DIENTS<\/strong><\/p>\n<p>Fruttosio, Acqua, Biancospino (Crataegus oxyacantha Medicus), fiori, estratto (D:E=1:1). Trattasi di estratto totale 1:1 in fruttosio soluzione 70%.<\/p>\n<p>&nbsp;<\/p>\n<p>&nbsp;<\/p>\n<p><strong>CONSEILS D&#039;UTILISATION<\/strong><\/p>\n<p>Per un corretto uso si consiglia di assumere 20 gocce 3 volte al giorno. Il prodotto pu\u00f2 essere assunto tal quale o diluito in acqua.<\/p>\n<p>&nbsp;<\/p>\n<p><strong>EMBALLAGE:<br \/>\n<\/strong><\/p>\n<p>Flacon de 30 ml<\/p>","protected":false},"excerpt":{"rendered":"<p><em><strong>Biancospino (Crataegus Oxyacantha Medicus)<\/strong><\/em><\/p>\n<p>I fiori di biancospino favoriscono la funzionalit\u00e0 dell\u2019apparato cardiovascolare e la regolarit\u00e0 della pressione arteriosa.<\/p>\n<p>&nbsp;<\/p>\n<p><strong>EMBALLAGE:<br \/>\n<\/strong><\/p>\n<p>Flacon de 30 ml<\/p>\n<p><strong>PRIX:<\/strong><\/p>\n<p>\u20ac 13,00<\/p>\n<p>&nbsp;<\/p>\n<p>COMPL\u00c9MENT ALIMENTAIRE \u00c0 BASE DE PLANTES ET D\u00c9RIV\u00c9S<\/p>\n<p>Voir la fiche technique ci-dessous<\/p>","protected":false},"featured_media":8792,"comment_status":"open","ping_status":"closed","template":"","meta":{"_acf_changed":false},"product_cat":[73,287,62,71,67],"product_tag":[106,65,64],"acf":[],"_links":{"self":[{"href":"https:\/\/lemuria.it\/fr\/wp-json\/wp\/v2\/product\/8136"}],"collection":[{"href":"https:\/\/lemuria.it\/fr\/wp-json\/wp\/v2\/product"}],"about":[{"href":"https:\/\/lemuria.it\/fr\/wp-json\/wp\/v2\/types\/product"}],"replies":[{"embeddable":true,"href":"https:\/\/lemuria.it\/fr\/wp-json\/wp\/v2\/comments?post=8136"}],"wp:featuredmedia":[{"embeddable":true,"href":"https:\/\/lemuria.it\/fr\/wp-json\/wp\/v2\/media\/8792"}],"wp:attachment":[{"href":"https:\/\/lemuria.it\/fr\/wp-json\/wp\/v2\/media?parent=8136"}],"wp:term":[{"taxonomy":"product_cat","embeddable":true,"href":"https:\/\/lemuria.it\/fr\/wp-json\/wp\/v2\/product_cat?post=8136"},{"taxonomy":"product_tag","embeddable":true,"href":"https:\/\/lemuria.it\/fr\/wp-json\/wp\/v2\/product_tag?post=8136"}],"curies":[{"name":"wp","href":"https:\/\/api.w.org\/{rel}","templated":true}]}}